{"id":4365,"date":"2022-08-17T14:01:18","date_gmt":"2022-08-17T14:01:18","guid":{"rendered":"https:\/\/www.ursviken.com\/losningar\/pole-processing\/"},"modified":"2023-12-08T14:50:34","modified_gmt":"2023-12-08T14:50:34","slug":"stolptillverkning","status":"publish","type":"page","link":"https:\/\/www.ursviken.com\/sv\/losningar\/stolptillverkning\/","title":{"rendered":"Stolptillverkning"},"content":{"rendered":"<p>[et_pb_section fb_built=&#8221;1&#8243; _builder_version=&#8221;4.16&#8243; _module_preset=&#8221;default&#8221; custom_margin=&#8221;0px||0px||false|false&#8221; custom_padding=&#8221;0px||0px||false|false&#8221; global_colors_info=&#8221;{}&#8221;][et_pb_row column_structure=&#8221;3_5,2_5&#8243; use_custom_gutter=&#8221;on&#8221; gutter_width=&#8221;1&#8243; make_equal=&#8221;on&#8221; admin_label=&#8221;Row&#8221; _builder_version=&#8221;4.16&#8243; _module_preset=&#8221;default&#8221; width=&#8221;100%&#8221; max_width=&#8221;100%&#8221; custom_margin=&#8221;0px||0px||false|false&#8221; custom_padding=&#8221;0px||0px||false|false&#8221; global_colors_info=&#8221;{}&#8221;][et_pb_column type=&#8221;3_5&#8243; _builder_version=&#8221;4.16&#8243; _module_preset=&#8221;default&#8221; background_image=&#8221;https:\/\/www.ursviken.com\/wp-content\/uploads\/2023\/04\/optima_pressBrake.0001-scaled.jpg&#8221; custom_css_main_element=&#8221;display: block!important;||min-height: 420px!important;&#8221; global_colors_info=&#8221;{}&#8221;][\/et_pb_column][et_pb_column type=&#8221;2_5&#8243; _builder_version=&#8221;4.16&#8243; _module_preset=&#8221;default&#8221; background_color=&#8221;#dedede&#8221; custom_padding=&#8221;5%|40px|5%|6.5%|false|false&#8221; custom_padding_tablet=&#8221;8%|40px|8%|8%|false|false&#8221; custom_padding_phone=&#8221;8%|40px|8%|8%|false|false&#8221; custom_padding_last_edited=&#8221;on|phone&#8221; global_colors_info=&#8221;{}&#8221;][et_pb_text _builder_version=&#8221;4.16&#8243; _module_preset=&#8221;default&#8221; header_font=&#8221;|300|||||||&#8221; header_2_font=&#8221;|300|||||||&#8221; header_2_font_size=&#8221;48px&#8221; header_font_size_tablet=&#8221;38px&#8221; header_font_size_phone=&#8221;36px&#8221; header_font_size_last_edited=&#8221;on|desktop&#8221; header_2_font_size_tablet=&#8221;44px&#8221; header_2_font_size_phone=&#8221;48px&#8221; header_2_font_size_last_edited=&#8221;on|phone&#8221; locked=&#8221;off&#8221; global_colors_info=&#8221;{}&#8221;]<\/p>\n<h1 class=\"symbol-first-line\">L\u00f6sningar f\u00f6r stolptillverkning<\/h1>\n<p>[\/et_pb_text][et_pb_text _builder_version=&#8221;4.23.1&#8243; _module_preset=&#8221;default&#8221; text_font_size=&#8221;18px&#8221; max_width=&#8221;480px&#8221; max_width_tablet=&#8221;&#8221; max_width_phone=&#8221;&#8221; max_width_last_edited=&#8221;on|phone&#8221; hover_enabled=&#8221;0&#8243; global_colors_info=&#8221;{}&#8221; sticky_enabled=&#8221;0&#8243;]<\/p>\n<p>Tillverkning av ledningsstolpar kr\u00e4ver en kantpress med stor presskraft och med en b\u00e4dd som rymmer \u00f6ver 20 m l\u00e5nga stolpar.<\/p>\n<p>[\/et_pb_text][\/et_pb_column][\/et_pb_row][\/et_pb_section][et_pb_section fb_built=&#8221;1&#8243; _builder_version=&#8221;4.16&#8243; _module_preset=&#8221;default&#8221; custom_padding=&#8221;||0px|||&#8221; global_colors_info=&#8221;{}&#8221;][et_pb_row _builder_version=&#8221;4.16&#8243; _module_preset=&#8221;default&#8221; background_color=&#8221;RGBA(255,255,255,0)&#8221; max_width=&#8221;880px&#8221; custom_padding=&#8221;||||false|false&#8221; global_colors_info=&#8221;{}&#8221;][et_pb_column type=&#8221;4_4&#8243; _builder_version=&#8221;4.16&#8243; _module_preset=&#8221;default&#8221; global_colors_info=&#8221;{}&#8221;][et_pb_video src=&#8221;https:\/\/www.ursviken.com\/wp-content\/uploads\/2022\/03\/optima.mp4&#8243; image_src=&#8221;https:\/\/www.ursviken.com\/wp-content\/uploads\/2022\/08\/Screen-Shot-2022-08-25-at-10.24.26-AM.png&#8221; play_icon_color=&#8221;#000000&#8243; disabled_on=&#8221;off|off|off&#8221; _builder_version=&#8221;4.16&#8243; _module_preset=&#8221;default&#8221; width=&#8221;100%&#8221; max_width=&#8221;100%&#8221; custom_margin=&#8221;0px|0px|60px|0px|false|false&#8221; custom_padding=&#8221;0px|0px||0px|false|false&#8221; locked=&#8221;off&#8221; global_colors_info=&#8221;{}&#8221; play_icon_color__hover_enabled=&#8221;on|hover&#8221; play_icon_color__hover=&#8221;#FFFFFF&#8221;][\/et_pb_video][et_pb_text _builder_version=&#8221;4.16&#8243; _module_preset=&#8221;default&#8221; min_height=&#8221;7.8px&#8221; global_colors_info=&#8221;{}&#8221;][\/et_pb_text][\/et_pb_column][\/et_pb_row][\/et_pb_section][et_pb_section fb_built=&#8221;1&#8243; _builder_version=&#8221;4.16&#8243; _module_preset=&#8221;default&#8221; custom_padding=&#8221;||0px||false|false&#8221; global_colors_info=&#8221;{}&#8221;][et_pb_row column_structure=&#8221;1_2,1_2&#8243; use_custom_gutter=&#8221;on&#8221; gutter_width=&#8221;1&#8243; make_equal=&#8221;on&#8221; admin_label=&#8221;Row&#8221; _builder_version=&#8221;4.16&#8243; _module_preset=&#8221;default&#8221; width=&#8221;100%&#8221; max_width=&#8221;100%&#8221; custom_margin=&#8221;0px||0px||false|false&#8221; custom_padding=&#8221;0px||0px||false|false&#8221; global_colors_info=&#8221;{}&#8221;][et_pb_column type=&#8221;1_2&#8243; _builder_version=&#8221;4.16&#8243; _module_preset=&#8221;default&#8221; background_image=&#8221;https:\/\/www.ursviken.com\/wp-content\/uploads\/2021\/12\/EdelPhoto-1415.jpg&#8221; custom_css_main_element=&#8221;display: block!important;||min-height: 420px!important;&#8221; global_colors_info=&#8221;{}&#8221;][\/et_pb_column][et_pb_column type=&#8221;1_2&#8243; _builder_version=&#8221;4.16&#8243; _module_preset=&#8221;default&#8221; background_color=&#8221;#dedede&#8221; custom_padding=&#8221;5%|40px|5%|6.5%|false|false&#8221; custom_padding_tablet=&#8221;8%|8%|8%|40px|false|false&#8221; custom_padding_phone=&#8221;8%|8%|8%|40px|false|false&#8221; custom_padding_last_edited=&#8221;on|tablet&#8221; global_colors_info=&#8221;{}&#8221;][et_pb_text _builder_version=&#8221;4.23.1&#8243; _module_preset=&#8221;default&#8221; header_3_font_size=&#8221;36px&#8221; hover_enabled=&#8221;0&#8243; global_colors_info=&#8221;{}&#8221; sticky_enabled=&#8221;0&#8243;]<\/p>\n<h3>Precision signerad Ursviken.<\/h3>\n<p>[\/et_pb_text][et_pb_text _builder_version=&#8221;4.23.1&#8243; _module_preset=&#8221;default&#8221; custom_padding=&#8221;0px|||||&#8221; hover_enabled=&#8221;0&#8243; global_colors_info=&#8221;{}&#8221; sticky_enabled=&#8221;0&#8243;]<\/p>\n<p>Exakt, repeterbar prestanda \u00e4r ett av k\u00e4nnetecknen f\u00f6r kantpressarna fr\u00e5n Ursviken som gjort oss till v\u00e4rldsledande p\u00e5 precisionsbockning av metall, \u00e4nda fr\u00e5n starten 1902 d\u00e5 vi byggde v\u00e5r f\u00f6rsta maskin.<\/p>\n<p>Ursvikens kantpressar i Optimaserien \u00e4r alltid skr\u00e4ddarsydda enligt kundens specifikationer.<\/p>\n<ul><\/ul>\n<p>[\/et_pb_text][\/et_pb_column][\/et_pb_row][et_pb_row _builder_version=&#8221;4.16&#8243; _module_preset=&#8221;default&#8221; custom_margin=&#8221;||40px||false|false&#8221; custom_margin_tablet=&#8221;||20px||false|false&#8221; custom_margin_phone=&#8221;||20px||false|false&#8221; custom_margin_last_edited=&#8221;on|tablet&#8221; custom_padding=&#8221;||0px||false|false&#8221; custom_css_main_element=&#8221;display: flex;||align-items: center;&#8221; locked=&#8221;off&#8221; global_colors_info=&#8221;{}&#8221; custom_css_main_element_last_edited=&#8221;on|phone&#8221; custom_css_main_element_phone=&#8221;display: flex;||align-items: center;||flex-direction: column-reverse;&#8221; custom_css_main_element_tablet=&#8221;display: flex;||flex-direction: column-reverse;&#8221;][et_pb_column type=&#8221;4_4&#8243; _builder_version=&#8221;4.16&#8243; _module_preset=&#8221;default&#8221; global_colors_info=&#8221;{}&#8221;][et_pb_text _builder_version=&#8221;4.23.1&#8243; _module_preset=&#8221;default&#8221; header_3_font_size=&#8221;36px&#8221; custom_margin_tablet=&#8221;||||false|false&#8221; custom_margin_phone=&#8221;||||false|false&#8221; custom_margin_last_edited=&#8221;on|tablet&#8221; hover_enabled=&#8221;0&#8243; global_colors_info=&#8221;{}&#8221; sticky_enabled=&#8221;0&#8243;]<\/p>\n<h3 class=\"symbol-first-line\">Hur kan Ursviken hj\u00e4lpa er att n\u00e5 era m\u00e5l?<\/h3>\n<p>[\/et_pb_text][\/et_pb_column][\/et_pb_row][et_pb_row column_structure=&#8221;1_3,1_3,1_3&#8243; _builder_version=&#8221;4.16&#8243; _module_preset=&#8221;default&#8221; global_colors_info=&#8221;{}&#8221;][et_pb_column type=&#8221;1_3&#8243; _builder_version=&#8221;4.16&#8243; _module_preset=&#8221;default&#8221; global_colors_info=&#8221;{}&#8221;][et_pb_text _builder_version=&#8221;4.23.1&#8243; _module_preset=&#8221;default&#8221; hover_enabled=&#8221;0&#8243; text_text_color_tablet=&#8221;#000000&#8243; text_text_color_phone=&#8221;#000000&#8243; text_text_color_last_edited=&#8221;on|phone&#8221; global_colors_info=&#8221;{}&#8221; content__hover_enabled=&#8221;on|hover&#8221; content__hover=&#8221;<\/p>\n<p>The rigid machine frame ensures high precision during the full machine life span, 30+ years, allowing you to produce current and future high demanding products for a long period of time.<\/p>\n<p>&#8221; transform_styles__hover_enabled=&#8221;on|hover&#8221; transform_scale__hover_enabled=&#8221;on|hover&#8221; transform_translate__hover_enabled=&#8221;on|desktop&#8221; transform_rotate__hover_enabled=&#8221;on|desktop&#8221; transform_skew__hover_enabled=&#8221;on|desktop&#8221; transform_origin__hover_enabled=&#8221;on|desktop&#8221; text_text_color__hover_enabled=&#8221;on|desktop&#8221; text_text_color__hover=&#8221;#0071ba&#8221; transform_scale__hover=&#8221;120%|120%&#8221; sticky_enabled=&#8221;0&#8243;]<\/p>\n<p>Den robusta maskinramen s\u00e4kerst\u00e4ller h\u00f6g precision under maskinens hela livsl\u00e4ngd, minst 30 \u00e5r, vilket g\u00f6r att ni kan tillverka dagens och framtidens kr\u00e4vande produkter under l\u00e5ng tid fram\u00f6ver.<\/p>\n<p>[\/et_pb_text][\/et_pb_column][et_pb_column type=&#8221;1_3&#8243; _builder_version=&#8221;4.16&#8243; _module_preset=&#8221;default&#8221; global_colors_info=&#8221;{}&#8221;][et_pb_text _builder_version=&#8221;4.23.1&#8243; _module_preset=&#8221;default&#8221; hover_enabled=&#8221;0&#8243; text_text_color_tablet=&#8221;#000000&#8243; text_text_color_phone=&#8221;#000000&#8243; text_text_color_last_edited=&#8221;on|phone&#8221; global_colors_info=&#8221;{}&#8221; content__hover_enabled=&#8221;on|hover&#8221; content__hover=&#8221;<\/p>\n<p><span data-contrast=%22auto%22>Ursviken takes extraordinary pride in saying that we have built the largest single (non-tandem) press brake ever made, at 2,500 tons capacity, with a bed length of 20 meters, or a little over sixty-five (65) feet. <\/span><span data-ccp-props=%22{}%22> <\/span><\/p>\n<p>&#8221; transform_styles__hover_enabled=&#8221;on|hover&#8221; transform_scale__hover_enabled=&#8221;on|hover&#8221; transform_translate__hover_enabled=&#8221;on|desktop&#8221; transform_rotate__hover_enabled=&#8221;on|desktop&#8221; transform_skew__hover_enabled=&#8221;on|desktop&#8221; transform_origin__hover_enabled=&#8221;on|desktop&#8221; text_text_color__hover_enabled=&#8221;on|desktop&#8221; text_text_color__hover=&#8221;#0071ba&#8221; transform_scale__hover=&#8221;120%|120%&#8221; sticky_enabled=&#8221;0&#8243;]<\/p>\n<p>FlexiCrown kan kompensera f\u00f6r lokala tjockleksavvikelser i metallen och olikformig f\u00f6rslitning av under- och \u00f6ververktygen. Det resulterar i en mer exakt bockningsprecision l\u00e4ngs hela maskinens l\u00e4ngd.<\/p>\n<p>[\/et_pb_text][\/et_pb_column][et_pb_column type=&#8221;1_3&#8243; _builder_version=&#8221;4.16&#8243; _module_preset=&#8221;default&#8221; global_colors_info=&#8221;{}&#8221;][et_pb_text _builder_version=&#8221;4.23.1&#8243; _module_preset=&#8221;default&#8221; hover_enabled=&#8221;0&#8243; text_text_color_tablet=&#8221;#000000&#8243; text_text_color_phone=&#8221;#000000&#8243; text_text_color_last_edited=&#8221;on|phone&#8221; global_colors_info=&#8221;{}&#8221; content__hover_enabled=&#8221;on|hover&#8221; content__hover=&#8221;<\/p>\n<p><span data-contrast=%22auto%22>Ursviken takes extraordinary pride in saying that we have built the largest single (non-tandem) press brake ever made, at 2,500 tons capacity, with a bed length of 20 meters, or a little over sixty-five (65) feet. <\/span><span data-ccp-props=%22{}%22> <\/span><\/p>\n<p>&#8221; transform_styles__hover_enabled=&#8221;on|hover&#8221; transform_scale__hover_enabled=&#8221;on|hover&#8221; transform_translate__hover_enabled=&#8221;on|desktop&#8221; transform_rotate__hover_enabled=&#8221;on|desktop&#8221; transform_skew__hover_enabled=&#8221;on|desktop&#8221; transform_origin__hover_enabled=&#8221;on|desktop&#8221; text_text_color__hover_enabled=&#8221;on|desktop&#8221; text_text_color__hover=&#8221;#0071ba&#8221; transform_scale__hover=&#8221;120%|120%&#8221; sticky_enabled=&#8221;0&#8243;]<\/p>\n<p>P\u00e5 Ursviken \u00e4r vi stolta \u00f6ver att ha byggt v\u00e4rldens l\u00e4ngsta enkelkantpress (ej tandem) n\u00e5gonsin, med 2 500 tons kapacitet och en b\u00e4ddl\u00e4ngd p\u00e5 20 meter, eller drygt 65 fot.\u00a0<\/p>\n<p>[\/et_pb_text][\/et_pb_column][\/et_pb_row][\/et_pb_section][et_pb_section fb_built=&#8221;1&#8243; _builder_version=&#8221;4.16&#8243; _module_preset=&#8221;default&#8221; global_colors_info=&#8221;{}&#8221;][et_pb_row column_structure=&#8221;1_2,1_2&#8243; use_custom_gutter=&#8221;on&#8221; gutter_width=&#8221;1&#8243; make_equal=&#8221;on&#8221; admin_label=&#8221;Row&#8221; _builder_version=&#8221;4.16&#8243; _module_preset=&#8221;default&#8221; width=&#8221;100%&#8221; max_width=&#8221;100%&#8221; custom_margin=&#8221;0px||0px||false|false&#8221; custom_padding=&#8221;0px||0px||false|false&#8221; global_colors_info=&#8221;{}&#8221;][et_pb_column type=&#8221;1_2&#8243; _builder_version=&#8221;4.16&#8243; _module_preset=&#8221;default&#8221; background_color=&#8221;#dedede&#8221; custom_padding=&#8221;5%|40px|5%|6.5%|false|false&#8221; custom_padding_tablet=&#8221;8%|8%|8%|40px|false|false&#8221; custom_padding_phone=&#8221;8%|8%|8%|40px|false|false&#8221; custom_padding_last_edited=&#8221;on|tablet&#8221; global_colors_info=&#8221;{}&#8221;][et_pb_text _builder_version=&#8221;4.23.1&#8243; _module_preset=&#8221;default&#8221; text_font_size=&#8221;18px&#8221; header_3_font_size=&#8221;36px&#8221; max_width=&#8221;480px&#8221; max_width_tablet=&#8221;&#8221; max_width_phone=&#8221;&#8221; max_width_last_edited=&#8221;on|tablet&#8221; hover_enabled=&#8221;0&#8243; module_alignment_tablet=&#8221;left&#8221; module_alignment_phone=&#8221;left&#8221; module_alignment_last_edited=&#8221;on|phone&#8221; global_colors_info=&#8221;{}&#8221; sticky_enabled=&#8221;0&#8243;]<\/p>\n<h3 class=\"symbol-first-line\">V\u00e4lj r\u00e4tt produkt.<\/h3>\n<p>N\u00e4r det g\u00e4ller bockning av ledningsstolpar \u00e4r det r\u00e4tta produktvalet Optima. Optima kan specialtillverkas f\u00f6r kapacitet fr\u00e5n 400 ton till \u00f6ver 5 000 ton och i l\u00e4ngder fr\u00e5n 4 till 20 m i en enda maskin.<\/p>\n<p>[\/et_pb_text][et_pb_button button_url=&#8221;http:\/\/ursviken.com\/sv\/optima&#8221; button_text=&#8221;L\u00e4s mer&#8221; _builder_version=&#8221;4.23.1&#8243; _module_preset=&#8221;5eeb76c6-4286-418d-b9ff-46a6d4c1599e&#8221; hover_enabled=&#8221;0&#8243; global_colors_info=&#8221;{}&#8221; sticky_enabled=&#8221;0&#8243;][\/et_pb_button][\/et_pb_column][et_pb_column type=&#8221;1_2&#8243; _builder_version=&#8221;4.16&#8243; _module_preset=&#8221;default&#8221; background_image=&#8221;https:\/\/www.ursviken.com\/wp-content\/uploads\/2022\/04\/SSAB_Polen_2_ny_skylt2-scaled.jpg&#8221; custom_css_main_element=&#8221;display: block!important;||min-height: 420px!important;&#8221; global_colors_info=&#8221;{}&#8221;][\/et_pb_column][\/et_pb_row][\/et_pb_section]<\/p>\n","protected":false},"excerpt":{"rendered":"<p>L\u00f6sningar f\u00f6r stolptillverkningTillverkning av ledningsstolpar kr\u00e4ver en kantpress med stor presskraft och med en b\u00e4dd som rymmer \u00f6ver 20 m [&hellip;]<\/p>\n","protected":false},"author":2,"featured_media":0,"parent":4288,"menu_order":0,"comment_status":"closed","ping_status":"closed","template":"","meta":{"_et_pb_use_builder":"on","_et_pb_old_content":"","_et_gb_content_width":"","_improvement_type_select":"improve_an_existing","_thumb_yes_seoaic":false,"_frame_yes_seoaic":false,"seoaic_generate_description":"","seoaic_improve_instructions_prompt":"","seoaic_rollback_content_improvement":"","seoaic_idea_thumbnail_generator":"","thumbnail_generated":false,"thumbnail_generate_prompt":"","seoaic_article_description":"","footnotes":""},"class_list":["post-4365","page","type-page","status-publish","hentry"],"yoast_head":"<!-- This site is optimized with the Yoast SEO plugin v27.5 - https:\/\/yoast.com\/product\/yoast-seo-wordpress\/ -->\n<title>Stolptillverkning - Ursviken<\/title>\n<meta name=\"description\" content=\"Tillverkning av ledningsstolpar kr\u00e4ver en kantpress med stor presskraft och med en b\u00e4dd som rymmer \u00f6ver 20 m l\u00e5nga stolpar.\" \/>\n<meta name=\"robots\" content=\"index, follow, max-snippet:-1, max-image-preview:large, max-video-preview:-1\" \/>\n<link rel=\"canonical\" href=\"https:\/\/www.ursviken.com\/sv\/losningar\/stolptillverkning\/\" \/>\n<meta property=\"og:locale\" content=\"sv_SE\" \/>\n<meta property=\"og:type\" content=\"article\" \/>\n<meta property=\"og:title\" content=\"Stolptillverkning - Ursviken\" \/>\n<meta property=\"og:description\" content=\"Tillverkning av ledningsstolpar kr\u00e4ver en kantpress med stor presskraft och med en b\u00e4dd som rymmer \u00f6ver 20 m l\u00e5nga stolpar.\" \/>\n<meta property=\"og:url\" content=\"https:\/\/www.ursviken.com\/sv\/losningar\/stolptillverkning\/\" \/>\n<meta property=\"og:site_name\" content=\"Ursviken\" \/>\n<meta property=\"article:modified_time\" content=\"2023-12-08T14:50:34+00:00\" \/>\n<meta name=\"twitter:card\" content=\"summary_large_image\" \/>\n<meta name=\"twitter:label1\" content=\"Ber\u00e4knad l\u00e4stid\" \/>\n\t<meta name=\"twitter:data1\" content=\"3 minuter\" \/>\n<script type=\"application\/ld+json\" class=\"yoast-schema-graph\">{\"@context\":\"https:\\\/\\\/schema.org\",\"@graph\":[{\"@type\":\"WebPage\",\"@id\":\"https:\\\/\\\/www.ursviken.com\\\/sv\\\/losningar\\\/stolptillverkning\\\/\",\"url\":\"https:\\\/\\\/www.ursviken.com\\\/sv\\\/losningar\\\/stolptillverkning\\\/\",\"name\":\"Stolptillverkning - Ursviken\",\"isPartOf\":{\"@id\":\"https:\\\/\\\/www.ursviken.com\\\/sv\\\/#website\"},\"datePublished\":\"2022-08-17T14:01:18+00:00\",\"dateModified\":\"2023-12-08T14:50:34+00:00\",\"description\":\"Tillverkning av ledningsstolpar kr\u00e4ver en kantpress med stor presskraft och med en b\u00e4dd som rymmer \u00f6ver 20 m l\u00e5nga stolpar.\",\"breadcrumb\":{\"@id\":\"https:\\\/\\\/www.ursviken.com\\\/sv\\\/losningar\\\/stolptillverkning\\\/#breadcrumb\"},\"inLanguage\":\"sv-SE\",\"potentialAction\":[{\"@type\":\"ReadAction\",\"target\":[\"https:\\\/\\\/www.ursviken.com\\\/sv\\\/losningar\\\/stolptillverkning\\\/\"]}]},{\"@type\":\"BreadcrumbList\",\"@id\":\"https:\\\/\\\/www.ursviken.com\\\/sv\\\/losningar\\\/stolptillverkning\\\/#breadcrumb\",\"itemListElement\":[{\"@type\":\"ListItem\",\"position\":1,\"name\":\"Hem\",\"item\":\"https:\\\/\\\/www.ursviken.com\\\/sv\\\/\"},{\"@type\":\"ListItem\",\"position\":2,\"name\":\"L\u00f6sningar\",\"item\":\"https:\\\/\\\/www.ursviken.com\\\/sv\\\/losningar\\\/\"},{\"@type\":\"ListItem\",\"position\":3,\"name\":\"Stolptillverkning\"}]},{\"@type\":\"WebSite\",\"@id\":\"https:\\\/\\\/www.ursviken.com\\\/sv\\\/#website\",\"url\":\"https:\\\/\\\/www.ursviken.com\\\/sv\\\/\",\"name\":\"Ursviken\",\"description\":\"\",\"potentialAction\":[{\"@type\":\"SearchAction\",\"target\":{\"@type\":\"EntryPoint\",\"urlTemplate\":\"https:\\\/\\\/www.ursviken.com\\\/sv\\\/?s={search_term_string}\"},\"query-input\":{\"@type\":\"PropertyValueSpecification\",\"valueRequired\":true,\"valueName\":\"search_term_string\"}}],\"inLanguage\":\"sv-SE\"}]}<\/script>\n<!-- \/ Yoast SEO plugin. -->","yoast_head_json":{"title":"Stolptillverkning - Ursviken","description":"Tillverkning av ledningsstolpar kr\u00e4ver en kantpress med stor presskraft och med en b\u00e4dd som rymmer \u00f6ver 20 m l\u00e5nga stolpar.","robots":{"index":"index","follow":"follow","max-snippet":"max-snippet:-1","max-image-preview":"max-image-preview:large","max-video-preview":"max-video-preview:-1"},"canonical":"https:\/\/www.ursviken.com\/sv\/losningar\/stolptillverkning\/","og_locale":"sv_SE","og_type":"article","og_title":"Stolptillverkning - Ursviken","og_description":"Tillverkning av ledningsstolpar kr\u00e4ver en kantpress med stor presskraft och med en b\u00e4dd som rymmer \u00f6ver 20 m l\u00e5nga stolpar.","og_url":"https:\/\/www.ursviken.com\/sv\/losningar\/stolptillverkning\/","og_site_name":"Ursviken","article_modified_time":"2023-12-08T14:50:34+00:00","twitter_card":"summary_large_image","twitter_misc":{"Ber\u00e4knad l\u00e4stid":"3 minuter"},"schema":{"@context":"https:\/\/schema.org","@graph":[{"@type":"WebPage","@id":"https:\/\/www.ursviken.com\/sv\/losningar\/stolptillverkning\/","url":"https:\/\/www.ursviken.com\/sv\/losningar\/stolptillverkning\/","name":"Stolptillverkning - Ursviken","isPartOf":{"@id":"https:\/\/www.ursviken.com\/sv\/#website"},"datePublished":"2022-08-17T14:01:18+00:00","dateModified":"2023-12-08T14:50:34+00:00","description":"Tillverkning av ledningsstolpar kr\u00e4ver en kantpress med stor presskraft och med en b\u00e4dd som rymmer \u00f6ver 20 m l\u00e5nga stolpar.","breadcrumb":{"@id":"https:\/\/www.ursviken.com\/sv\/losningar\/stolptillverkning\/#breadcrumb"},"inLanguage":"sv-SE","potentialAction":[{"@type":"ReadAction","target":["https:\/\/www.ursviken.com\/sv\/losningar\/stolptillverkning\/"]}]},{"@type":"BreadcrumbList","@id":"https:\/\/www.ursviken.com\/sv\/losningar\/stolptillverkning\/#breadcrumb","itemListElement":[{"@type":"ListItem","position":1,"name":"Hem","item":"https:\/\/www.ursviken.com\/sv\/"},{"@type":"ListItem","position":2,"name":"L\u00f6sningar","item":"https:\/\/www.ursviken.com\/sv\/losningar\/"},{"@type":"ListItem","position":3,"name":"Stolptillverkning"}]},{"@type":"WebSite","@id":"https:\/\/www.ursviken.com\/sv\/#website","url":"https:\/\/www.ursviken.com\/sv\/","name":"Ursviken","description":"","potentialAction":[{"@type":"SearchAction","target":{"@type":"EntryPoint","urlTemplate":"https:\/\/www.ursviken.com\/sv\/?s={search_term_string}"},"query-input":{"@type":"PropertyValueSpecification","valueRequired":true,"valueName":"search_term_string"}}],"inLanguage":"sv-SE"}]}},"_links":{"self":[{"href":"https:\/\/www.ursviken.com\/sv\/wp-json\/wp\/v2\/pages\/4365","targetHints":{"allow":["GET"]}}],"collection":[{"href":"https:\/\/www.ursviken.com\/sv\/wp-json\/wp\/v2\/pages"}],"about":[{"href":"https:\/\/www.ursviken.com\/sv\/wp-json\/wp\/v2\/types\/page"}],"author":[{"embeddable":true,"href":"https:\/\/www.ursviken.com\/sv\/wp-json\/wp\/v2\/users\/2"}],"replies":[{"embeddable":true,"href":"https:\/\/www.ursviken.com\/sv\/wp-json\/wp\/v2\/comments?post=4365"}],"version-history":[{"count":3,"href":"https:\/\/www.ursviken.com\/sv\/wp-json\/wp\/v2\/pages\/4365\/revisions"}],"predecessor-version":[{"id":4369,"href":"https:\/\/www.ursviken.com\/sv\/wp-json\/wp\/v2\/pages\/4365\/revisions\/4369"}],"up":[{"embeddable":true,"href":"https:\/\/www.ursviken.com\/sv\/wp-json\/wp\/v2\/pages\/4288"}],"wp:attachment":[{"href":"https:\/\/www.ursviken.com\/sv\/wp-json\/wp\/v2\/media?parent=4365"}],"curies":[{"name":"wp","href":"https:\/\/api.w.org\/{rel}","templated":true}]}}