{"id":4350,"date":"2022-08-19T15:57:32","date_gmt":"2022-08-19T15:57:32","guid":{"rendered":"https:\/\/www.ursviken.com\/losningar\/military\/"},"modified":"2023-12-05T19:18:13","modified_gmt":"2023-12-05T19:18:13","slug":"militar-teknik","status":"publish","type":"page","link":"https:\/\/www.ursviken.com\/sv\/losningar\/militar-teknik\/","title":{"rendered":"Milit\u00e4r teknik"},"content":{"rendered":"<p>[et_pb_section fb_built=&#8221;1&#8243; _builder_version=&#8221;4.16&#8243; _module_preset=&#8221;default&#8221; custom_margin=&#8221;0px||0px||false|false&#8221; custom_padding=&#8221;0px||0px||false|false&#8221; global_colors_info=&#8221;{}&#8221;][et_pb_row column_structure=&#8221;1_2,1_2&#8243; use_custom_gutter=&#8221;on&#8221; gutter_width=&#8221;1&#8243; make_equal=&#8221;on&#8221; admin_label=&#8221;Row&#8221; _builder_version=&#8221;4.16&#8243; _module_preset=&#8221;default&#8221; width=&#8221;100%&#8221; max_width=&#8221;100%&#8221; custom_margin=&#8221;0px||0px||false|false&#8221; custom_padding=&#8221;0px||0px||false|false&#8221; global_colors_info=&#8221;{}&#8221;][et_pb_column type=&#8221;1_2&#8243; _builder_version=&#8221;4.16&#8243; _module_preset=&#8221;default&#8221; background_image=&#8221;https:\/\/www.ursviken.com\/wp-content\/uploads\/2023\/04\/M6038_vinkel_0005-scaled.jpg&#8221; custom_css_main_element=&#8221;display: block!important;||min-height: 420px!important;&#8221; global_colors_info=&#8221;{}&#8221;][\/et_pb_column][et_pb_column type=&#8221;1_2&#8243; _builder_version=&#8221;4.16&#8243; _module_preset=&#8221;default&#8221; background_color=&#8221;#dedede&#8221; custom_padding=&#8221;5%|40px|5%|6.5%|false|false&#8221; custom_padding_tablet=&#8221;8%|40px|8%|8%|false|false&#8221; custom_padding_phone=&#8221;8%|40px|8%|8%|false|false&#8221; custom_padding_last_edited=&#8221;on|phone&#8221; global_colors_info=&#8221;{}&#8221;][et_pb_text _builder_version=&#8221;4.23.1&#8243; _module_preset=&#8221;default&#8221; header_font=&#8221;|300|||||||&#8221; header_2_font=&#8221;|300|||||||&#8221; header_2_font_size=&#8221;48px&#8221; header_font_size_tablet=&#8221;38px&#8221; header_font_size_phone=&#8221;36px&#8221; header_font_size_last_edited=&#8221;on|desktop&#8221; header_2_font_size_tablet=&#8221;44px&#8221; header_2_font_size_phone=&#8221;48px&#8221; header_2_font_size_last_edited=&#8221;on|phone&#8221; locked=&#8221;off&#8221; global_colors_info=&#8221;{}&#8221;]<\/p>\n<h1 class=\"symbol-first-line\">L\u00f6sningar f\u00f6r milit\u00e4r teknik<\/h1>\n<p>[\/et_pb_text][et_pb_text _builder_version=&#8221;4.23.1&#8243; _module_preset=&#8221;default&#8221; text_font_size=&#8221;18px&#8221; max_width=&#8221;480px&#8221; max_width_tablet=&#8221;&#8221; max_width_phone=&#8221;&#8221; max_width_last_edited=&#8221;on|phone&#8221; global_colors_info=&#8221;{}&#8221;]<\/p>\n<p>Att bocka h\u00f6gh\u00e5llfast st\u00e5l f\u00f6r milit\u00e4r utrustning kr\u00e4ver en kantpress med h\u00f6g presskraft, som kan bocka \u00e4ven de motstr\u00e4vigaste materialen.<\/p>\n<p>Dessutom kommer ni att beh\u00f6va kraftfulla verktyg som klarar dessa krafter utan problem och flexibiliteten att snabbt och utan anstr\u00e4ngning byta verktyg beroende p\u00e5 vilken produkt ni tillverkar.\u00a0<\/p>\n<p>[\/et_pb_text][\/et_pb_column][\/et_pb_row][\/et_pb_section][et_pb_section fb_built=&#8221;1&#8243; _builder_version=&#8221;4.16&#8243; _module_preset=&#8221;default&#8221; global_colors_info=&#8221;{}&#8221;][et_pb_row _builder_version=&#8221;4.16&#8243; _module_preset=&#8221;default&#8221; custom_css_main_element=&#8221;text-align: center;&#8221; global_colors_info=&#8221;{}&#8221;][et_pb_column type=&#8221;4_4&#8243; _builder_version=&#8221;4.16&#8243; _module_preset=&#8221;default&#8221; global_colors_info=&#8221;{}&#8221;][et_pb_text content_tablet=&#8221;&#8221; content_phone=&#8221;&#8221; content_last_edited=&#8221;on|phone&#8221; _builder_version=&#8221;4.16&#8243; _module_preset=&#8221;default&#8221; header_2_text_color=&#8221;#0071ba&#8221; header_2_font_size=&#8221;48px&#8221; header_2_font_size_tablet=&#8221;38px&#8221; header_2_font_size_phone=&#8221;36px&#8221; header_2_font_size_last_edited=&#8221;on|phone&#8221; custom_css_main_element=&#8221;display: inline-block;&#8221; global_colors_info=&#8221;{}&#8221;]<\/p>\n<h2 class=\"symbol-full-height\"><strong>Den robusta maskinramen s\u00e4kerst\u00e4ller h\u00f6g precision under maskinens hela livsl\u00e4ngd, minst 30 \u00e5r<\/strong><\/h2>\n<p>[\/et_pb_text][\/et_pb_column][\/et_pb_row][\/et_pb_section][et_pb_section fb_built=&#8221;1&#8243; _builder_version=&#8221;4.16&#8243; _module_preset=&#8221;default&#8221; custom_padding=&#8221;||0px||false|false&#8221; global_colors_info=&#8221;{}&#8221;][et_pb_row column_structure=&#8221;1_2,1_2&#8243; use_custom_gutter=&#8221;on&#8221; gutter_width=&#8221;1&#8243; make_equal=&#8221;on&#8221; admin_label=&#8221;Row&#8221; _builder_version=&#8221;4.16&#8243; _module_preset=&#8221;default&#8221; width=&#8221;100%&#8221; max_width=&#8221;100%&#8221; custom_margin=&#8221;0px||0px||false|false&#8221; custom_padding=&#8221;0px||0px||false|false&#8221; global_colors_info=&#8221;{}&#8221;][et_pb_column type=&#8221;1_2&#8243; _builder_version=&#8221;4.16&#8243; _module_preset=&#8221;default&#8221; background_image=&#8221;https:\/\/www.ursviken.com\/wp-content\/uploads\/2021\/12\/EdelPhoto-1185-1.jpg&#8221; custom_css_main_element=&#8221;display: block!important;||min-height: 420px!important;&#8221; global_colors_info=&#8221;{}&#8221;][\/et_pb_column][et_pb_column type=&#8221;1_2&#8243; _builder_version=&#8221;4.16&#8243; _module_preset=&#8221;default&#8221; background_color=&#8221;#dedede&#8221; custom_padding=&#8221;5%|40px|5%|6.5%|false|false&#8221; custom_padding_tablet=&#8221;8%|40px|8%|8%|false|false&#8221; custom_padding_phone=&#8221;8%|40px|8%|8%|false|false&#8221; custom_padding_last_edited=&#8221;on|phone&#8221; global_colors_info=&#8221;{}&#8221;][et_pb_text _builder_version=&#8221;4.22.2&#8243; _module_preset=&#8221;default&#8221; header_font=&#8221;|300|||||||&#8221; header_2_font=&#8221;|300|||||||&#8221; header_2_font_size=&#8221;48px&#8221; header_font_size_tablet=&#8221;38px&#8221; header_font_size_phone=&#8221;36px&#8221; header_font_size_last_edited=&#8221;on|desktop&#8221; header_2_font_size_tablet=&#8221;44px&#8221; header_2_font_size_phone=&#8221;48px&#8221; header_2_font_size_last_edited=&#8221;on|phone&#8221; locked=&#8221;off&#8221; global_colors_info=&#8221;{}&#8221;]<\/p>\n<h2 class=\"symbol-first-line\">Skr\u00e4ddarsytt \u00e4r standard.<\/h2>\n<p>[\/et_pb_text][et_pb_text _builder_version=&#8221;4.22.2&#8243; _module_preset=&#8221;default&#8221; text_font_size=&#8221;18px&#8221; max_width=&#8221;480px&#8221; max_width_tablet=&#8221;&#8221; max_width_phone=&#8221;&#8221; max_width_last_edited=&#8221;on|phone&#8221; custom_padding=&#8221;||2px|||&#8221; global_colors_info=&#8221;{}&#8221;]<\/p>\n<p>P\u00e5 Ursviken vi erbjuder en m\u00e4ngd olika bockningsl\u00f6sningar som vi kundanpassar. Ursvikens kantpressar i Optimaserien \u00e4r alltid skr\u00e4ddarsydda enligt kundens specifikationer.<\/p>\n<p>[\/et_pb_text][\/et_pb_column][\/et_pb_row][et_pb_row _builder_version=&#8221;4.16&#8243; _module_preset=&#8221;default&#8221; custom_margin=&#8221;||40px||false|false&#8221; custom_margin_tablet=&#8221;||20px||false|false&#8221; custom_margin_phone=&#8221;||20px||false|false&#8221; custom_margin_last_edited=&#8221;on|tablet&#8221; custom_padding=&#8221;||0px||false|false&#8221; custom_css_main_element=&#8221;display: flex;||align-items: center;&#8221; locked=&#8221;off&#8221; global_colors_info=&#8221;{}&#8221; custom_css_main_element_last_edited=&#8221;on|phone&#8221; custom_css_main_element_phone=&#8221;display: flex;||align-items: center;||flex-direction: column-reverse;&#8221; custom_css_main_element_tablet=&#8221;display: flex;||flex-direction: column-reverse;&#8221;][et_pb_column type=&#8221;4_4&#8243; _builder_version=&#8221;4.16&#8243; _module_preset=&#8221;default&#8221; global_colors_info=&#8221;{}&#8221;][et_pb_text _builder_version=&#8221;4.22.2&#8243; _module_preset=&#8221;default&#8221; header_3_font_size=&#8221;36px&#8221; custom_margin_tablet=&#8221;||||false|false&#8221; custom_margin_phone=&#8221;||||false|false&#8221; custom_margin_last_edited=&#8221;on|tablet&#8221; global_colors_info=&#8221;{}&#8221;]<\/p>\n<h3 class=\"symbol-first-line\">Hur kan Ursviken hj\u00e4lpa er att n\u00e5 era m\u00e5l?<\/h3>\n<p>[\/et_pb_text][\/et_pb_column][\/et_pb_row][et_pb_row column_structure=&#8221;1_3,1_3,1_3&#8243; _builder_version=&#8221;4.16&#8243; _module_preset=&#8221;default&#8221; global_colors_info=&#8221;{}&#8221;][et_pb_column type=&#8221;1_3&#8243; _builder_version=&#8221;4.16&#8243; _module_preset=&#8221;default&#8221; global_colors_info=&#8221;{}&#8221;][et_pb_text _builder_version=&#8221;4.16&#8243; _module_preset=&#8221;default&#8221; global_colors_info=&#8221;{}&#8221; content__hover_enabled=&#8221;off|desktop&#8221; content__hover=&#8221;<\/p>\n<p>Asymmetric Die Opening (VDT) &#8211; Allows a shorter flange length and reduces the amount of required tonnage.<\/p>\n<p>&#8221; transform_styles__hover_enabled=&#8221;on|hover&#8221; transform_scale__hover_enabled=&#8221;on|hover&#8221; transform_translate__hover_enabled=&#8221;on|desktop&#8221; transform_rotate__hover_enabled=&#8221;on|desktop&#8221; transform_skew__hover_enabled=&#8221;on|desktop&#8221; transform_origin__hover_enabled=&#8221;on|desktop&#8221; transform_scale__hover=&#8221;120%|120%&#8221; text_text_color__hover_enabled=&#8221;on|hover&#8221; text_text_color__hover=&#8221;#0071ba&#8221;]<\/p>\n<p>Vi kan bygga maskiner med h\u00f6g presskraft f\u00f6r bockning av h\u00f6gh\u00e5llfast st\u00e5l.<\/p>\n<p>[\/et_pb_text][\/et_pb_column][et_pb_column type=&#8221;1_3&#8243; _builder_version=&#8221;4.16&#8243; _module_preset=&#8221;default&#8221; global_colors_info=&#8221;{}&#8221;][et_pb_text _builder_version=&#8221;4.16&#8243; _module_preset=&#8221;default&#8221; text_text_color_tablet=&#8221;&#8221; text_text_color_phone=&#8221;&#8221; text_text_color_last_edited=&#8221;on|desktop&#8221; global_colors_info=&#8221;{}&#8221; transform_styles__hover_enabled=&#8221;on|hover&#8221; transform_scale__hover_enabled=&#8221;on|hover&#8221; transform_translate__hover_enabled=&#8221;on|desktop&#8221; transform_rotate__hover_enabled=&#8221;on|desktop&#8221; transform_skew__hover_enabled=&#8221;on|desktop&#8221; transform_origin__hover_enabled=&#8221;on|desktop&#8221; text_text_color__hover_enabled=&#8221;on|desktop&#8221; transform_scale__hover=&#8221;120%|120%&#8221; text_text_color__hover=&#8221;#0071ba&#8221;]<\/p>\n<p><span data-contrast=\"none\"><span data-contrast=\"none\" style=\"font-size: 16px;\">Large stroke and daylight\/ tool space to allow flexibility in producing a variety of different products.\u00a0<\/span><span data-ccp-props=\"{&quot;201341983&quot;:0,&quot;335559739&quot;:160,&quot;335559740&quot;:259}\" style=\"font-size: 16px;\">\u00a0<\/span><\/span><\/p>\n<p>[\/et_pb_text][\/et_pb_column][et_pb_column type=&#8221;1_3&#8243; _builder_version=&#8221;4.16&#8243; _module_preset=&#8221;default&#8221; global_colors_info=&#8221;{}&#8221;][et_pb_text _builder_version=&#8221;4.16&#8243; _module_preset=&#8221;default&#8221; text_text_color_tablet=&#8221;#000000&#8243; text_text_color_phone=&#8221;#000000&#8243; text_text_color_last_edited=&#8221;on|phone&#8221; global_colors_info=&#8221;{}&#8221; content__hover_enabled=&#8221;off|desktop&#8221; content__hover=&#8221;<\/p>\n<p><span data-contrast=%22auto%22>Ursviken takes extraordinary pride in saying that we have built the largest single (non-tandem) press brake ever made, at 2,500 tons capacity, with a bed length of 20 meters, or a little over sixty-five (65) feet. <\/span><span data-ccp-props=%22{}%22> <\/span><\/p>\n<p>&#8221; transform_styles__hover_enabled=&#8221;on|hover&#8221; transform_scale__hover_enabled=&#8221;on|hover&#8221; transform_translate__hover_enabled=&#8221;on|desktop&#8221; transform_rotate__hover_enabled=&#8221;on|desktop&#8221; transform_skew__hover_enabled=&#8221;on|desktop&#8221; transform_origin__hover_enabled=&#8221;on|desktop&#8221; text_text_color__hover_enabled=&#8221;on|desktop&#8221; text_text_color__hover=&#8221;#0071ba&#8221; transform_scale__hover=&#8221;120%|120%&#8221;]<\/p>\n<p>Helt CNC-styrt variabelt underverktyg (VDT) g\u00f6r det m\u00f6jligt att \u00e4ndra dyn\u00f6ppningen direkt fr\u00e5n styrsystemet p\u00e5 n\u00e5gra sekunder.<\/p>\n<p>&nbsp;<\/p>\n<p>[\/et_pb_text][\/et_pb_column][\/et_pb_row][et_pb_row column_structure=&#8221;1_3,1_3,1_3&#8243; _builder_version=&#8221;4.16&#8243; _module_preset=&#8221;default&#8221; global_colors_info=&#8221;{}&#8221;][et_pb_column type=&#8221;1_3&#8243; _builder_version=&#8221;4.16&#8243; _module_preset=&#8221;default&#8221; global_colors_info=&#8221;{}&#8221;][et_pb_text _builder_version=&#8221;4.16&#8243; _module_preset=&#8221;default&#8221; global_colors_info=&#8221;{}&#8221; content__hover_enabled=&#8221;off|desktop&#8221; content__hover=&#8221;<\/p>\n<p>Asymmetric Die Opening (VDT) &#8211; Allows a shorter flange length and reduces the amount of required tonnage.<\/p>\n<p>&#8221; transform_styles__hover_enabled=&#8221;on|hover&#8221; transform_scale__hover_enabled=&#8221;on|hover&#8221; transform_translate__hover_enabled=&#8221;on|desktop&#8221; transform_rotate__hover_enabled=&#8221;on|desktop&#8221; transform_skew__hover_enabled=&#8221;on|desktop&#8221; transform_origin__hover_enabled=&#8221;on|desktop&#8221; transform_scale__hover=&#8221;120%|120%&#8221; text_text_color__hover_enabled=&#8221;on|hover&#8221; text_text_color__hover=&#8221;#0071ba&#8221;]<\/p>\n<p>FlexiCrown kompenserar f\u00f6r lokala tjockleksavvikelser i metallen och olikformig f\u00f6rslitning av under- och \u00f6ververktygen, vilket resulterar i en mer exakt bockningsprecision.<\/p>\n<p>[\/et_pb_text][\/et_pb_column][et_pb_column type=&#8221;1_3&#8243; _builder_version=&#8221;4.16&#8243; _module_preset=&#8221;default&#8221; global_colors_info=&#8221;{}&#8221;][et_pb_text _builder_version=&#8221;4.16&#8243; _module_preset=&#8221;default&#8221; text_text_color_tablet=&#8221;&#8221; text_text_color_phone=&#8221;&#8221; text_text_color_last_edited=&#8221;on|desktop&#8221; global_colors_info=&#8221;{}&#8221; transform_styles__hover_enabled=&#8221;on|hover&#8221; transform_scale__hover_enabled=&#8221;on|hover&#8221; transform_translate__hover_enabled=&#8221;on|desktop&#8221; transform_rotate__hover_enabled=&#8221;on|desktop&#8221; transform_skew__hover_enabled=&#8221;on|desktop&#8221; transform_origin__hover_enabled=&#8221;on|desktop&#8221; text_text_color__hover_enabled=&#8221;on|desktop&#8221; transform_scale__hover=&#8221;120%|120%&#8221; text_text_color__hover=&#8221;#0071ba&#8221;]<\/p>\n<p>Mer utrymme f\u00f6r bockning av komplexa produkter med parkeringsstationer f\u00f6r utrustning framf\u00f6r pressen och m\u00f6jlighet att s\u00e4nka den bakre givaren ner till golvet.<\/p>\n<p>[\/et_pb_text][\/et_pb_column][et_pb_column type=&#8221;1_3&#8243; _builder_version=&#8221;4.16&#8243; _module_preset=&#8221;default&#8221; global_colors_info=&#8221;{}&#8221;][et_pb_text _builder_version=&#8221;4.16&#8243; _module_preset=&#8221;default&#8221; text_text_color_tablet=&#8221;#000000&#8243; text_text_color_phone=&#8221;#000000&#8243; text_text_color_last_edited=&#8221;on|phone&#8221; global_colors_info=&#8221;{}&#8221; content__hover_enabled=&#8221;off|desktop&#8221; content__hover=&#8221;<\/p>\n<p><span data-contrast=%22auto%22>Ursviken takes extraordinary pride in saying that we have built the largest single (non-tandem) press brake ever made, at 2,500 tons capacity, with a bed length of 20 meters, or a little over sixty-five (65) feet. <\/span><span data-ccp-props=%22{}%22> <\/span><\/p>\n<p>&#8221; transform_styles__hover_enabled=&#8221;on|hover&#8221; transform_scale__hover_enabled=&#8221;on|hover&#8221; transform_translate__hover_enabled=&#8221;on|desktop&#8221; transform_rotate__hover_enabled=&#8221;on|desktop&#8221; transform_skew__hover_enabled=&#8221;on|desktop&#8221; transform_origin__hover_enabled=&#8221;on|desktop&#8221; text_text_color__hover_enabled=&#8221;on|desktop&#8221; text_text_color__hover=&#8221;#0071ba&#8221; transform_scale__hover=&#8221;120%|120%&#8221;]<\/p>\n<p>Ytterligare utrymme f\u00f6r specialverktyg med lyftbalkar \u2013 tunga VDT kan rulla ut \u00e5t sidan. Den mycket kraftfulla UMV 200 f\u00f6r insp\u00e4nning av riktigt stora verktyg.<\/p>\n<p>[\/et_pb_text][\/et_pb_column][\/et_pb_row][et_pb_row column_structure=&#8221;1_2,1_2&#8243; use_custom_gutter=&#8221;on&#8221; gutter_width=&#8221;1&#8243; make_equal=&#8221;on&#8221; admin_label=&#8221;Row&#8221; _builder_version=&#8221;4.16&#8243; _module_preset=&#8221;default&#8221; width=&#8221;100%&#8221; max_width=&#8221;100%&#8221; custom_margin=&#8221;0px||0px||false|false&#8221; custom_padding=&#8221;0px||0px||false|false&#8221; global_colors_info=&#8221;{}&#8221;][et_pb_column type=&#8221;1_2&#8243; _builder_version=&#8221;4.16&#8243; _module_preset=&#8221;default&#8221; background_color=&#8221;#dedede&#8221; custom_padding=&#8221;5%|40px|5%|6.5%|false|false&#8221; custom_padding_tablet=&#8221;8%|8%|8%|40px|false|false&#8221; custom_padding_phone=&#8221;8%|8%|8%|40px|false|false&#8221; custom_padding_last_edited=&#8221;on|tablet&#8221; global_colors_info=&#8221;{}&#8221;][et_pb_text _builder_version=&#8221;4.23.1&#8243; _module_preset=&#8221;default&#8221; text_font_size=&#8221;18px&#8221; header_3_font_size=&#8221;36px&#8221; max_width=&#8221;480px&#8221; max_width_tablet=&#8221;&#8221; max_width_phone=&#8221;&#8221; max_width_last_edited=&#8221;on|tablet&#8221; module_alignment_tablet=&#8221;left&#8221; module_alignment_phone=&#8221;left&#8221; module_alignment_last_edited=&#8221;on|phone&#8221; global_colors_info=&#8221;{}&#8221;]<\/p>\n<h3 class=\"symbol-first-line\">V\u00e4lj r\u00e4tt produkt.<\/h3>\n<p>Optima \u00e4r r\u00e4tt produktval. Optima kan specialtillverkas f\u00f6r kapacitet fr\u00e5n 400 ton till \u00f6ver 5 000 ton och i l\u00e4ngder fr\u00e5n 4 till 20 m.<\/p>\n<p>[\/et_pb_text][et_pb_button button_url=&#8221;http:\/\/ursviken.com\/sv\/optima&#8221; button_text=&#8221;L\u00e4s mer&#8221; _builder_version=&#8221;4.23.1&#8243; _module_preset=&#8221;5eeb76c6-4286-418d-b9ff-46a6d4c1599e&#8221; global_colors_info=&#8221;{}&#8221;][\/et_pb_button][\/et_pb_column][et_pb_column type=&#8221;1_2&#8243; _builder_version=&#8221;4.16&#8243; _module_preset=&#8221;default&#8221; background_image=&#8221;https:\/\/www.ursviken.com\/wp-content\/uploads\/2022\/04\/SSAB_Polen_2_ny_skylt2-scaled.jpg&#8221; custom_css_main_element=&#8221;display: block!important;||min-height: 420px!important;&#8221; global_colors_info=&#8221;{}&#8221;][\/et_pb_column][\/et_pb_row][\/et_pb_section]<\/p>\n","protected":false},"excerpt":{"rendered":"<p>L\u00f6sningar f\u00f6r milit\u00e4r teknikAtt bocka h\u00f6gh\u00e5llfast st\u00e5l f\u00f6r milit\u00e4r utrustning kr\u00e4ver en kantpress med h\u00f6g presskraft, som kan bocka \u00e4ven [&hellip;]<\/p>\n","protected":false},"author":4,"featured_media":0,"parent":4288,"menu_order":0,"comment_status":"closed","ping_status":"closed","template":"","meta":{"_et_pb_use_builder":"on","_et_pb_old_content":"","_et_gb_content_width":"","_improvement_type_select":"improve_an_existing","_thumb_yes_seoaic":false,"_frame_yes_seoaic":false,"seoaic_generate_description":"","seoaic_improve_instructions_prompt":"","seoaic_rollback_content_improvement":"","seoaic_idea_thumbnail_generator":"","thumbnail_generated":false,"thumbnail_generate_prompt":"","seoaic_article_description":"","footnotes":""},"class_list":["post-4350","page","type-page","status-publish","hentry"],"yoast_head":"<!-- This site is optimized with the Yoast SEO plugin v27.5 - https:\/\/yoast.com\/product\/yoast-seo-wordpress\/ -->\n<title>Milit\u00e4r teknik - Ursviken<\/title>\n<meta name=\"description\" content=\"P\u00e5 Ursviken vi erbjuder en m\u00e4ngd olika bockningsl\u00f6sningar som vi kundanpassar. Ursvikens kantpressar \u00e4r alltid skr\u00e4ddarsydda enligt kundens specifikationer.\" \/>\n<meta name=\"robots\" content=\"index, follow, max-snippet:-1, max-image-preview:large, max-video-preview:-1\" \/>\n<link rel=\"canonical\" href=\"https:\/\/www.ursviken.com\/sv\/losningar\/militar-teknik\/\" \/>\n<meta property=\"og:locale\" content=\"sv_SE\" \/>\n<meta property=\"og:type\" content=\"article\" \/>\n<meta property=\"og:title\" content=\"Milit\u00e4r teknik - Ursviken\" \/>\n<meta property=\"og:description\" content=\"P\u00e5 Ursviken vi erbjuder en m\u00e4ngd olika bockningsl\u00f6sningar som vi kundanpassar. Ursvikens kantpressar \u00e4r alltid skr\u00e4ddarsydda enligt kundens specifikationer.\" \/>\n<meta property=\"og:url\" content=\"https:\/\/www.ursviken.com\/sv\/losningar\/militar-teknik\/\" \/>\n<meta property=\"og:site_name\" content=\"Ursviken\" \/>\n<meta property=\"article:modified_time\" content=\"2023-12-05T19:18:13+00:00\" \/>\n<meta name=\"twitter:card\" content=\"summary_large_image\" \/>\n<meta name=\"twitter:label1\" content=\"Ber\u00e4knad l\u00e4stid\" \/>\n\t<meta name=\"twitter:data1\" content=\"4 minuter\" \/>\n<script type=\"application\/ld+json\" class=\"yoast-schema-graph\">{\"@context\":\"https:\\\/\\\/schema.org\",\"@graph\":[{\"@type\":\"WebPage\",\"@id\":\"https:\\\/\\\/www.ursviken.com\\\/sv\\\/losningar\\\/militar-teknik\\\/\",\"url\":\"https:\\\/\\\/www.ursviken.com\\\/sv\\\/losningar\\\/militar-teknik\\\/\",\"name\":\"Milit\u00e4r teknik - Ursviken\",\"isPartOf\":{\"@id\":\"https:\\\/\\\/www.ursviken.com\\\/sv\\\/#website\"},\"datePublished\":\"2022-08-19T15:57:32+00:00\",\"dateModified\":\"2023-12-05T19:18:13+00:00\",\"description\":\"P\u00e5 Ursviken vi erbjuder en m\u00e4ngd olika bockningsl\u00f6sningar som vi kundanpassar. Ursvikens kantpressar \u00e4r alltid skr\u00e4ddarsydda enligt kundens specifikationer.\",\"breadcrumb\":{\"@id\":\"https:\\\/\\\/www.ursviken.com\\\/sv\\\/losningar\\\/militar-teknik\\\/#breadcrumb\"},\"inLanguage\":\"sv-SE\",\"potentialAction\":[{\"@type\":\"ReadAction\",\"target\":[\"https:\\\/\\\/www.ursviken.com\\\/sv\\\/losningar\\\/militar-teknik\\\/\"]}]},{\"@type\":\"BreadcrumbList\",\"@id\":\"https:\\\/\\\/www.ursviken.com\\\/sv\\\/losningar\\\/militar-teknik\\\/#breadcrumb\",\"itemListElement\":[{\"@type\":\"ListItem\",\"position\":1,\"name\":\"Hem\",\"item\":\"https:\\\/\\\/www.ursviken.com\\\/sv\\\/\"},{\"@type\":\"ListItem\",\"position\":2,\"name\":\"L\u00f6sningar\",\"item\":\"https:\\\/\\\/www.ursviken.com\\\/sv\\\/losningar\\\/\"},{\"@type\":\"ListItem\",\"position\":3,\"name\":\"Milit\u00e4r teknik\"}]},{\"@type\":\"WebSite\",\"@id\":\"https:\\\/\\\/www.ursviken.com\\\/sv\\\/#website\",\"url\":\"https:\\\/\\\/www.ursviken.com\\\/sv\\\/\",\"name\":\"Ursviken\",\"description\":\"\",\"potentialAction\":[{\"@type\":\"SearchAction\",\"target\":{\"@type\":\"EntryPoint\",\"urlTemplate\":\"https:\\\/\\\/www.ursviken.com\\\/sv\\\/?s={search_term_string}\"},\"query-input\":{\"@type\":\"PropertyValueSpecification\",\"valueRequired\":true,\"valueName\":\"search_term_string\"}}],\"inLanguage\":\"sv-SE\"}]}<\/script>\n<!-- \/ Yoast SEO plugin. -->","yoast_head_json":{"title":"Milit\u00e4r teknik - Ursviken","description":"P\u00e5 Ursviken vi erbjuder en m\u00e4ngd olika bockningsl\u00f6sningar som vi kundanpassar. Ursvikens kantpressar \u00e4r alltid skr\u00e4ddarsydda enligt kundens specifikationer.","robots":{"index":"index","follow":"follow","max-snippet":"max-snippet:-1","max-image-preview":"max-image-preview:large","max-video-preview":"max-video-preview:-1"},"canonical":"https:\/\/www.ursviken.com\/sv\/losningar\/militar-teknik\/","og_locale":"sv_SE","og_type":"article","og_title":"Milit\u00e4r teknik - Ursviken","og_description":"P\u00e5 Ursviken vi erbjuder en m\u00e4ngd olika bockningsl\u00f6sningar som vi kundanpassar. Ursvikens kantpressar \u00e4r alltid skr\u00e4ddarsydda enligt kundens specifikationer.","og_url":"https:\/\/www.ursviken.com\/sv\/losningar\/militar-teknik\/","og_site_name":"Ursviken","article_modified_time":"2023-12-05T19:18:13+00:00","twitter_card":"summary_large_image","twitter_misc":{"Ber\u00e4knad l\u00e4stid":"4 minuter"},"schema":{"@context":"https:\/\/schema.org","@graph":[{"@type":"WebPage","@id":"https:\/\/www.ursviken.com\/sv\/losningar\/militar-teknik\/","url":"https:\/\/www.ursviken.com\/sv\/losningar\/militar-teknik\/","name":"Milit\u00e4r teknik - Ursviken","isPartOf":{"@id":"https:\/\/www.ursviken.com\/sv\/#website"},"datePublished":"2022-08-19T15:57:32+00:00","dateModified":"2023-12-05T19:18:13+00:00","description":"P\u00e5 Ursviken vi erbjuder en m\u00e4ngd olika bockningsl\u00f6sningar som vi kundanpassar. Ursvikens kantpressar \u00e4r alltid skr\u00e4ddarsydda enligt kundens specifikationer.","breadcrumb":{"@id":"https:\/\/www.ursviken.com\/sv\/losningar\/militar-teknik\/#breadcrumb"},"inLanguage":"sv-SE","potentialAction":[{"@type":"ReadAction","target":["https:\/\/www.ursviken.com\/sv\/losningar\/militar-teknik\/"]}]},{"@type":"BreadcrumbList","@id":"https:\/\/www.ursviken.com\/sv\/losningar\/militar-teknik\/#breadcrumb","itemListElement":[{"@type":"ListItem","position":1,"name":"Hem","item":"https:\/\/www.ursviken.com\/sv\/"},{"@type":"ListItem","position":2,"name":"L\u00f6sningar","item":"https:\/\/www.ursviken.com\/sv\/losningar\/"},{"@type":"ListItem","position":3,"name":"Milit\u00e4r teknik"}]},{"@type":"WebSite","@id":"https:\/\/www.ursviken.com\/sv\/#website","url":"https:\/\/www.ursviken.com\/sv\/","name":"Ursviken","description":"","potentialAction":[{"@type":"SearchAction","target":{"@type":"EntryPoint","urlTemplate":"https:\/\/www.ursviken.com\/sv\/?s={search_term_string}"},"query-input":{"@type":"PropertyValueSpecification","valueRequired":true,"valueName":"search_term_string"}}],"inLanguage":"sv-SE"}]}},"_links":{"self":[{"href":"https:\/\/www.ursviken.com\/sv\/wp-json\/wp\/v2\/pages\/4350","targetHints":{"allow":["GET"]}}],"collection":[{"href":"https:\/\/www.ursviken.com\/sv\/wp-json\/wp\/v2\/pages"}],"about":[{"href":"https:\/\/www.ursviken.com\/sv\/wp-json\/wp\/v2\/types\/page"}],"author":[{"embeddable":true,"href":"https:\/\/www.ursviken.com\/sv\/wp-json\/wp\/v2\/users\/4"}],"replies":[{"embeddable":true,"href":"https:\/\/www.ursviken.com\/sv\/wp-json\/wp\/v2\/comments?post=4350"}],"version-history":[{"count":4,"href":"https:\/\/www.ursviken.com\/sv\/wp-json\/wp\/v2\/pages\/4350\/revisions"}],"predecessor-version":[{"id":4355,"href":"https:\/\/www.ursviken.com\/sv\/wp-json\/wp\/v2\/pages\/4350\/revisions\/4355"}],"up":[{"embeddable":true,"href":"https:\/\/www.ursviken.com\/sv\/wp-json\/wp\/v2\/pages\/4288"}],"wp:attachment":[{"href":"https:\/\/www.ursviken.com\/sv\/wp-json\/wp\/v2\/media?parent=4350"}],"curies":[{"name":"wp","href":"https:\/\/api.w.org\/{rel}","templated":true}]}}