{"id":4317,"date":"2022-08-22T11:49:34","date_gmt":"2022-08-22T11:49:34","guid":{"rendered":"https:\/\/www.ursviken.com\/losningar\/crane-arms\/"},"modified":"2023-11-27T19:48:44","modified_gmt":"2023-11-27T19:48:44","slug":"kranarmar","status":"publish","type":"page","link":"https:\/\/www.ursviken.com\/sv\/losningar\/kranarmar\/","title":{"rendered":"Kranarmar"},"content":{"rendered":"<p>[et_pb_section fb_built=&#8221;1&#8243; _builder_version=&#8221;4.16&#8243; _module_preset=&#8221;default&#8221; custom_margin=&#8221;0px||0px||false|false&#8221; custom_padding=&#8221;0px||0px||false|false&#8221; global_colors_info=&#8221;{}&#8221;][et_pb_row column_structure=&#8221;1_2,1_2&#8243; use_custom_gutter=&#8221;on&#8221; gutter_width=&#8221;1&#8243; make_equal=&#8221;on&#8221; admin_label=&#8221;Row&#8221; _builder_version=&#8221;4.16&#8243; _module_preset=&#8221;default&#8221; width=&#8221;100%&#8221; max_width=&#8221;100%&#8221; custom_margin=&#8221;0px||0px||false|false&#8221; custom_padding=&#8221;0px||0px||false|false&#8221; global_colors_info=&#8221;{}&#8221;][et_pb_column type=&#8221;1_2&#8243; _builder_version=&#8221;4.16&#8243; _module_preset=&#8221;default&#8221; background_image=&#8221;https:\/\/www.ursviken.com\/wp-content\/uploads\/2023\/04\/optima_3200_hi_01-scaled.jpg&#8221; custom_css_main_element=&#8221;display: block!important;||min-height: 420px!important;&#8221; global_colors_info=&#8221;{}&#8221;][\/et_pb_column][et_pb_column type=&#8221;1_2&#8243; _builder_version=&#8221;4.16&#8243; _module_preset=&#8221;default&#8221; background_color=&#8221;#dedede&#8221; custom_padding=&#8221;5%|40px|5%|6.5%|false|false&#8221; custom_padding_tablet=&#8221;8%|40px|8%|8%|false|false&#8221; custom_padding_phone=&#8221;8%|40px|8%|8%|false|false&#8221; custom_padding_last_edited=&#8221;on|phone&#8221; global_colors_info=&#8221;{}&#8221;][et_pb_text _builder_version=&#8221;4.16&#8243; _module_preset=&#8221;default&#8221; header_font=&#8221;|300|||||||&#8221; header_2_font=&#8221;|300|||||||&#8221; header_2_font_size=&#8221;48px&#8221; header_font_size_tablet=&#8221;38px&#8221; header_font_size_phone=&#8221;36px&#8221; header_font_size_last_edited=&#8221;on|desktop&#8221; header_2_font_size_tablet=&#8221;44px&#8221; header_2_font_size_phone=&#8221;48px&#8221; header_2_font_size_last_edited=&#8221;on|phone&#8221; locked=&#8221;off&#8221; global_colors_info=&#8221;{}&#8221;]<\/p>\n<h1 class=\"symbol-first-line\">L\u00f6sningar f\u00f6r<br \/>kranarmar<\/h1>\n<p>[\/et_pb_text][et_pb_text _builder_version=&#8221;4.22.2&#8243; _module_preset=&#8221;default&#8221; text_font_size=&#8221;18px&#8221; max_width=&#8221;480px&#8221; max_width_tablet=&#8221;&#8221; max_width_phone=&#8221;&#8221; max_width_last_edited=&#8221;on|phone&#8221; global_colors_info=&#8221;{}&#8221;]<\/p>\n<p>Att bibeh\u00e5lla bockningsprecisionen l\u00e4ngs maskinens hela l\u00e4ngd vid tillverkning av segment till teleskopkranarmar \u00e4r en stor utmaning. R\u00e4kna med Ursviken f\u00f6r repeterbar precision, h\u00f6g produktivitet och l\u00e5ga tillverkningskostnader.<\/p>\n<p>[\/et_pb_text][\/et_pb_column][\/et_pb_row][\/et_pb_section][et_pb_section fb_built=&#8221;1&#8243; _builder_version=&#8221;4.16&#8243; _module_preset=&#8221;default&#8221; global_colors_info=&#8221;{}&#8221;][et_pb_row _builder_version=&#8221;4.16&#8243; _module_preset=&#8221;default&#8221; custom_css_main_element=&#8221;text-align: center;&#8221; global_colors_info=&#8221;{}&#8221;][et_pb_column type=&#8221;4_4&#8243; _builder_version=&#8221;4.16&#8243; _module_preset=&#8221;default&#8221; global_colors_info=&#8221;{}&#8221;][et_pb_text content_tablet=&#8221;&#8221; content_phone=&#8221;&#8221; content_last_edited=&#8221;on|phone&#8221; _builder_version=&#8221;4.16&#8243; _module_preset=&#8221;default&#8221; header_2_text_color=&#8221;#0071ba&#8221; header_2_font_size=&#8221;48px&#8221; header_2_font_size_tablet=&#8221;38px&#8221; header_2_font_size_phone=&#8221;36px&#8221; header_2_font_size_last_edited=&#8221;on|phone&#8221; custom_css_main_element=&#8221;display: inline-block;&#8221; global_colors_info=&#8221;{}&#8221;]<\/p>\n<h2 class=\"symbol-full-height\"><strong>Kranarmar kr\u00e4ver maximal precision och exakta bockningsprecision.<\/strong><\/h2>\n<p>[\/et_pb_text][\/et_pb_column][\/et_pb_row][\/et_pb_section][et_pb_section fb_built=&#8221;1&#8243; _builder_version=&#8221;4.16&#8243; _module_preset=&#8221;default&#8221; custom_margin=&#8221;0px||0px||false|false&#8221; custom_padding=&#8221;0px||0px||false|false&#8221; global_colors_info=&#8221;{}&#8221;][et_pb_row column_structure=&#8221;3_5,2_5&#8243; use_custom_gutter=&#8221;on&#8221; gutter_width=&#8221;1&#8243; make_equal=&#8221;on&#8221; admin_label=&#8221;Row&#8221; _builder_version=&#8221;4.16&#8243; _module_preset=&#8221;default&#8221; width=&#8221;100%&#8221; max_width=&#8221;100%&#8221; custom_margin=&#8221;0px||0px||false|false&#8221; custom_padding=&#8221;0px||0px||false|false&#8221; global_colors_info=&#8221;{}&#8221;][et_pb_column type=&#8221;3_5&#8243; _builder_version=&#8221;4.16&#8243; _module_preset=&#8221;default&#8221; background_color=&#8221;#dedede&#8221; custom_padding=&#8221;5%|40px|5%|6.5%|false|false&#8221; custom_padding_tablet=&#8221;8%|8%|8%|40px|false|false&#8221; custom_padding_phone=&#8221;8%|8%|8%|40px|false|false&#8221; custom_padding_last_edited=&#8221;on|tablet&#8221; global_colors_info=&#8221;{}&#8221;][et_pb_text _builder_version=&#8221;4.16&#8243; _module_preset=&#8221;default&#8221; text_font_size=&#8221;18px&#8221; header_3_font_size=&#8221;36px&#8221; max_width=&#8221;480px&#8221; max_width_tablet=&#8221;&#8221; max_width_phone=&#8221;&#8221; max_width_last_edited=&#8221;on|tablet&#8221; module_alignment=&#8221;left&#8221; module_alignment_tablet=&#8221;left&#8221; module_alignment_phone=&#8221;left&#8221; module_alignment_last_edited=&#8221;on|phone&#8221; global_colors_info=&#8221;{}&#8221;]<\/p>\n<h3 class=\"symbol-first-line\">Optimera produktionen med dessa tillval.<\/h3>\n<p>[\/et_pb_text][et_pb_text _builder_version=&#8221;4.16&#8243; _module_preset=&#8221;default&#8221; max_width=&#8221;940px&#8221; global_colors_info=&#8221;{}&#8221;]<\/p>\n<p>\u2022 Helt CNC-styrt variabelt underverktyg (VDT) g\u00f6r det m\u00f6jligt att \u00e4ndra dyn\u00f6ppningen direkt fr\u00e5n styrsystemet p\u00e5 n\u00e5gra sekunder.<\/p>\n<p>\u2022 FlexiCrown \u2013 lokala korrigeringar var 600:e mm l\u00e4ngs maskinens hela l\u00e4ngd kompenserar f\u00f6r alla materialvariationer \u00f6ver delens l\u00e4ngd, vilket garanterar precisa bockningsresultat.<\/p>\n<p>\u2022 Bakre och fr\u00e4mre givare m\u00f6jligg\u00f6r exakt positionering av pl\u00e5ten och vinkelm\u00e4tningssystemet bidrar till en korrekt bockningsvinkel under produktionen, vilket resulterar i en exakt bockningsprecision \u2013 varje g\u00e5ng.<\/p>\n<p>[\/et_pb_text][et_pb_text _builder_version=&#8221;4.16&#8243; _module_preset=&#8221;default&#8221; max_width=&#8221;940px&#8221; global_colors_info=&#8221;{}&#8221;]<\/p>\n<p>\u2022 Roterande verktygsmagasin g\u00f6r dynverktygsbyten mindre tunga f\u00f6r operat\u00f6ren.<\/p>\n<p>&nbsp;<\/p>\n<p>[\/et_pb_text][\/et_pb_column][et_pb_column type=&#8221;2_5&#8243; _builder_version=&#8221;4.16&#8243; _module_preset=&#8221;default&#8221; background_color=&#8221;#dedede&#8221; custom_padding=&#8221;5%|40px|5%|6.5%|false|false&#8221; custom_padding_tablet=&#8221;8%|8%|8%|40px|false|false&#8221; custom_padding_phone=&#8221;8%|8%|8%|40px|false|false&#8221; custom_padding_last_edited=&#8221;on|tablet&#8221; global_colors_info=&#8221;{}&#8221;][et_pb_image src=&#8221;https:\/\/www.ursviken.com\/wp-content\/uploads\/2022\/10\/vdt-web.png&#8221; alt=&#8221;Variable die tool&#8221; title_text=&#8221;Variable die tool&#8221; _builder_version=&#8221;4.16&#8243; _module_preset=&#8221;default&#8221; global_colors_info=&#8221;{}&#8221;][\/et_pb_image][\/et_pb_column][\/et_pb_row][\/et_pb_section][et_pb_section fb_built=&#8221;1&#8243; _builder_version=&#8221;4.16&#8243; _module_preset=&#8221;default&#8221; custom_padding=&#8221;||0px||false|false&#8221; global_colors_info=&#8221;{}&#8221;][et_pb_row column_structure=&#8221;2_3,1_3&#8243; make_equal=&#8221;on&#8221; _builder_version=&#8221;4.16&#8243; _module_preset=&#8221;default&#8221; background_color=&#8221;RGBA(255,255,255,0)&#8221; custom_margin=&#8221;||80px||false|false&#8221; custom_margin_tablet=&#8221;||40px||false|false&#8221; custom_margin_phone=&#8221;||40px||false|false&#8221; custom_margin_last_edited=&#8221;on|phone&#8221; custom_padding=&#8221;||0px||false|false&#8221; custom_css_main_element=&#8221;display: flex;||align-items: center;&#8221; locked=&#8221;off&#8221; global_colors_info=&#8221;{}&#8221; custom_css_main_element_last_edited=&#8221;on|desktop&#8221; custom_css_main_element_phone=&#8221;display: flex;||align-items: center;||flex-direction: column;&#8221; custom_css_main_element_tablet=&#8221;display: flex;||flex-direction: column;&#8221;][et_pb_column type=&#8221;2_3&#8243; _builder_version=&#8221;4.16&#8243; _module_preset=&#8221;default&#8221; background_color=&#8221;RGBA(255,255,255,0)&#8221; use_background_color_gradient=&#8221;on&#8221; background_color_gradient_stops=&#8221;rgba(255,255,255,0) 0%|rgba(255,255,255,0) 100%&#8221; background_color_gradient_start=&#8221;rgba(255,255,255,0)&#8221; background_color_gradient_end=&#8221;rgba(255,255,255,0)&#8221; background_image=&#8221;https:\/\/www.ursviken.com\/wp-content\/uploads\/2023\/04\/radievaxlare_hi_01.png&#8221; custom_padding=&#8221;220px||220px||false|false&#8221; custom_css_main_element=&#8221;align-self: stretch;&#8221; global_colors_info=&#8221;{}&#8221;][\/et_pb_column][et_pb_column type=&#8221;1_3&#8243; _builder_version=&#8221;4.16&#8243; _module_preset=&#8221;default&#8221; global_colors_info=&#8221;{}&#8221;][et_pb_text _builder_version=&#8221;4.23.1&#8243; _module_preset=&#8221;default&#8221; header_3_font_size=&#8221;36px&#8221; hover_enabled=&#8221;0&#8243; global_colors_info=&#8221;{}&#8221; sticky_enabled=&#8221;0&#8243;]<\/p>\n<h3>Roterande stansspets.<\/h3>\n<p>[\/et_pb_text][et_pb_text _builder_version=&#8221;4.23.1&#8243; _module_preset=&#8221;default&#8221; custom_padding=&#8221;0px|||||&#8221; hover_enabled=&#8221;0&#8243; global_colors_info=&#8221;{}&#8221; sticky_enabled=&#8221;0&#8243;]<\/p>\n<p>Enklare, snabbare och s\u00e4krare omst\u00e4llning av dyn\u00f6ppningen.<\/p>\n<p>[\/et_pb_text][\/et_pb_column][\/et_pb_row][et_pb_row column_structure=&#8221;1_2,1_2&#8243; use_custom_gutter=&#8221;on&#8221; gutter_width=&#8221;1&#8243; make_equal=&#8221;on&#8221; admin_label=&#8221;Row&#8221; _builder_version=&#8221;4.16&#8243; _module_preset=&#8221;default&#8221; width=&#8221;100%&#8221; max_width=&#8221;100%&#8221; custom_margin=&#8221;0px||0px||false|false&#8221; custom_padding=&#8221;0px||0px||false|false&#8221; global_colors_info=&#8221;{}&#8221;][et_pb_column type=&#8221;1_2&#8243; _builder_version=&#8221;4.16&#8243; _module_preset=&#8221;default&#8221; background_color=&#8221;#dedede&#8221; custom_padding=&#8221;5%|40px|5%|6.5%|false|false&#8221; custom_padding_tablet=&#8221;8%|8%|8%|40px|false|false&#8221; custom_padding_phone=&#8221;8%|8%|8%|40px|false|false&#8221; custom_padding_last_edited=&#8221;on|tablet&#8221; global_colors_info=&#8221;{}&#8221;][et_pb_text _builder_version=&#8221;4.23.1&#8243; _module_preset=&#8221;default&#8221; text_font_size=&#8221;18px&#8221; header_3_font_size=&#8221;36px&#8221; max_width=&#8221;480px&#8221; max_width_tablet=&#8221;&#8221; max_width_phone=&#8221;&#8221; max_width_last_edited=&#8221;on|tablet&#8221; hover_enabled=&#8221;0&#8243; module_alignment_tablet=&#8221;left&#8221; module_alignment_phone=&#8221;left&#8221; module_alignment_last_edited=&#8221;on|phone&#8221; global_colors_info=&#8221;{}&#8221; sticky_enabled=&#8221;0&#8243;]<\/p>\n<h3>V\u00e4lj r\u00e4tt produkt.<\/h3>\n<p>N\u00e4r det g\u00e4ller bockning av kranarmar \u00e4r det r\u00e4tta produktvalet Optima. Optima kan specialtillverkas f\u00f6r kapacitet fr\u00e5n 400 ton till \u00f6ver 5 000 ton och i l\u00e4ngder fr\u00e5n 4 till 20 m i en enda maskin.<\/p>\n<p>[\/et_pb_text][et_pb_button button_url=&#8221;http:\/\/ursviken.com\/sv\/optima&#8221; button_text=&#8221;L\u00e4s mer&#8221; _builder_version=&#8221;4.23.1&#8243; _module_preset=&#8221;5eeb76c6-4286-418d-b9ff-46a6d4c1599e&#8221; hover_enabled=&#8221;0&#8243; global_colors_info=&#8221;{}&#8221; sticky_enabled=&#8221;0&#8243;][\/et_pb_button][\/et_pb_column][et_pb_column type=&#8221;1_2&#8243; _builder_version=&#8221;4.16&#8243; _module_preset=&#8221;default&#8221; background_image=&#8221;https:\/\/www.ursviken.com\/wp-content\/uploads\/2022\/04\/SSAB_Polen_2_ny_skylt2-scaled.jpg&#8221; custom_css_main_element=&#8221;display: block!important;||min-height: 420px!important;&#8221; global_colors_info=&#8221;{}&#8221;][\/et_pb_column][\/et_pb_row][\/et_pb_section]<\/p>\n","protected":false},"excerpt":{"rendered":"<p>L\u00f6sningar f\u00f6rkranarmarAtt bibeh\u00e5lla bockningsprecisionen l\u00e4ngs maskinens hela l\u00e4ngd vid tillverkning av segment till teleskopkranarmar \u00e4r en stor utmaning. R\u00e4kna med [&hellip;]<\/p>\n","protected":false},"author":4,"featured_media":0,"parent":4288,"menu_order":0,"comment_status":"closed","ping_status":"closed","template":"","meta":{"_et_pb_use_builder":"on","_et_pb_old_content":"","_et_gb_content_width":"","_improvement_type_select":"improve_an_existing","_thumb_yes_seoaic":false,"_frame_yes_seoaic":false,"seoaic_generate_description":"","seoaic_improve_instructions_prompt":"","seoaic_rollback_content_improvement":"","seoaic_idea_thumbnail_generator":"","thumbnail_generated":false,"thumbnail_generate_prompt":"","seoaic_article_description":"","footnotes":""},"class_list":["post-4317","page","type-page","status-publish","hentry"],"yoast_head":"<!-- This site is optimized with the Yoast SEO plugin v27.5 - https:\/\/yoast.com\/product\/yoast-seo-wordpress\/ -->\n<title>Kranarmar - Ursviken<\/title>\n<meta name=\"description\" content=\"N\u00e4r det g\u00e4ller bockning av kranarmar \u00e4r det r\u00e4tta produktvalet Ursviken Optima.\" \/>\n<meta name=\"robots\" content=\"index, follow, max-snippet:-1, max-image-preview:large, max-video-preview:-1\" \/>\n<link rel=\"canonical\" href=\"https:\/\/www.ursviken.com\/sv\/losningar\/kranarmar\/\" \/>\n<meta property=\"og:locale\" content=\"sv_SE\" \/>\n<meta property=\"og:type\" content=\"article\" \/>\n<meta property=\"og:title\" content=\"Kranarmar - Ursviken\" \/>\n<meta property=\"og:description\" content=\"N\u00e4r det g\u00e4ller bockning av kranarmar \u00e4r det r\u00e4tta produktvalet Ursviken Optima.\" \/>\n<meta property=\"og:url\" content=\"https:\/\/www.ursviken.com\/sv\/losningar\/kranarmar\/\" \/>\n<meta property=\"og:site_name\" content=\"Ursviken\" \/>\n<meta property=\"article:modified_time\" content=\"2023-11-27T19:48:44+00:00\" \/>\n<meta name=\"twitter:card\" content=\"summary_large_image\" \/>\n<meta name=\"twitter:label1\" content=\"Ber\u00e4knad l\u00e4stid\" \/>\n\t<meta name=\"twitter:data1\" content=\"2 minuter\" \/>\n<script type=\"application\/ld+json\" class=\"yoast-schema-graph\">{\"@context\":\"https:\\\/\\\/schema.org\",\"@graph\":[{\"@type\":\"WebPage\",\"@id\":\"https:\\\/\\\/www.ursviken.com\\\/sv\\\/losningar\\\/kranarmar\\\/\",\"url\":\"https:\\\/\\\/www.ursviken.com\\\/sv\\\/losningar\\\/kranarmar\\\/\",\"name\":\"Kranarmar - Ursviken\",\"isPartOf\":{\"@id\":\"https:\\\/\\\/www.ursviken.com\\\/sv\\\/#website\"},\"datePublished\":\"2022-08-22T11:49:34+00:00\",\"dateModified\":\"2023-11-27T19:48:44+00:00\",\"description\":\"N\u00e4r det g\u00e4ller bockning av kranarmar \u00e4r det r\u00e4tta produktvalet Ursviken Optima.\",\"breadcrumb\":{\"@id\":\"https:\\\/\\\/www.ursviken.com\\\/sv\\\/losningar\\\/kranarmar\\\/#breadcrumb\"},\"inLanguage\":\"sv-SE\",\"potentialAction\":[{\"@type\":\"ReadAction\",\"target\":[\"https:\\\/\\\/www.ursviken.com\\\/sv\\\/losningar\\\/kranarmar\\\/\"]}]},{\"@type\":\"BreadcrumbList\",\"@id\":\"https:\\\/\\\/www.ursviken.com\\\/sv\\\/losningar\\\/kranarmar\\\/#breadcrumb\",\"itemListElement\":[{\"@type\":\"ListItem\",\"position\":1,\"name\":\"Hem\",\"item\":\"https:\\\/\\\/www.ursviken.com\\\/sv\\\/\"},{\"@type\":\"ListItem\",\"position\":2,\"name\":\"L\u00f6sningar\",\"item\":\"https:\\\/\\\/www.ursviken.com\\\/sv\\\/losningar\\\/\"},{\"@type\":\"ListItem\",\"position\":3,\"name\":\"Kranarmar\"}]},{\"@type\":\"WebSite\",\"@id\":\"https:\\\/\\\/www.ursviken.com\\\/sv\\\/#website\",\"url\":\"https:\\\/\\\/www.ursviken.com\\\/sv\\\/\",\"name\":\"Ursviken\",\"description\":\"\",\"potentialAction\":[{\"@type\":\"SearchAction\",\"target\":{\"@type\":\"EntryPoint\",\"urlTemplate\":\"https:\\\/\\\/www.ursviken.com\\\/sv\\\/?s={search_term_string}\"},\"query-input\":{\"@type\":\"PropertyValueSpecification\",\"valueRequired\":true,\"valueName\":\"search_term_string\"}}],\"inLanguage\":\"sv-SE\"}]}<\/script>\n<!-- \/ Yoast SEO plugin. -->","yoast_head_json":{"title":"Kranarmar - Ursviken","description":"N\u00e4r det g\u00e4ller bockning av kranarmar \u00e4r det r\u00e4tta produktvalet Ursviken Optima.","robots":{"index":"index","follow":"follow","max-snippet":"max-snippet:-1","max-image-preview":"max-image-preview:large","max-video-preview":"max-video-preview:-1"},"canonical":"https:\/\/www.ursviken.com\/sv\/losningar\/kranarmar\/","og_locale":"sv_SE","og_type":"article","og_title":"Kranarmar - Ursviken","og_description":"N\u00e4r det g\u00e4ller bockning av kranarmar \u00e4r det r\u00e4tta produktvalet Ursviken Optima.","og_url":"https:\/\/www.ursviken.com\/sv\/losningar\/kranarmar\/","og_site_name":"Ursviken","article_modified_time":"2023-11-27T19:48:44+00:00","twitter_card":"summary_large_image","twitter_misc":{"Ber\u00e4knad l\u00e4stid":"2 minuter"},"schema":{"@context":"https:\/\/schema.org","@graph":[{"@type":"WebPage","@id":"https:\/\/www.ursviken.com\/sv\/losningar\/kranarmar\/","url":"https:\/\/www.ursviken.com\/sv\/losningar\/kranarmar\/","name":"Kranarmar - Ursviken","isPartOf":{"@id":"https:\/\/www.ursviken.com\/sv\/#website"},"datePublished":"2022-08-22T11:49:34+00:00","dateModified":"2023-11-27T19:48:44+00:00","description":"N\u00e4r det g\u00e4ller bockning av kranarmar \u00e4r det r\u00e4tta produktvalet Ursviken Optima.","breadcrumb":{"@id":"https:\/\/www.ursviken.com\/sv\/losningar\/kranarmar\/#breadcrumb"},"inLanguage":"sv-SE","potentialAction":[{"@type":"ReadAction","target":["https:\/\/www.ursviken.com\/sv\/losningar\/kranarmar\/"]}]},{"@type":"BreadcrumbList","@id":"https:\/\/www.ursviken.com\/sv\/losningar\/kranarmar\/#breadcrumb","itemListElement":[{"@type":"ListItem","position":1,"name":"Hem","item":"https:\/\/www.ursviken.com\/sv\/"},{"@type":"ListItem","position":2,"name":"L\u00f6sningar","item":"https:\/\/www.ursviken.com\/sv\/losningar\/"},{"@type":"ListItem","position":3,"name":"Kranarmar"}]},{"@type":"WebSite","@id":"https:\/\/www.ursviken.com\/sv\/#website","url":"https:\/\/www.ursviken.com\/sv\/","name":"Ursviken","description":"","potentialAction":[{"@type":"SearchAction","target":{"@type":"EntryPoint","urlTemplate":"https:\/\/www.ursviken.com\/sv\/?s={search_term_string}"},"query-input":{"@type":"PropertyValueSpecification","valueRequired":true,"valueName":"search_term_string"}}],"inLanguage":"sv-SE"}]}},"_links":{"self":[{"href":"https:\/\/www.ursviken.com\/sv\/wp-json\/wp\/v2\/pages\/4317","targetHints":{"allow":["GET"]}}],"collection":[{"href":"https:\/\/www.ursviken.com\/sv\/wp-json\/wp\/v2\/pages"}],"about":[{"href":"https:\/\/www.ursviken.com\/sv\/wp-json\/wp\/v2\/types\/page"}],"author":[{"embeddable":true,"href":"https:\/\/www.ursviken.com\/sv\/wp-json\/wp\/v2\/users\/4"}],"replies":[{"embeddable":true,"href":"https:\/\/www.ursviken.com\/sv\/wp-json\/wp\/v2\/comments?post=4317"}],"version-history":[{"count":3,"href":"https:\/\/www.ursviken.com\/sv\/wp-json\/wp\/v2\/pages\/4317\/revisions"}],"predecessor-version":[{"id":4322,"href":"https:\/\/www.ursviken.com\/sv\/wp-json\/wp\/v2\/pages\/4317\/revisions\/4322"}],"up":[{"embeddable":true,"href":"https:\/\/www.ursviken.com\/sv\/wp-json\/wp\/v2\/pages\/4288"}],"wp:attachment":[{"href":"https:\/\/www.ursviken.com\/sv\/wp-json\/wp\/v2\/media?parent=4317"}],"curies":[{"name":"wp","href":"https:\/\/api.w.org\/{rel}","templated":true}]}}