{"id":4292,"date":"2023-11-16T15:42:54","date_gmt":"2023-11-16T15:42:54","guid":{"rendered":"https:\/\/www.ursviken.com\/losningar\/construction\/"},"modified":"2023-11-27T17:24:00","modified_gmt":"2023-11-27T17:24:00","slug":"bygg","status":"publish","type":"page","link":"https:\/\/www.ursviken.com\/sv\/losningar\/bygg\/","title":{"rendered":"Bygg"},"content":{"rendered":"<p>[et_pb_section fb_built=&#8221;1&#8243; _builder_version=&#8221;4.16&#8243; _module_preset=&#8221;default&#8221; custom_margin=&#8221;0px||0px||false|false&#8221; custom_padding=&#8221;0px||0px||false|false&#8221; global_colors_info=&#8221;{}&#8221;][et_pb_row column_structure=&#8221;1_2,1_2&#8243; use_custom_gutter=&#8221;on&#8221; gutter_width=&#8221;1&#8243; make_equal=&#8221;on&#8221; admin_label=&#8221;Row&#8221; _builder_version=&#8221;4.16&#8243; _module_preset=&#8221;default&#8221; width=&#8221;100%&#8221; max_width=&#8221;100%&#8221; custom_margin=&#8221;0px||0px||false|false&#8221; custom_padding=&#8221;0px||0px||false|false&#8221; global_colors_info=&#8221;{}&#8221;][et_pb_column type=&#8221;1_2&#8243; _builder_version=&#8221;4.16&#8243; _module_preset=&#8221;default&#8221; background_image=&#8221;https:\/\/www.ursviken.com\/wp-content\/uploads\/2021\/12\/optima_vinkel.0002-scaled.jpg&#8221; custom_css_main_element=&#8221;display: block!important;||min-height: 420px!important;&#8221; global_colors_info=&#8221;{}&#8221;][\/et_pb_column][et_pb_column type=&#8221;1_2&#8243; _builder_version=&#8221;4.16&#8243; _module_preset=&#8221;default&#8221; background_color=&#8221;#dedede&#8221; custom_padding=&#8221;5%|40px|5%|6.5%|false|false&#8221; custom_padding_tablet=&#8221;8%|40px|8%|8%|false|false&#8221; custom_padding_phone=&#8221;8%|40px|8%|8%|false|false&#8221; custom_padding_last_edited=&#8221;on|phone&#8221; global_colors_info=&#8221;{}&#8221;][et_pb_text _builder_version=&#8221;4.23.1&#8243; _module_preset=&#8221;default&#8221; header_font=&#8221;|300|||||||&#8221; header_2_font=&#8221;|300|||||||&#8221; header_2_font_size=&#8221;48px&#8221; header_font_size_tablet=&#8221;38px&#8221; header_font_size_phone=&#8221;36px&#8221; header_font_size_last_edited=&#8221;on|desktop&#8221; header_2_font_size_tablet=&#8221;44px&#8221; header_2_font_size_phone=&#8221;48px&#8221; header_2_font_size_last_edited=&#8221;on|phone&#8221; locked=&#8221;off&#8221; global_colors_info=&#8221;{}&#8221;]<\/p>\n<h1 class=\"symbol-first-line\">L\u00f6sningar f\u00f6r bygg<\/h1>\n<p>[\/et_pb_text][et_pb_text _builder_version=&#8221;4.23.1&#8243; _module_preset=&#8221;default&#8221; text_font_size=&#8221;18px&#8221; max_width=&#8221;480px&#8221; max_width_tablet=&#8221;&#8221; max_width_phone=&#8221;&#8221; max_width_last_edited=&#8221;on|phone&#8221; global_colors_info=&#8221;{}&#8221;]<\/p>\n<p>Vi f\u00f6rst\u00e5r att det inte finns tv\u00e5 kunder med identiska behov. D\u00e4rf\u00f6r tillverkar Ursviken aldrig samma maskin tv\u00e5 g\u00e5nger. Vi har expertisen f\u00f6r att kunna erbjuda kantpress, styrning, automation och skydd f\u00f6r att maximera er produktivitet och vinst.<\/p>\n<p>[\/et_pb_text][\/et_pb_column][\/et_pb_row][\/et_pb_section][et_pb_section fb_built=&#8221;1&#8243; _builder_version=&#8221;4.16&#8243; _module_preset=&#8221;default&#8221; custom_padding=&#8221;||0px||false|false&#8221; global_colors_info=&#8221;{}&#8221;][et_pb_row column_structure=&#8221;2_5,3_5&#8243; make_equal=&#8221;on&#8221; _builder_version=&#8221;4.16&#8243; _module_preset=&#8221;default&#8221; custom_margin=&#8221;||80px||false|false&#8221; custom_margin_tablet=&#8221;||40px||false|false&#8221; custom_margin_phone=&#8221;||40px||false|false&#8221; custom_margin_last_edited=&#8221;on|phone&#8221; custom_padding=&#8221;||0px||false|false&#8221; custom_css_main_element=&#8221;display: flex;||align-items: center;&#8221; locked=&#8221;off&#8221; global_colors_info=&#8221;{}&#8221; custom_css_main_element_last_edited=&#8221;on|desktop&#8221; custom_css_main_element_phone=&#8221;display: flex;||align-items: center;||flex-direction: column;&#8221; custom_css_main_element_tablet=&#8221;display: flex;||flex-direction: column;&#8221;][et_pb_column type=&#8221;2_5&#8243; _builder_version=&#8221;4.16&#8243; _module_preset=&#8221;default&#8221; global_colors_info=&#8221;{}&#8221;][et_pb_text _builder_version=&#8221;4.23.1&#8243; _module_preset=&#8221;default&#8221; header_3_font_size=&#8221;36px&#8221; global_colors_info=&#8221;{}&#8221;]<\/p>\n<h3>Skr\u00e4ddarsytt som standard.<\/h3>\n<p>[\/et_pb_text][et_pb_text _builder_version=&#8221;4.23.1&#8243; _module_preset=&#8221;default&#8221; custom_padding=&#8221;0px|||||&#8221; global_colors_info=&#8221;{}&#8221;]<\/p>\n<p>Vi bygger varje Optima kantpress enligt kundens specifikationer.<\/p>\n<p>Exakt, repeterbar prestanda \u00e4r ett av k\u00e4nnetecknen f\u00f6r kantpressarna fr\u00e5n Ursviken som gjort oss till v\u00e4rldsledande p\u00e5 precisionsbockning av metall, \u00e4nda fr\u00e5n starten 1902 d\u00e5 vi byggde v\u00e5r f\u00f6rsta maskin.<\/p>\n<ul><\/ul>\n<p>[\/et_pb_text][\/et_pb_column][et_pb_column type=&#8221;3_5&#8243; _builder_version=&#8221;4.16&#8243; _module_preset=&#8221;default&#8221; use_background_color_gradient=&#8221;on&#8221; background_color_gradient_stops=&#8221;rgba(43,135,218,0.65) 0%|rgba(12,113,195,0.65) 100%&#8221; background_color_gradient_start=&#8221;rgba(43,135,218,0.65)&#8221; background_color_gradient_end=&#8221;rgba(12,113,195,0.65)&#8221; background_image=&#8221;https:\/\/www.ursviken.com\/wp-content\/uploads\/2022\/04\/SSAB_Polen_2_ny_skylt2-1-1024&#215;650.jpg&#8221; custom_padding=&#8221;220px||220px||false|false&#8221; custom_css_main_element=&#8221;align-self: stretch;&#8221; global_colors_info=&#8221;{}&#8221;][et_pb_text _builder_version=&#8221;4.16&#8243; _module_preset=&#8221;default&#8221; text_font=&#8221;||||||||&#8221; text_text_color=&#8221;#FFFFFF&#8221; text_font_size=&#8221;20px&#8221; text_orientation=&#8221;center&#8221; background_layout=&#8221;dark&#8221; max_width=&#8221;360px&#8221; module_alignment=&#8221;center&#8221; global_colors_info=&#8221;{}&#8221;][\/et_pb_text][\/et_pb_column][\/et_pb_row][et_pb_row column_structure=&#8221;1_3,2_3&#8243; use_custom_gutter=&#8221;on&#8221; gutter_width=&#8221;1&#8243; make_equal=&#8221;on&#8221; admin_label=&#8221;Row&#8221; _builder_version=&#8221;4.16&#8243; _module_preset=&#8221;default&#8221; width=&#8221;100%&#8221; max_width=&#8221;100%&#8221; min_height=&#8221;549.1px&#8221; custom_margin=&#8221;0px||0px||false|false&#8221; custom_padding=&#8221;0px||0px||false|false&#8221; global_colors_info=&#8221;{}&#8221;][et_pb_column type=&#8221;1_3&#8243; _builder_version=&#8221;4.16&#8243; _module_preset=&#8221;default&#8221; background_image=&#8221;https:\/\/www.ursviken.com\/wp-content\/uploads\/2022\/10\/vdt-web.png&#8221; custom_css_main_element=&#8221;display: block!important;||min-height: 420px!important;&#8221; global_colors_info=&#8221;{}&#8221;][\/et_pb_column][et_pb_column type=&#8221;2_3&#8243; _builder_version=&#8221;4.16&#8243; _module_preset=&#8221;default&#8221; background_color=&#8221;#dedede&#8221; custom_padding=&#8221;5%|40px|5%|6.5%|false|false&#8221; custom_padding_tablet=&#8221;8%|40px|8%|8%|false|false&#8221; custom_padding_phone=&#8221;8%|40px|8%|8%|false|false&#8221; custom_padding_last_edited=&#8221;on|phone&#8221; global_colors_info=&#8221;{}&#8221;][et_pb_text _builder_version=&#8221;4.23.1&#8243; _module_preset=&#8221;default&#8221; header_3_font_size=&#8221;36px&#8221; custom_margin_tablet=&#8221;||||false|false&#8221; custom_margin_phone=&#8221;||||false|false&#8221; custom_margin_last_edited=&#8221;on|tablet&#8221; global_colors_info=&#8221;{}&#8221;]<\/p>\n<h3>Utrusta er maskin med produktivitetsh\u00f6jande tillval.<\/h3>\n<p>[\/et_pb_text][et_pb_text _builder_version=&#8221;4.23.1&#8243; _module_preset=&#8221;default&#8221; text_font_size=&#8221;18px&#8221; max_width=&#8221;1044px&#8221; max_width_tablet=&#8221;&#8221; max_width_phone=&#8221;&#8221; max_width_last_edited=&#8221;on|phone&#8221; custom_padding=&#8221;|0px|2px|||&#8221; global_colors_info=&#8221;{}&#8221;]<\/p>\n<p><strong>Variable Die Tool (VDT)<\/strong><br \/>\u00d6ka produktiviteten dramatiskt genom att komplettera maskinen med Ursviken VDT. Kombinationen av exakt bockning och snabb omst\u00e4llning av dyn\u00f6ppningen bidrar till att maximera kapaciteten. V\u00e5ra kunder har f\u00e5tt avkastning p\u00e5 sin investering i VDT p\u00e5 s\u00e5 kort tid som fem m\u00e5nader. Kontakta oss f\u00f6r att ta reda p\u00e5 mer om vad VDT kan g\u00f6ra f\u00f6r er produktion. \u00a0<\/p>\n<p><strong>Verktygsmagasin<\/strong><br \/>Ursvikens verktygsmagasin minskar o\u00f6nskade avbrott i produktionen och f\u00f6rb\u00e4ttrar operat\u00f6rens arbetsmilj\u00f6 genom att g\u00f6ra det enkelt att snabbt komma \u00e5t och byta verktygen. \u00a0<\/p>\n<p><strong>EcoPump<\/strong><br \/>Energipriserna \u00f6kar, men Ursvikens EcoPump kan minska energif\u00f6rbrukningen med upp till 95 procent genom att motorns frekvens regleras under bockningscykeln. Andra f\u00f6rdelar \u00e4r minskad f\u00f6rslitning av hydraulpumpen och motorn, minskad ljudniv\u00e5 och oljetemperatur samt \u00f6kad livsl\u00e4ngd f\u00f6r hydrauloljan.\u00a0<\/p>\n<p>[\/et_pb_text][\/et_pb_column][\/et_pb_row][et_pb_row _builder_version=&#8221;4.16&#8243; _module_preset=&#8221;default&#8221; custom_margin=&#8221;||40px||false|false&#8221; custom_margin_tablet=&#8221;||20px||false|false&#8221; custom_margin_phone=&#8221;||20px||false|false&#8221; custom_margin_last_edited=&#8221;on|tablet&#8221; custom_padding=&#8221;||0px||false|false&#8221; custom_css_main_element=&#8221;display: flex;||align-items: center;&#8221; locked=&#8221;off&#8221; global_colors_info=&#8221;{}&#8221; custom_css_main_element_last_edited=&#8221;on|phone&#8221; custom_css_main_element_phone=&#8221;display: flex;||align-items: center;||flex-direction: column-reverse;&#8221; custom_css_main_element_tablet=&#8221;display: flex;||flex-direction: column-reverse;&#8221;][et_pb_column type=&#8221;4_4&#8243; _builder_version=&#8221;4.16&#8243; _module_preset=&#8221;default&#8221; global_colors_info=&#8221;{}&#8221;][et_pb_text _builder_version=&#8221;4.23.1&#8243; _module_preset=&#8221;default&#8221; header_3_font_size=&#8221;36px&#8221; custom_margin_tablet=&#8221;||||false|false&#8221; custom_margin_phone=&#8221;||||false|false&#8221; custom_margin_last_edited=&#8221;on|tablet&#8221; global_colors_info=&#8221;{}&#8221;]<\/p>\n<h3>Den robusta maskinramen s\u00e4kerst\u00e4ller h\u00f6g precision under maskinens hela livsl\u00e4ngd, minst 30 \u00e5r.<\/h3>\n<p>[\/et_pb_text][\/et_pb_column][\/et_pb_row][et_pb_row column_structure=&#8221;1_2,1_2&#8243; use_custom_gutter=&#8221;on&#8221; gutter_width=&#8221;1&#8243; make_equal=&#8221;on&#8221; admin_label=&#8221;Row&#8221; _builder_version=&#8221;4.16&#8243; _module_preset=&#8221;default&#8221; width=&#8221;100%&#8221; max_width=&#8221;100%&#8221; custom_margin=&#8221;0px||0px||false|false&#8221; custom_padding=&#8221;0px||0px||false|false&#8221; global_colors_info=&#8221;{}&#8221;][et_pb_column type=&#8221;1_2&#8243; _builder_version=&#8221;4.16&#8243; _module_preset=&#8221;default&#8221; background_color=&#8221;#dedede&#8221; custom_padding=&#8221;5%|40px|5%|6.5%|false|false&#8221; custom_padding_tablet=&#8221;8%|8%|8%|40px|false|false&#8221; custom_padding_phone=&#8221;8%|8%|8%|40px|false|false&#8221; custom_padding_last_edited=&#8221;on|tablet&#8221; global_colors_info=&#8221;{}&#8221;][et_pb_text _builder_version=&#8221;4.23.1&#8243; _module_preset=&#8221;default&#8221; text_font_size=&#8221;18px&#8221; header_3_font_size=&#8221;36px&#8221; max_width=&#8221;480px&#8221; max_width_tablet=&#8221;&#8221; max_width_phone=&#8221;&#8221; max_width_last_edited=&#8221;on|tablet&#8221; module_alignment_tablet=&#8221;left&#8221; module_alignment_phone=&#8221;left&#8221; module_alignment_last_edited=&#8221;on|phone&#8221; global_colors_info=&#8221;{}&#8221;]<\/p>\n<h3>V\u00e4lj r\u00e4tt produkt.<\/h3>\n<p>Optima \u00e4r r\u00e4tt produktval. Optima kan specialtillverkas f\u00f6r kapacitet fr\u00e5n 400 ton till \u00f6ver 5 000 ton och i l\u00e4ngder fr\u00e5n 4 till 20 m.<\/p>\n<p>[\/et_pb_text][et_pb_button button_url=&#8221;https:\/\/www.ursviken.com\/sv\/optima\/&#8221; button_text=&#8221;L\u00e4s mer&#8221; _builder_version=&#8221;4.23.1&#8243; _module_preset=&#8221;5eeb76c6-4286-418d-b9ff-46a6d4c1599e&#8221; global_colors_info=&#8221;{}&#8221;][\/et_pb_button][\/et_pb_column][et_pb_column type=&#8221;1_2&#8243; _builder_version=&#8221;4.16&#8243; _module_preset=&#8221;default&#8221; background_image=&#8221;https:\/\/www.ursviken.com\/wp-content\/uploads\/2022\/04\/SSAB_Polen_2_ny_skylt2-scaled.jpg&#8221; custom_css_main_element=&#8221;display: block!important;||min-height: 420px!important;&#8221; global_colors_info=&#8221;{}&#8221;][\/et_pb_column][\/et_pb_row][\/et_pb_section]<\/p>\n","protected":false},"excerpt":{"rendered":"<p>L\u00f6sningar f\u00f6r byggVi f\u00f6rst\u00e5r att det inte finns tv\u00e5 kunder med identiska behov. D\u00e4rf\u00f6r tillverkar Ursviken aldrig samma maskin tv\u00e5 [&hellip;]<\/p>\n","protected":false},"author":4,"featured_media":0,"parent":4288,"menu_order":0,"comment_status":"closed","ping_status":"closed","template":"","meta":{"_et_pb_use_builder":"on","_et_pb_old_content":"","_et_gb_content_width":"","_improvement_type_select":"improve_an_existing","_thumb_yes_seoaic":false,"_frame_yes_seoaic":false,"seoaic_generate_description":"","seoaic_improve_instructions_prompt":"","seoaic_rollback_content_improvement":"","seoaic_idea_thumbnail_generator":"","thumbnail_generated":false,"thumbnail_generate_prompt":"","seoaic_article_description":"","footnotes":""},"class_list":["post-4292","page","type-page","status-publish","hentry"],"yoast_head":"<!-- This site is optimized with the Yoast SEO plugin v27.5 - https:\/\/yoast.com\/product\/yoast-seo-wordpress\/ -->\n<title>Bygg - Ursviken<\/title>\n<meta name=\"description\" content=\"Vi har expertisen f\u00f6r att kunna erbjuda kantpress, styrning, automation och skydd f\u00f6r att maximera er produktivitet och vinst\" \/>\n<meta name=\"robots\" content=\"index, follow, max-snippet:-1, max-image-preview:large, max-video-preview:-1\" \/>\n<link rel=\"canonical\" href=\"https:\/\/www.ursviken.com\/sv\/losningar\/bygg\/\" \/>\n<meta property=\"og:locale\" content=\"sv_SE\" \/>\n<meta property=\"og:type\" content=\"article\" \/>\n<meta property=\"og:title\" content=\"Bygg - Ursviken\" \/>\n<meta property=\"og:description\" content=\"Vi har expertisen f\u00f6r att kunna erbjuda kantpress, styrning, automation och skydd f\u00f6r att maximera er produktivitet och vinst\" \/>\n<meta property=\"og:url\" content=\"https:\/\/www.ursviken.com\/sv\/losningar\/bygg\/\" \/>\n<meta property=\"og:site_name\" content=\"Ursviken\" \/>\n<meta property=\"article:modified_time\" content=\"2023-11-27T17:24:00+00:00\" \/>\n<meta name=\"twitter:card\" content=\"summary_large_image\" \/>\n<meta name=\"twitter:label1\" content=\"Ber\u00e4knad l\u00e4stid\" \/>\n\t<meta name=\"twitter:data1\" content=\"3 minuter\" \/>\n<script type=\"application\/ld+json\" class=\"yoast-schema-graph\">{\"@context\":\"https:\\\/\\\/schema.org\",\"@graph\":[{\"@type\":\"WebPage\",\"@id\":\"https:\\\/\\\/www.ursviken.com\\\/sv\\\/losningar\\\/bygg\\\/\",\"url\":\"https:\\\/\\\/www.ursviken.com\\\/sv\\\/losningar\\\/bygg\\\/\",\"name\":\"Bygg - Ursviken\",\"isPartOf\":{\"@id\":\"https:\\\/\\\/www.ursviken.com\\\/sv\\\/#website\"},\"datePublished\":\"2023-11-16T15:42:54+00:00\",\"dateModified\":\"2023-11-27T17:24:00+00:00\",\"description\":\"Vi har expertisen f\u00f6r att kunna erbjuda kantpress, styrning, automation och skydd f\u00f6r att maximera er produktivitet och vinst\",\"breadcrumb\":{\"@id\":\"https:\\\/\\\/www.ursviken.com\\\/sv\\\/losningar\\\/bygg\\\/#breadcrumb\"},\"inLanguage\":\"sv-SE\",\"potentialAction\":[{\"@type\":\"ReadAction\",\"target\":[\"https:\\\/\\\/www.ursviken.com\\\/sv\\\/losningar\\\/bygg\\\/\"]}]},{\"@type\":\"BreadcrumbList\",\"@id\":\"https:\\\/\\\/www.ursviken.com\\\/sv\\\/losningar\\\/bygg\\\/#breadcrumb\",\"itemListElement\":[{\"@type\":\"ListItem\",\"position\":1,\"name\":\"Hem\",\"item\":\"https:\\\/\\\/www.ursviken.com\\\/sv\\\/\"},{\"@type\":\"ListItem\",\"position\":2,\"name\":\"L\u00f6sningar\",\"item\":\"https:\\\/\\\/www.ursviken.com\\\/sv\\\/losningar\\\/\"},{\"@type\":\"ListItem\",\"position\":3,\"name\":\"Bygg\"}]},{\"@type\":\"WebSite\",\"@id\":\"https:\\\/\\\/www.ursviken.com\\\/sv\\\/#website\",\"url\":\"https:\\\/\\\/www.ursviken.com\\\/sv\\\/\",\"name\":\"Ursviken\",\"description\":\"\",\"potentialAction\":[{\"@type\":\"SearchAction\",\"target\":{\"@type\":\"EntryPoint\",\"urlTemplate\":\"https:\\\/\\\/www.ursviken.com\\\/sv\\\/?s={search_term_string}\"},\"query-input\":{\"@type\":\"PropertyValueSpecification\",\"valueRequired\":true,\"valueName\":\"search_term_string\"}}],\"inLanguage\":\"sv-SE\"}]}<\/script>\n<!-- \/ Yoast SEO plugin. -->","yoast_head_json":{"title":"Bygg - Ursviken","description":"Vi har expertisen f\u00f6r att kunna erbjuda kantpress, styrning, automation och skydd f\u00f6r att maximera er produktivitet och vinst","robots":{"index":"index","follow":"follow","max-snippet":"max-snippet:-1","max-image-preview":"max-image-preview:large","max-video-preview":"max-video-preview:-1"},"canonical":"https:\/\/www.ursviken.com\/sv\/losningar\/bygg\/","og_locale":"sv_SE","og_type":"article","og_title":"Bygg - Ursviken","og_description":"Vi har expertisen f\u00f6r att kunna erbjuda kantpress, styrning, automation och skydd f\u00f6r att maximera er produktivitet och vinst","og_url":"https:\/\/www.ursviken.com\/sv\/losningar\/bygg\/","og_site_name":"Ursviken","article_modified_time":"2023-11-27T17:24:00+00:00","twitter_card":"summary_large_image","twitter_misc":{"Ber\u00e4knad l\u00e4stid":"3 minuter"},"schema":{"@context":"https:\/\/schema.org","@graph":[{"@type":"WebPage","@id":"https:\/\/www.ursviken.com\/sv\/losningar\/bygg\/","url":"https:\/\/www.ursviken.com\/sv\/losningar\/bygg\/","name":"Bygg - Ursviken","isPartOf":{"@id":"https:\/\/www.ursviken.com\/sv\/#website"},"datePublished":"2023-11-16T15:42:54+00:00","dateModified":"2023-11-27T17:24:00+00:00","description":"Vi har expertisen f\u00f6r att kunna erbjuda kantpress, styrning, automation och skydd f\u00f6r att maximera er produktivitet och vinst","breadcrumb":{"@id":"https:\/\/www.ursviken.com\/sv\/losningar\/bygg\/#breadcrumb"},"inLanguage":"sv-SE","potentialAction":[{"@type":"ReadAction","target":["https:\/\/www.ursviken.com\/sv\/losningar\/bygg\/"]}]},{"@type":"BreadcrumbList","@id":"https:\/\/www.ursviken.com\/sv\/losningar\/bygg\/#breadcrumb","itemListElement":[{"@type":"ListItem","position":1,"name":"Hem","item":"https:\/\/www.ursviken.com\/sv\/"},{"@type":"ListItem","position":2,"name":"L\u00f6sningar","item":"https:\/\/www.ursviken.com\/sv\/losningar\/"},{"@type":"ListItem","position":3,"name":"Bygg"}]},{"@type":"WebSite","@id":"https:\/\/www.ursviken.com\/sv\/#website","url":"https:\/\/www.ursviken.com\/sv\/","name":"Ursviken","description":"","potentialAction":[{"@type":"SearchAction","target":{"@type":"EntryPoint","urlTemplate":"https:\/\/www.ursviken.com\/sv\/?s={search_term_string}"},"query-input":{"@type":"PropertyValueSpecification","valueRequired":true,"valueName":"search_term_string"}}],"inLanguage":"sv-SE"}]}},"_links":{"self":[{"href":"https:\/\/www.ursviken.com\/sv\/wp-json\/wp\/v2\/pages\/4292","targetHints":{"allow":["GET"]}}],"collection":[{"href":"https:\/\/www.ursviken.com\/sv\/wp-json\/wp\/v2\/pages"}],"about":[{"href":"https:\/\/www.ursviken.com\/sv\/wp-json\/wp\/v2\/types\/page"}],"author":[{"embeddable":true,"href":"https:\/\/www.ursviken.com\/sv\/wp-json\/wp\/v2\/users\/4"}],"replies":[{"embeddable":true,"href":"https:\/\/www.ursviken.com\/sv\/wp-json\/wp\/v2\/comments?post=4292"}],"version-history":[{"count":7,"href":"https:\/\/www.ursviken.com\/sv\/wp-json\/wp\/v2\/pages\/4292\/revisions"}],"predecessor-version":[{"id":4306,"href":"https:\/\/www.ursviken.com\/sv\/wp-json\/wp\/v2\/pages\/4292\/revisions\/4306"}],"up":[{"embeddable":true,"href":"https:\/\/www.ursviken.com\/sv\/wp-json\/wp\/v2\/pages\/4288"}],"wp:attachment":[{"href":"https:\/\/www.ursviken.com\/sv\/wp-json\/wp\/v2\/media?parent=4292"}],"curies":[{"name":"wp","href":"https:\/\/api.w.org\/{rel}","templated":true}]}}