{"id":1972,"date":"2021-11-16T13:24:09","date_gmt":"2021-11-16T13:24:09","guid":{"rendered":"https:\/\/www.ursviken.com\/produkter\/"},"modified":"2025-08-27T09:24:20","modified_gmt":"2025-08-27T09:24:20","slug":"produkter","status":"publish","type":"page","link":"https:\/\/www.ursviken.com\/sv\/produkter\/","title":{"rendered":"Produkter"},"content":{"rendered":"<p>[et_pb_section fb_built=&#8221;1&#8243; _builder_version=&#8221;4.16&#8243; _module_preset=&#8221;default&#8221; custom_margin=&#8221;0px||0px||false|false&#8221; custom_padding=&#8221;0px||0px||false|false&#8221; global_colors_info=&#8221;{}&#8221;][et_pb_row column_structure=&#8221;1_2,1_2&#8243; use_custom_gutter=&#8221;on&#8221; gutter_width=&#8221;1&#8243; make_equal=&#8221;on&#8221; admin_label=&#8221;Row&#8221; _builder_version=&#8221;4.16&#8243; _module_preset=&#8221;default&#8221; width=&#8221;100%&#8221; max_width=&#8221;100%&#8221; custom_margin=&#8221;0px||0px||false|false&#8221; custom_padding=&#8221;0px||0px||false|false&#8221; global_colors_info=&#8221;{}&#8221;][et_pb_column type=&#8221;1_2&#8243; _builder_version=&#8221;4.16&#8243; _module_preset=&#8221;default&#8221; background_image=&#8221;https:\/\/www.ursviken.com\/wp-content\/uploads\/2021\/10\/EdelPhoto-1415@2x.png&#8221; custom_css_main_element=&#8221;display: block!important;||min-height: 420px!important;&#8221; global_colors_info=&#8221;{}&#8221;][\/et_pb_column][et_pb_column type=&#8221;1_2&#8243; _builder_version=&#8221;4.16&#8243; _module_preset=&#8221;default&#8221; background_color=&#8221;#dedede&#8221; custom_padding=&#8221;5%|40px|5%|6.5%|false|false&#8221; custom_padding_tablet=&#8221;8%|40px|8%|8%|false|false&#8221; custom_padding_phone=&#8221;8%|40px|8%|8%|false|false&#8221; custom_padding_last_edited=&#8221;on|phone&#8221; global_colors_info=&#8221;{}&#8221;][et_pb_text _builder_version=&#8221;4.16&#8243; _module_preset=&#8221;default&#8221; header_font=&#8221;|300|||||||&#8221; header_2_font=&#8221;|300|||||||&#8221; header_2_font_size=&#8221;48px&#8221; header_font_size_tablet=&#8221;38px&#8221; header_font_size_phone=&#8221;36px&#8221; header_font_size_last_edited=&#8221;on|desktop&#8221; header_2_font_size_tablet=&#8221;44px&#8221; header_2_font_size_phone=&#8221;48px&#8221; header_2_font_size_last_edited=&#8221;on|phone&#8221; locked=&#8221;off&#8221; global_colors_info=&#8221;{}&#8221;]<\/p>\n<h1 class=\"symbol-first-line\">Produkter.<\/h1>\n<p>[\/et_pb_text][et_pb_text _builder_version=&#8221;4.16&#8243; _module_preset=&#8221;default&#8221; text_font_size=&#8221;18px&#8221; max_width=&#8221;480px&#8221; max_width_tablet=&#8221;&#8221; max_width_phone=&#8221;&#8221; max_width_last_edited=&#8221;on|phone&#8221; global_colors_info=&#8221;{}&#8221;]<\/p>\n<p>\u00c4ven det st\u00f6rsta multinationella f\u00f6retagen v\u00e4nder sig till Ursviken med f\u00f6rtroende.<\/p>\n<p>Alla v\u00e5ra produkter \u2013 kantpressar, gradsaxar, CNC-mjukvara och hydraulik \u00e4r av h\u00f6gsta kvalitet tillverkade i Ursviken i norra Sverige. V\u00e5ra maskiner \u00e4r byggda efter samma princip och ingenting l\u00e4mnas \u00e5t slumpen. V\u00e5rt st\u00f6rsta fokus ligger alltid p\u00e5 l\u00e5ng h\u00e5llbarhet och m\u00f6jligheten att f\u00f6rnya och reparera, snarare \u00e4n att k\u00f6pa nytt.<\/p>\n<p>[\/et_pb_text][\/et_pb_column][\/et_pb_row][\/et_pb_section][et_pb_section fb_built=&#8221;1&#8243; _builder_version=&#8221;4.16&#8243; _module_preset=&#8221;default&#8221; global_colors_info=&#8221;{}&#8221;][et_pb_row _builder_version=&#8221;4.16&#8243; _module_preset=&#8221;default&#8221; custom_css_main_element=&#8221;text-align: center;&#8221; global_colors_info=&#8221;{}&#8221;][et_pb_column type=&#8221;4_4&#8243; _builder_version=&#8221;4.16&#8243; _module_preset=&#8221;default&#8221; global_colors_info=&#8221;{}&#8221;][et_pb_text content_tablet=&#8221;<\/p>\n<h2 class=%22symbol-first-line%22>Kantpressteknik<br \/>\noch maskiner, i h\u00f6gsta kvalitet.<\/h2>\n<p>&#8221; content_phone=&#8221;<\/p>\n<h2 class=%22symbol-first-line%22>Kantpressteknik<br \/>\noch maskiner, i h\u00f6gsta kvalitet.<\/h2>\n<p>&#8221; content_last_edited=&#8221;on|desktop&#8221; _builder_version=&#8221;4.27.4&#8243; _module_preset=&#8221;default&#8221; header_2_text_color=&#8221;#058a8c&#8221; header_2_font_size=&#8221;48px&#8221; hover_enabled=&#8221;0&#8243; header_2_font_size_tablet=&#8221;38px&#8221; header_2_font_size_phone=&#8221;36px&#8221; header_2_font_size_last_edited=&#8221;on|phone&#8221; custom_css_main_element=&#8221;display: inline-block;&#8221; global_colors_info=&#8221;{}&#8221; sticky_enabled=&#8221;0&#8243;]<\/p>\n<h2 class=\"symbol-full-height\">Kantpressar, teknologi<br \/>och mjukvara, av h\u00f6gsta kvalitet.<\/h2>\n<p>[\/et_pb_text][\/et_pb_column][\/et_pb_row][et_pb_row _builder_version=&#8221;4.16&#8243; _module_preset=&#8221;default&#8221; custom_css_main_element=&#8221;text-align: center;&#8221; global_colors_info=&#8221;{}&#8221;][et_pb_column type=&#8221;4_4&#8243; _builder_version=&#8221;4.16&#8243; _module_preset=&#8221;default&#8221; custom_padding_tablet=&#8221;||||false|false&#8221; custom_padding_phone=&#8221;||||false|false&#8221; custom_padding_last_edited=&#8221;on|tablet&#8221; global_colors_info=&#8221;{}&#8221; custom_css_main_element_last_edited=&#8221;on|tablet&#8221; custom_css_main_element_tablet=&#8221;margin-bottom: 0;&#8221; custom_css_main_element_phone=&#8221;margin-bottom: 0;&#8221;][et_pb_button button_url=&#8221;@ET-DC@eyJkeW5hbWljIjp0cnVlLCJjb250ZW50IjoicG9zdF9saW5rX3VybF9wYWdlIiwic2V0dGluZ3MiOnsicG9zdF9pZCI6Ijc3MyJ9fQ==@&#8221; button_text=&#8221;Kantpressar&#8221; _builder_version=&#8221;4.16&#8243; _dynamic_attributes=&#8221;button_url&#8221; _module_preset=&#8221;default&#8221; button_text_size=&#8221;16px&#8221; custom_css_main_element=&#8221;min-width: 290px;&#8221; global_colors_info=&#8221;{}&#8221;][\/et_pb_button][et_pb_button button_url=&#8221;@ET-DC@eyJkeW5hbWljIjp0cnVlLCJjb250ZW50IjoicG9zdF9saW5rX3VybF9wYWdlIiwic2V0dGluZ3MiOnsicG9zdF9pZCI6IjYwNyJ9fQ==@&#8221; button_text=&#8221;Saxar&#8221; _builder_version=&#8221;4.16&#8243; _dynamic_attributes=&#8221;button_url&#8221; _module_preset=&#8221;default&#8221; button_text_size=&#8221;16px&#8221; custom_css_main_element=&#8221;min-width: 290px;&#8221; global_colors_info=&#8221;{}&#8221;][\/et_pb_button][et_pb_button button_url=&#8221;@ET-DC@eyJkeW5hbWljIjp0cnVlLCJjb250ZW50IjoicG9zdF9saW5rX3VybF9wYWdlIiwic2V0dGluZ3MiOnsicG9zdF9pZCI6IjgxNCJ9fQ==@&#8221; button_text=&#8221;Hydrauliska skr\u00e4ddarsydda kantpressar&#8221; _builder_version=&#8221;4.23.1&#8243; _dynamic_attributes=&#8221;button_url&#8221; _module_preset=&#8221;default&#8221; button_text_size=&#8221;16px&#8221; custom_css_main_element=&#8221;min-width: 290px;&#8221; global_colors_info=&#8221;{}&#8221;][\/et_pb_button][et_pb_button button_url=&#8221;@ET-DC@eyJkeW5hbWljIjp0cnVlLCJjb250ZW50IjoicG9zdF9saW5rX3VybF9wYWdlIiwic2V0dGluZ3MiOnsicG9zdF9pZCI6IjEwNDYifX0=@&#8221; button_text=&#8221;Verktyg och tillbeh\u00f6r&#8221; _builder_version=&#8221;4.16&#8243; _dynamic_attributes=&#8221;button_url&#8221; _module_preset=&#8221;default&#8221; button_text_size=&#8221;16px&#8221; custom_css_main_element=&#8221;min-width: 290px;&#8221; global_colors_info=&#8221;{}&#8221;][\/et_pb_button][et_pb_button button_url=&#8221;@ET-DC@eyJkeW5hbWljIjp0cnVlLCJjb250ZW50IjoicG9zdF9saW5rX3VybF9wYWdlIiwic2V0dGluZ3MiOnsicG9zdF9pZCI6Ijc2MSJ9fQ==@&#8221; button_text=&#8221;Service&#8221; _builder_version=&#8221;4.16&#8243; _dynamic_attributes=&#8221;button_url&#8221; _module_preset=&#8221;default&#8221; button_text_size=&#8221;16px&#8221; custom_css_main_element=&#8221;min-width: 290px;&#8221; global_colors_info=&#8221;{}&#8221;][\/et_pb_button][\/et_pb_column][\/et_pb_row][\/et_pb_section]<\/p>\n","protected":false},"excerpt":{"rendered":"<p>Produkter.\u00c4ven det st\u00f6rsta multinationella f\u00f6retagen v\u00e4nder sig till Ursviken med f\u00f6rtroende. Alla v\u00e5ra produkter \u2013 kantpressar, gradsaxar, CNC-mjukvara och hydraulik [&hellip;]<\/p>\n","protected":false},"author":2,"featured_media":0,"parent":0,"menu_order":0,"comment_status":"closed","ping_status":"closed","template":"","meta":{"_et_pb_use_builder":"on","_et_pb_old_content":"","_et_gb_content_width":"","_improvement_type_select":"improve_an_existing","_thumb_yes_seoaic":false,"_frame_yes_seoaic":false,"seoaic_generate_description":"","seoaic_improve_instructions_prompt":"","seoaic_rollback_content_improvement":"","seoaic_idea_thumbnail_generator":"","thumbnail_generated":false,"thumbnail_generate_prompt":"","seoaic_article_description":"","footnotes":""},"class_list":["post-1972","page","type-page","status-publish","hentry"],"yoast_head":"<!-- This site is optimized with the Yoast SEO plugin v27.5 - https:\/\/yoast.com\/product\/yoast-seo-wordpress\/ -->\n<title>Produkter - Ursviken<\/title>\n<meta name=\"description\" content=\"Alla v\u00e5ra produkter \u2013 kantpressar, saxar, stansar, CNC-mjukvara, hydraulik och verktygsdiagram \u00e4r av h\u00f6gsta kvalitet tillverkade i Ursviken, Sverige.\" \/>\n<meta name=\"robots\" content=\"index, follow, max-snippet:-1, max-image-preview:large, max-video-preview:-1\" \/>\n<link rel=\"canonical\" href=\"https:\/\/www.ursviken.com\/sv\/produkter\/\" \/>\n<meta property=\"og:locale\" content=\"sv_SE\" \/>\n<meta property=\"og:type\" content=\"article\" \/>\n<meta property=\"og:title\" content=\"Produkter - Ursviken\" \/>\n<meta property=\"og:description\" content=\"Alla v\u00e5ra produkter \u2013 kantpressar, saxar, stansar, CNC-mjukvara, hydraulik och verktygsdiagram \u00e4r av h\u00f6gsta kvalitet tillverkade i Ursviken, Sverige.\" \/>\n<meta property=\"og:url\" content=\"https:\/\/www.ursviken.com\/sv\/produkter\/\" \/>\n<meta property=\"og:site_name\" content=\"Ursviken\" \/>\n<meta property=\"article:modified_time\" content=\"2025-08-27T09:24:20+00:00\" \/>\n<meta name=\"twitter:card\" content=\"summary_large_image\" \/>\n<meta name=\"twitter:label1\" content=\"Ber\u00e4knad l\u00e4stid\" \/>\n\t<meta name=\"twitter:data1\" content=\"2 minuter\" \/>\n<script type=\"application\/ld+json\" class=\"yoast-schema-graph\">{\"@context\":\"https:\\\/\\\/schema.org\",\"@graph\":[{\"@type\":\"WebPage\",\"@id\":\"https:\\\/\\\/www.ursviken.com\\\/sv\\\/produkter\\\/\",\"url\":\"https:\\\/\\\/www.ursviken.com\\\/sv\\\/produkter\\\/\",\"name\":\"Produkter - Ursviken\",\"isPartOf\":{\"@id\":\"https:\\\/\\\/www.ursviken.com\\\/sv\\\/#website\"},\"datePublished\":\"2021-11-16T13:24:09+00:00\",\"dateModified\":\"2025-08-27T09:24:20+00:00\",\"description\":\"Alla v\u00e5ra produkter \u2013 kantpressar, saxar, stansar, CNC-mjukvara, hydraulik och verktygsdiagram \u00e4r av h\u00f6gsta kvalitet tillverkade i Ursviken, Sverige.\",\"breadcrumb\":{\"@id\":\"https:\\\/\\\/www.ursviken.com\\\/sv\\\/produkter\\\/#breadcrumb\"},\"inLanguage\":\"sv-SE\",\"potentialAction\":[{\"@type\":\"ReadAction\",\"target\":[\"https:\\\/\\\/www.ursviken.com\\\/sv\\\/produkter\\\/\"]}]},{\"@type\":\"BreadcrumbList\",\"@id\":\"https:\\\/\\\/www.ursviken.com\\\/sv\\\/produkter\\\/#breadcrumb\",\"itemListElement\":[{\"@type\":\"ListItem\",\"position\":1,\"name\":\"Hem\",\"item\":\"https:\\\/\\\/www.ursviken.com\\\/sv\\\/\"},{\"@type\":\"ListItem\",\"position\":2,\"name\":\"Produkter\"}]},{\"@type\":\"WebSite\",\"@id\":\"https:\\\/\\\/www.ursviken.com\\\/sv\\\/#website\",\"url\":\"https:\\\/\\\/www.ursviken.com\\\/sv\\\/\",\"name\":\"Ursviken\",\"description\":\"\",\"potentialAction\":[{\"@type\":\"SearchAction\",\"target\":{\"@type\":\"EntryPoint\",\"urlTemplate\":\"https:\\\/\\\/www.ursviken.com\\\/sv\\\/?s={search_term_string}\"},\"query-input\":{\"@type\":\"PropertyValueSpecification\",\"valueRequired\":true,\"valueName\":\"search_term_string\"}}],\"inLanguage\":\"sv-SE\"}]}<\/script>\n<!-- \/ Yoast SEO plugin. -->","yoast_head_json":{"title":"Produkter - Ursviken","description":"Alla v\u00e5ra produkter \u2013 kantpressar, saxar, stansar, CNC-mjukvara, hydraulik och verktygsdiagram \u00e4r av h\u00f6gsta kvalitet tillverkade i Ursviken, Sverige.","robots":{"index":"index","follow":"follow","max-snippet":"max-snippet:-1","max-image-preview":"max-image-preview:large","max-video-preview":"max-video-preview:-1"},"canonical":"https:\/\/www.ursviken.com\/sv\/produkter\/","og_locale":"sv_SE","og_type":"article","og_title":"Produkter - Ursviken","og_description":"Alla v\u00e5ra produkter \u2013 kantpressar, saxar, stansar, CNC-mjukvara, hydraulik och verktygsdiagram \u00e4r av h\u00f6gsta kvalitet tillverkade i Ursviken, Sverige.","og_url":"https:\/\/www.ursviken.com\/sv\/produkter\/","og_site_name":"Ursviken","article_modified_time":"2025-08-27T09:24:20+00:00","twitter_card":"summary_large_image","twitter_misc":{"Ber\u00e4knad l\u00e4stid":"2 minuter"},"schema":{"@context":"https:\/\/schema.org","@graph":[{"@type":"WebPage","@id":"https:\/\/www.ursviken.com\/sv\/produkter\/","url":"https:\/\/www.ursviken.com\/sv\/produkter\/","name":"Produkter - Ursviken","isPartOf":{"@id":"https:\/\/www.ursviken.com\/sv\/#website"},"datePublished":"2021-11-16T13:24:09+00:00","dateModified":"2025-08-27T09:24:20+00:00","description":"Alla v\u00e5ra produkter \u2013 kantpressar, saxar, stansar, CNC-mjukvara, hydraulik och verktygsdiagram \u00e4r av h\u00f6gsta kvalitet tillverkade i Ursviken, Sverige.","breadcrumb":{"@id":"https:\/\/www.ursviken.com\/sv\/produkter\/#breadcrumb"},"inLanguage":"sv-SE","potentialAction":[{"@type":"ReadAction","target":["https:\/\/www.ursviken.com\/sv\/produkter\/"]}]},{"@type":"BreadcrumbList","@id":"https:\/\/www.ursviken.com\/sv\/produkter\/#breadcrumb","itemListElement":[{"@type":"ListItem","position":1,"name":"Hem","item":"https:\/\/www.ursviken.com\/sv\/"},{"@type":"ListItem","position":2,"name":"Produkter"}]},{"@type":"WebSite","@id":"https:\/\/www.ursviken.com\/sv\/#website","url":"https:\/\/www.ursviken.com\/sv\/","name":"Ursviken","description":"","potentialAction":[{"@type":"SearchAction","target":{"@type":"EntryPoint","urlTemplate":"https:\/\/www.ursviken.com\/sv\/?s={search_term_string}"},"query-input":{"@type":"PropertyValueSpecification","valueRequired":true,"valueName":"search_term_string"}}],"inLanguage":"sv-SE"}]}},"_links":{"self":[{"href":"https:\/\/www.ursviken.com\/sv\/wp-json\/wp\/v2\/pages\/1972","targetHints":{"allow":["GET"]}}],"collection":[{"href":"https:\/\/www.ursviken.com\/sv\/wp-json\/wp\/v2\/pages"}],"about":[{"href":"https:\/\/www.ursviken.com\/sv\/wp-json\/wp\/v2\/types\/page"}],"author":[{"embeddable":true,"href":"https:\/\/www.ursviken.com\/sv\/wp-json\/wp\/v2\/users\/2"}],"replies":[{"embeddable":true,"href":"https:\/\/www.ursviken.com\/sv\/wp-json\/wp\/v2\/comments?post=1972"}],"version-history":[{"count":7,"href":"https:\/\/www.ursviken.com\/sv\/wp-json\/wp\/v2\/pages\/1972\/revisions"}],"predecessor-version":[{"id":6707,"href":"https:\/\/www.ursviken.com\/sv\/wp-json\/wp\/v2\/pages\/1972\/revisions\/6707"}],"wp:attachment":[{"href":"https:\/\/www.ursviken.com\/sv\/wp-json\/wp\/v2\/media?parent=1972"}],"curies":[{"name":"wp","href":"https:\/\/api.w.org\/{rel}","templated":true}]}}