{"id":4390,"date":"2022-08-22T11:49:34","date_gmt":"2022-08-22T11:49:34","guid":{"rendered":"https:\/\/www.ursviken.com\/crane-arms\/"},"modified":"2023-12-08T16:20:24","modified_gmt":"2023-12-08T16:20:24","slug":"kranarme","status":"publish","type":"page","link":"https:\/\/www.ursviken.com\/de\/kranarme\/","title":{"rendered":"Kranarme"},"content":{"rendered":"<p>[et_pb_section fb_built=&#8220;1&#8243; _builder_version=&#8220;4.16&#8243; _module_preset=&#8220;default&#8220; custom_margin=&#8220;0px||0px||false|false&#8220; custom_padding=&#8220;0px||0px||false|false&#8220; global_colors_info=&#8220;{}&#8220;][et_pb_row column_structure=&#8220;1_2,1_2&#8243; use_custom_gutter=&#8220;on&#8220; gutter_width=&#8220;1&#8243; make_equal=&#8220;on&#8220; admin_label=&#8220;Row&#8220; _builder_version=&#8220;4.16&#8243; _module_preset=&#8220;default&#8220; width=&#8220;100%&#8220; max_width=&#8220;100%&#8220; custom_margin=&#8220;0px||0px||false|false&#8220; custom_padding=&#8220;0px||0px||false|false&#8220; global_colors_info=&#8220;{}&#8220;][et_pb_column type=&#8220;1_2&#8243; _builder_version=&#8220;4.16&#8243; _module_preset=&#8220;default&#8220; background_image=&#8220;https:\/\/www.ursviken.com\/wp-content\/uploads\/2023\/04\/optima_3200_hi_01-scaled.jpg&#8220; custom_css_main_element=&#8220;display: block!important;||min-height: 420px!important;&#8220; global_colors_info=&#8220;{}&#8220;][\/et_pb_column][et_pb_column type=&#8220;1_2&#8243; _builder_version=&#8220;4.16&#8243; _module_preset=&#8220;default&#8220; background_color=&#8220;#dedede&#8220; custom_padding=&#8220;5%|40px|5%|6.5%|false|false&#8220; custom_padding_tablet=&#8220;8%|40px|8%|8%|false|false&#8220; custom_padding_phone=&#8220;8%|40px|8%|8%|false|false&#8220; custom_padding_last_edited=&#8220;on|phone&#8220; global_colors_info=&#8220;{}&#8220;][et_pb_text _builder_version=&#8220;4.16&#8243; _module_preset=&#8220;default&#8220; header_font=&#8220;|300|||||||&#8220; header_2_font=&#8220;|300|||||||&#8220; header_2_font_size=&#8220;48px&#8220; header_font_size_tablet=&#8220;38px&#8220; header_font_size_phone=&#8220;36px&#8220; header_font_size_last_edited=&#8220;on|desktop&#8220; header_2_font_size_tablet=&#8220;44px&#8220; header_2_font_size_phone=&#8220;48px&#8220; header_2_font_size_last_edited=&#8220;on|phone&#8220; locked=&#8220;off&#8220; global_colors_info=&#8220;{}&#8220;]<\/p>\n<h1 class=\"symbol-first-line\">L\u00f6sungen f\u00fcr<span><br \/><\/span>Kranarme<\/h1>\n<p>[\/et_pb_text][et_pb_text _builder_version=&#8220;4.23.1&#8243; _module_preset=&#8220;default&#8220; text_font_size=&#8220;18px&#8220; max_width=&#8220;480px&#8220; max_width_tablet=&#8220;&#8220; max_width_phone=&#8220;&#8220; max_width_last_edited=&#8220;on|phone&#8220; hover_enabled=&#8220;0&#8243; global_colors_info=&#8220;{}&#8220; sticky_enabled=&#8220;0&#8243;]<\/p>\n<p>Die Beibehaltung der Biegegenauigkeit \u00fcber die gesamte L\u00e4nge bei Teleskoparmkomponenten ist eine gro\u00dfe Herausforderung. Z\u00e4hlen Sie auf Ursviken, wenn es um wiederholbare Pr\u00e4zision, erh\u00f6hte Produktivit\u00e4t und niedrigere Herstellungskosten geht.<\/p>\n<p>[\/et_pb_text][\/et_pb_column][\/et_pb_row][\/et_pb_section][et_pb_section fb_built=&#8220;1&#8243; _builder_version=&#8220;4.16&#8243; _module_preset=&#8220;default&#8220; global_colors_info=&#8220;{}&#8220;][et_pb_row _builder_version=&#8220;4.16&#8243; _module_preset=&#8220;default&#8220; custom_css_main_element=&#8220;text-align: center;&#8220; global_colors_info=&#8220;{}&#8220;][et_pb_column type=&#8220;4_4&#8243; _builder_version=&#8220;4.16&#8243; _module_preset=&#8220;default&#8220; global_colors_info=&#8220;{}&#8220;][et_pb_text content_tablet=&#8220;&#8220; content_phone=&#8220;&#8220; content_last_edited=&#8220;on|phone&#8220; _builder_version=&#8220;4.16&#8243; _module_preset=&#8220;default&#8220; header_2_text_color=&#8220;#0071ba&#8220; header_2_font_size=&#8220;48px&#8220; header_2_font_size_tablet=&#8220;38px&#8220; header_2_font_size_phone=&#8220;36px&#8220; header_2_font_size_last_edited=&#8220;on|phone&#8220; custom_css_main_element=&#8220;display: inline-block;&#8220; global_colors_info=&#8220;{}&#8220;]<\/p>\n<h2 class=\"symbol-full-height\"><strong>Kranarme erfordern h\u00f6chste Pr\u00e4zision und exakte Biegungen.<\/strong><\/h2>\n<p>[\/et_pb_text][\/et_pb_column][\/et_pb_row][\/et_pb_section][et_pb_section fb_built=&#8220;1&#8243; _builder_version=&#8220;4.16&#8243; _module_preset=&#8220;default&#8220; custom_margin=&#8220;0px||0px||false|false&#8220; custom_padding=&#8220;0px||0px||false|false&#8220; global_colors_info=&#8220;{}&#8220;][et_pb_row column_structure=&#8220;3_5,2_5&#8243; use_custom_gutter=&#8220;on&#8220; gutter_width=&#8220;1&#8243; make_equal=&#8220;on&#8220; admin_label=&#8220;Row&#8220; _builder_version=&#8220;4.16&#8243; _module_preset=&#8220;default&#8220; width=&#8220;100%&#8220; max_width=&#8220;100%&#8220; custom_margin=&#8220;0px||0px||false|false&#8220; custom_padding=&#8220;0px||0px||false|false&#8220; global_colors_info=&#8220;{}&#8220;][et_pb_column type=&#8220;3_5&#8243; _builder_version=&#8220;4.16&#8243; _module_preset=&#8220;default&#8220; background_color=&#8220;#dedede&#8220; custom_padding=&#8220;5%|40px|5%|6.5%|false|false&#8220; custom_padding_tablet=&#8220;8%|8%|8%|40px|false|false&#8220; custom_padding_phone=&#8220;8%|8%|8%|40px|false|false&#8220; custom_padding_last_edited=&#8220;on|tablet&#8220; global_colors_info=&#8220;{}&#8220;][et_pb_text _builder_version=&#8220;4.16&#8243; _module_preset=&#8220;default&#8220; text_font_size=&#8220;18px&#8220; header_3_font_size=&#8220;36px&#8220; max_width=&#8220;480px&#8220; max_width_tablet=&#8220;&#8220; max_width_phone=&#8220;&#8220; max_width_last_edited=&#8220;on|tablet&#8220; module_alignment=&#8220;left&#8220; module_alignment_tablet=&#8220;left&#8220; module_alignment_phone=&#8220;left&#8220; module_alignment_last_edited=&#8220;on|phone&#8220; global_colors_info=&#8220;{}&#8220;]<\/p>\n<h3 class=\"symbol-first-line\">Optimieren Sie Ihre Produktion mit diesen Optionen.<\/h3>\n<p>[\/et_pb_text][et_pb_text _builder_version=&#8220;4.23.1&#8243; _module_preset=&#8220;default&#8220; max_width=&#8220;940px&#8220; hover_enabled=&#8220;0&#8243; global_colors_info=&#8220;{}&#8220; sticky_enabled=&#8220;0&#8243;]<\/p>\n<ul>\n<li>Das vollst\u00e4ndig CNC-gesteuerte variable Matrizenwerkzeug erm\u00f6glicht es, \u00c4nderungen der Matrizen\u00f6ffnung innerhalb von Sekunden direkt vom Steuerungssystem aus vorzunehmen.<\/li>\n<li>Flexi Crown &#8211; lokale Korrekturen alle ~600 mm \u00fcber die gesamte Biegel\u00e4nge, um Materialschwankungen \u00fcber die L\u00e4nge des Teils auszugleichen und genaue Biegeergebnisse zu garantieren.<\/li>\n<li>Vorder- und R\u00fcckseitenlehren erm\u00f6glichen eine exakte Positionierung des Blechs, und das Winkelmesssystem hilft bei der Erreichung des richtigen Biegewinkels w\u00e4hrend der Produktion, was zu einer exakten Biegung f\u00fchrt &#8211; jedes Mal.<\/li>\n<li>Das drehbare Werkzeugmagazin erleichtert dem Bediener das Wechseln von Radiuswerkzeugen.<\/li>\n<\/ul>\n<p>[\/et_pb_text][\/et_pb_column][et_pb_column type=&#8220;2_5&#8243; _builder_version=&#8220;4.16&#8243; _module_preset=&#8220;default&#8220; background_color=&#8220;#dedede&#8220; custom_padding=&#8220;5%|40px|5%|6.5%|false|false&#8220; custom_padding_tablet=&#8220;8%|8%|8%|40px|false|false&#8220; custom_padding_phone=&#8220;8%|8%|8%|40px|false|false&#8220; custom_padding_last_edited=&#8220;on|tablet&#8220; global_colors_info=&#8220;{}&#8220;][et_pb_image src=&#8220;https:\/\/www.ursviken.com\/wp-content\/uploads\/2022\/10\/vdt-web.png&#8220; alt=&#8220;Variable die tool&#8220; title_text=&#8220;Variable die tool&#8220; _builder_version=&#8220;4.16&#8243; _module_preset=&#8220;default&#8220; global_colors_info=&#8220;{}&#8220;][\/et_pb_image][\/et_pb_column][\/et_pb_row][\/et_pb_section][et_pb_section fb_built=&#8220;1&#8243; _builder_version=&#8220;4.16&#8243; _module_preset=&#8220;default&#8220; custom_padding=&#8220;||0px||false|false&#8220; global_colors_info=&#8220;{}&#8220;][et_pb_row column_structure=&#8220;2_3,1_3&#8243; make_equal=&#8220;on&#8220; _builder_version=&#8220;4.16&#8243; _module_preset=&#8220;default&#8220; background_color=&#8220;RGBA(255,255,255,0)&#8220; custom_margin=&#8220;||80px||false|false&#8220; custom_margin_tablet=&#8220;||40px||false|false&#8220; custom_margin_phone=&#8220;||40px||false|false&#8220; custom_margin_last_edited=&#8220;on|phone&#8220; custom_padding=&#8220;||0px||false|false&#8220; custom_css_main_element=&#8220;display: flex;||align-items: center;&#8220; locked=&#8220;off&#8220; global_colors_info=&#8220;{}&#8220; custom_css_main_element_last_edited=&#8220;on|desktop&#8220; custom_css_main_element_phone=&#8220;display: flex;||align-items: center;||flex-direction: column;&#8220; custom_css_main_element_tablet=&#8220;display: flex;||flex-direction: column;&#8220;][et_pb_column type=&#8220;2_3&#8243; _builder_version=&#8220;4.16&#8243; _module_preset=&#8220;default&#8220; background_color=&#8220;RGBA(255,255,255,0)&#8220; use_background_color_gradient=&#8220;on&#8220; background_color_gradient_stops=&#8220;rgba(255,255,255,0) 0%|rgba(255,255,255,0) 100%&#8220; background_color_gradient_start=&#8220;rgba(255,255,255,0)&#8220; background_color_gradient_end=&#8220;rgba(255,255,255,0)&#8220; background_image=&#8220;https:\/\/www.ursviken.com\/wp-content\/uploads\/2023\/04\/radievaxlare_hi_01.png&#8220; custom_padding=&#8220;220px||220px||false|false&#8220; custom_css_main_element=&#8220;align-self: stretch;&#8220; global_colors_info=&#8220;{}&#8220;][\/et_pb_column][et_pb_column type=&#8220;1_3&#8243; _builder_version=&#8220;4.16&#8243; _module_preset=&#8220;default&#8220; global_colors_info=&#8220;{}&#8220;][et_pb_text _builder_version=&#8220;4.16&#8243; _module_preset=&#8220;default&#8220; header_3_font_size=&#8220;36px&#8220; global_colors_info=&#8220;{}&#8220;]<\/p>\n<h3 class=\"symbol-first-line\"><span style=\"font-size: 36px;\">Rotierende Stanzspitze.<\/span><\/h3>\n<p>[\/et_pb_text][et_pb_text _builder_version=&#8220;4.16&#8243; _module_preset=&#8220;default&#8220; custom_padding=&#8220;0px|||||&#8220; global_colors_info=&#8220;{}&#8220;]<\/p>\n<p>Einfacher, schneller und sicherer den Radius der Biegung \u00e4ndern.<\/p>\n<p>[\/et_pb_text][\/et_pb_column][\/et_pb_row][et_pb_row column_structure=&#8220;1_2,1_2&#8243; use_custom_gutter=&#8220;on&#8220; gutter_width=&#8220;1&#8243; make_equal=&#8220;on&#8220; admin_label=&#8220;Row&#8220; _builder_version=&#8220;4.16&#8243; _module_preset=&#8220;default&#8220; width=&#8220;100%&#8220; max_width=&#8220;100%&#8220; custom_margin=&#8220;0px||0px||false|false&#8220; custom_padding=&#8220;0px||0px||false|false&#8220; global_colors_info=&#8220;{}&#8220;][et_pb_column type=&#8220;1_2&#8243; _builder_version=&#8220;4.16&#8243; _module_preset=&#8220;default&#8220; background_color=&#8220;#dedede&#8220; custom_padding=&#8220;5%|40px|5%|6.5%|false|false&#8220; custom_padding_tablet=&#8220;8%|8%|8%|40px|false|false&#8220; custom_padding_phone=&#8220;8%|8%|8%|40px|false|false&#8220; custom_padding_last_edited=&#8220;on|tablet&#8220; global_colors_info=&#8220;{}&#8220;][et_pb_text _builder_version=&#8220;4.23.1&#8243; _module_preset=&#8220;default&#8220; text_font_size=&#8220;18px&#8220; header_3_font_size=&#8220;36px&#8220; max_width=&#8220;480px&#8220; max_width_tablet=&#8220;&#8220; max_width_phone=&#8220;&#8220; max_width_last_edited=&#8220;on|tablet&#8220; hover_enabled=&#8220;0&#8243; module_alignment_tablet=&#8220;left&#8220; module_alignment_phone=&#8220;left&#8220; module_alignment_last_edited=&#8220;on|phone&#8220; global_colors_info=&#8220;{}&#8220; sticky_enabled=&#8220;0&#8243;]<\/p>\n<h3 class=\"symbol-first-line\">W\u00e4hlen Sie das richtige Produkt.<\/h3>\n<p>F\u00fcr das Biegen von Kranarmen ist Optima das Produkt der Wahl. Optima ist f\u00fcr Tonnagen von 400 Tonnen bis zu 5000+ Tonnen und in L\u00e4ngen von 4-20 m in einer einzigen Konstruktion erh\u00e4ltlich.<\/p>\n<p>[\/et_pb_text][et_pb_button button_url=&#8220;http:\/\/ursviken.com\/de\/optima&#8220; button_text=&#8220;Mehr lesen&#8220; _builder_version=&#8220;4.23.1&#8243; _module_preset=&#8220;5eeb76c6-4286-418d-b9ff-46a6d4c1599e&#8220; hover_enabled=&#8220;0&#8243; global_colors_info=&#8220;{}&#8220; sticky_enabled=&#8220;0&#8243;][\/et_pb_button][\/et_pb_column][et_pb_column type=&#8220;1_2&#8243; _builder_version=&#8220;4.16&#8243; _module_preset=&#8220;default&#8220; background_image=&#8220;https:\/\/www.ursviken.com\/wp-content\/uploads\/2022\/04\/SSAB_Polen_2_ny_skylt2-scaled.jpg&#8220; custom_css_main_element=&#8220;display: block!important;||min-height: 420px!important;&#8220; global_colors_info=&#8220;{}&#8220;][\/et_pb_column][\/et_pb_row][\/et_pb_section]<\/p>\n","protected":false},"excerpt":{"rendered":"<p>L\u00f6sungen f\u00fcrKranarmeDie Beibehaltung der Biegegenauigkeit \u00fcber die gesamte L\u00e4nge bei Teleskoparmkomponenten ist eine gro\u00dfe Herausforderung. Z\u00e4hlen Sie auf Ursviken, wenn [&hellip;]<\/p>\n","protected":false},"author":4,"featured_media":0,"parent":0,"menu_order":0,"comment_status":"closed","ping_status":"closed","template":"","meta":{"_et_pb_use_builder":"on","_et_pb_old_content":"","_et_gb_content_width":"","_improvement_type_select":"improve_an_existing","_thumb_yes_seoaic":false,"_frame_yes_seoaic":false,"seoaic_generate_description":"","seoaic_improve_instructions_prompt":"","seoaic_rollback_content_improvement":"","seoaic_idea_thumbnail_generator":"","thumbnail_generated":false,"thumbnail_generate_prompt":"","seoaic_article_description":"","footnotes":""},"class_list":["post-4390","page","type-page","status-publish","hentry"],"yoast_head":"<!-- This site is optimized with the Yoast SEO plugin v27.5 - https:\/\/yoast.com\/product\/yoast-seo-wordpress\/ -->\n<title>Kranarme - Ursviken<\/title>\n<meta name=\"description\" content=\"Z\u00e4hlen Sie auf Ursviken, wenn es um wiederholbare Pr\u00e4zision, erh\u00f6hte Produktivit\u00e4t und niedrigere Herstellungskosten geht.\" \/>\n<meta name=\"robots\" content=\"index, follow, max-snippet:-1, max-image-preview:large, max-video-preview:-1\" \/>\n<link rel=\"canonical\" href=\"https:\/\/www.ursviken.com\/de\/kranarme\/\" \/>\n<meta property=\"og:locale\" content=\"de_DE\" \/>\n<meta property=\"og:type\" content=\"article\" \/>\n<meta property=\"og:title\" content=\"Kranarme - Ursviken\" \/>\n<meta property=\"og:description\" content=\"Z\u00e4hlen Sie auf Ursviken, wenn es um wiederholbare Pr\u00e4zision, erh\u00f6hte Produktivit\u00e4t und niedrigere Herstellungskosten geht.\" \/>\n<meta property=\"og:url\" content=\"https:\/\/www.ursviken.com\/de\/kranarme\/\" \/>\n<meta property=\"og:site_name\" content=\"Ursviken\" \/>\n<meta property=\"article:modified_time\" content=\"2023-12-08T16:20:24+00:00\" \/>\n<meta name=\"twitter:card\" content=\"summary_large_image\" \/>\n<meta name=\"twitter:label1\" content=\"Gesch\u00e4tzte Lesezeit\" \/>\n\t<meta name=\"twitter:data1\" content=\"2\u00a0Minuten\" \/>\n<script type=\"application\/ld+json\" class=\"yoast-schema-graph\">{\"@context\":\"https:\\\/\\\/schema.org\",\"@graph\":[{\"@type\":\"WebPage\",\"@id\":\"https:\\\/\\\/www.ursviken.com\\\/de\\\/kranarme\\\/\",\"url\":\"https:\\\/\\\/www.ursviken.com\\\/de\\\/kranarme\\\/\",\"name\":\"Kranarme - Ursviken\",\"isPartOf\":{\"@id\":\"https:\\\/\\\/www.ursviken.com\\\/de\\\/#website\"},\"datePublished\":\"2022-08-22T11:49:34+00:00\",\"dateModified\":\"2023-12-08T16:20:24+00:00\",\"description\":\"Z\u00e4hlen Sie auf Ursviken, wenn es um wiederholbare Pr\u00e4zision, erh\u00f6hte Produktivit\u00e4t und niedrigere Herstellungskosten geht.\",\"breadcrumb\":{\"@id\":\"https:\\\/\\\/www.ursviken.com\\\/de\\\/kranarme\\\/#breadcrumb\"},\"inLanguage\":\"de\",\"potentialAction\":[{\"@type\":\"ReadAction\",\"target\":[\"https:\\\/\\\/www.ursviken.com\\\/de\\\/kranarme\\\/\"]}]},{\"@type\":\"BreadcrumbList\",\"@id\":\"https:\\\/\\\/www.ursviken.com\\\/de\\\/kranarme\\\/#breadcrumb\",\"itemListElement\":[{\"@type\":\"ListItem\",\"position\":1,\"name\":\"Hem\",\"item\":\"https:\\\/\\\/www.ursviken.com\\\/de\\\/\"},{\"@type\":\"ListItem\",\"position\":2,\"name\":\"Kranarme\"}]},{\"@type\":\"WebSite\",\"@id\":\"https:\\\/\\\/www.ursviken.com\\\/de\\\/#website\",\"url\":\"https:\\\/\\\/www.ursviken.com\\\/de\\\/\",\"name\":\"Ursviken\",\"description\":\"\",\"potentialAction\":[{\"@type\":\"SearchAction\",\"target\":{\"@type\":\"EntryPoint\",\"urlTemplate\":\"https:\\\/\\\/www.ursviken.com\\\/de\\\/?s={search_term_string}\"},\"query-input\":{\"@type\":\"PropertyValueSpecification\",\"valueRequired\":true,\"valueName\":\"search_term_string\"}}],\"inLanguage\":\"de\"}]}<\/script>\n<!-- \/ Yoast SEO plugin. -->","yoast_head_json":{"title":"Kranarme - Ursviken","description":"Z\u00e4hlen Sie auf Ursviken, wenn es um wiederholbare Pr\u00e4zision, erh\u00f6hte Produktivit\u00e4t und niedrigere Herstellungskosten geht.","robots":{"index":"index","follow":"follow","max-snippet":"max-snippet:-1","max-image-preview":"max-image-preview:large","max-video-preview":"max-video-preview:-1"},"canonical":"https:\/\/www.ursviken.com\/de\/kranarme\/","og_locale":"de_DE","og_type":"article","og_title":"Kranarme - Ursviken","og_description":"Z\u00e4hlen Sie auf Ursviken, wenn es um wiederholbare Pr\u00e4zision, erh\u00f6hte Produktivit\u00e4t und niedrigere Herstellungskosten geht.","og_url":"https:\/\/www.ursviken.com\/de\/kranarme\/","og_site_name":"Ursviken","article_modified_time":"2023-12-08T16:20:24+00:00","twitter_card":"summary_large_image","twitter_misc":{"Gesch\u00e4tzte Lesezeit":"2\u00a0Minuten"},"schema":{"@context":"https:\/\/schema.org","@graph":[{"@type":"WebPage","@id":"https:\/\/www.ursviken.com\/de\/kranarme\/","url":"https:\/\/www.ursviken.com\/de\/kranarme\/","name":"Kranarme - Ursviken","isPartOf":{"@id":"https:\/\/www.ursviken.com\/de\/#website"},"datePublished":"2022-08-22T11:49:34+00:00","dateModified":"2023-12-08T16:20:24+00:00","description":"Z\u00e4hlen Sie auf Ursviken, wenn es um wiederholbare Pr\u00e4zision, erh\u00f6hte Produktivit\u00e4t und niedrigere Herstellungskosten geht.","breadcrumb":{"@id":"https:\/\/www.ursviken.com\/de\/kranarme\/#breadcrumb"},"inLanguage":"de","potentialAction":[{"@type":"ReadAction","target":["https:\/\/www.ursviken.com\/de\/kranarme\/"]}]},{"@type":"BreadcrumbList","@id":"https:\/\/www.ursviken.com\/de\/kranarme\/#breadcrumb","itemListElement":[{"@type":"ListItem","position":1,"name":"Hem","item":"https:\/\/www.ursviken.com\/de\/"},{"@type":"ListItem","position":2,"name":"Kranarme"}]},{"@type":"WebSite","@id":"https:\/\/www.ursviken.com\/de\/#website","url":"https:\/\/www.ursviken.com\/de\/","name":"Ursviken","description":"","potentialAction":[{"@type":"SearchAction","target":{"@type":"EntryPoint","urlTemplate":"https:\/\/www.ursviken.com\/de\/?s={search_term_string}"},"query-input":{"@type":"PropertyValueSpecification","valueRequired":true,"valueName":"search_term_string"}}],"inLanguage":"de"}]}},"_links":{"self":[{"href":"https:\/\/www.ursviken.com\/de\/wp-json\/wp\/v2\/pages\/4390","targetHints":{"allow":["GET"]}}],"collection":[{"href":"https:\/\/www.ursviken.com\/de\/wp-json\/wp\/v2\/pages"}],"about":[{"href":"https:\/\/www.ursviken.com\/de\/wp-json\/wp\/v2\/types\/page"}],"author":[{"embeddable":true,"href":"https:\/\/www.ursviken.com\/de\/wp-json\/wp\/v2\/users\/4"}],"replies":[{"embeddable":true,"href":"https:\/\/www.ursviken.com\/de\/wp-json\/wp\/v2\/comments?post=4390"}],"version-history":[{"count":3,"href":"https:\/\/www.ursviken.com\/de\/wp-json\/wp\/v2\/pages\/4390\/revisions"}],"predecessor-version":[{"id":4393,"href":"https:\/\/www.ursviken.com\/de\/wp-json\/wp\/v2\/pages\/4390\/revisions\/4393"}],"wp:attachment":[{"href":"https:\/\/www.ursviken.com\/de\/wp-json\/wp\/v2\/media?parent=4390"}],"curies":[{"name":"wp","href":"https:\/\/api.w.org\/{rel}","templated":true}]}}