{"id":1659,"date":"2021-12-10T14:42:21","date_gmt":"2021-12-10T14:42:21","guid":{"rendered":"https:\/\/www.ursviken.com\/optiflex\/"},"modified":"2025-08-27T09:37:50","modified_gmt":"2025-08-27T09:37:50","slug":"optiflex","status":"publish","type":"page","link":"https:\/\/www.ursviken.com\/de\/optiflex\/","title":{"rendered":"OptiFlex"},"content":{"rendered":"<p>[et_pb_section fb_built=&#8220;1&#8243; _builder_version=&#8220;4.16&#8243; _module_preset=&#8220;default&#8220; custom_margin=&#8220;0px||0px||false|false&#8220; custom_padding=&#8220;0px||0px||false|false&#8220; global_colors_info=&#8220;{}&#8220;][et_pb_row column_structure=&#8220;1_2,1_2&#8243; use_custom_gutter=&#8220;on&#8220; gutter_width=&#8220;1&#8243; make_equal=&#8220;on&#8220; admin_label=&#8220;Row&#8220; _builder_version=&#8220;4.16&#8243; _module_preset=&#8220;default&#8220; width=&#8220;100%&#8220; max_width=&#8220;100%&#8220; custom_margin=&#8220;0px||0px||false|false&#8220; custom_padding=&#8220;0px||0px||false|false&#8220; global_colors_info=&#8220;{}&#8220;][et_pb_column type=&#8220;1_2&#8243; _builder_version=&#8220;4.16&#8243; _module_preset=&#8220;default&#8220; background_image=&#8220;https:\/\/www.ursviken.com\/wp-content\/uploads\/2021\/12\/optiflex_vinklel_.0001-scaled.jpg&#8220; custom_css_main_element=&#8220;display: block!important;||min-height: 420px!important;&#8220; global_colors_info=&#8220;{}&#8220;][\/et_pb_column][et_pb_column type=&#8220;1_2&#8243; _builder_version=&#8220;4.16&#8243; _module_preset=&#8220;default&#8220; background_color=&#8220;#dedede&#8220; custom_padding=&#8220;5%|40px|5%|6.5%|false|false&#8220; custom_padding_tablet=&#8220;8%|40px|8%|8%|false|false&#8220; custom_padding_phone=&#8220;8%|40px|8%|8%|false|false&#8220; custom_padding_last_edited=&#8220;on|phone&#8220; global_colors_info=&#8220;{}&#8220;][et_pb_text _builder_version=&#8220;4.16&#8243; _module_preset=&#8220;default&#8220; header_font=&#8220;|300|||||||&#8220; header_2_font=&#8220;|300|||||||&#8220; header_2_font_size=&#8220;48px&#8220; header_font_size_tablet=&#8220;38px&#8220; header_font_size_phone=&#8220;36px&#8220; header_font_size_last_edited=&#8220;on|desktop&#8220; header_2_font_size_tablet=&#8220;44px&#8220; header_2_font_size_phone=&#8220;48px&#8220; header_2_font_size_last_edited=&#8220;on|phone&#8220; locked=&#8220;off&#8220; global_colors_info=&#8220;{}&#8220;]<\/p>\n<h1 class=\"symbol-first-line\">OptiFlex<\/h1>\n<p>[\/et_pb_text][et_pb_text _builder_version=&#8220;4.16&#8243; _module_preset=&#8220;default&#8220; text_font_size=&#8220;18px&#8220; max_width=&#8220;480px&#8220; max_width_tablet=&#8220;&#8220; max_width_phone=&#8220;&#8220; max_width_last_edited=&#8220;on|phone&#8220; global_colors_info=&#8220;{}&#8220;]<\/p>\n<p>OptiFlex ist das Produkt der Wahl, wenn Sie eine zuverl\u00e4ssige Abkantpresse ben\u00f6tigen.<\/p>\n<p>[\/et_pb_text][et_pb_button button_url=&#8220;https:\/\/www.ursviken.com\/de\/kontaktieren\/&#8220; button_text=&#8220;Kontaktieren Sie unser Team&#8220; _builder_version=&#8220;4.16&#8243; _module_preset=&#8220;default&#8220; button_text_size=&#8220;16px&#8220; global_colors_info=&#8220;{}&#8220;][\/et_pb_button][\/et_pb_column][\/et_pb_row][\/et_pb_section][et_pb_section fb_built=&#8220;1&#8243; _builder_version=&#8220;4.16&#8243; _module_preset=&#8220;default&#8220; global_colors_info=&#8220;{}&#8220;][et_pb_row _builder_version=&#8220;4.16&#8243; _module_preset=&#8220;default&#8220; custom_css_main_element=&#8220;text-align: center;&#8220; global_colors_info=&#8220;{}&#8220;][et_pb_column type=&#8220;4_4&#8243; _builder_version=&#8220;4.16&#8243; _module_preset=&#8220;default&#8220; global_colors_info=&#8220;{}&#8220;][et_pb_text content_tablet=&#8220;<\/p>\n<h2 class=%22symbol-first-line%22>To ensure a high production rate the machines flexibility is key.<\/h2>\n<p>&#8220; content_phone=&#8220;<\/p>\n<h2 class=%22symbol-first-line%22>To ensure a high production rate the machines flexibility is key.<\/h2>\n<p>&#8220; content_last_edited=&#8220;on|phone&#8220; _builder_version=&#8220;4.27.4&#8243; _module_preset=&#8220;default&#8220; header_2_text_color=&#8220;#058a8c&#8220; header_2_font_size=&#8220;48px&#8220; hover_enabled=&#8220;0&#8243; header_2_font_size_tablet=&#8220;38px&#8220; header_2_font_size_phone=&#8220;36px&#8220; header_2_font_size_last_edited=&#8220;on|phone&#8220; custom_css_main_element=&#8220;display: inline-block;&#8220; global_colors_info=&#8220;{}&#8220; sticky_enabled=&#8220;0&#8243;]<\/p>\n<h2 class=\"symbol-full-height\">Um eine hohe Produktionsrate zu gew\u00e4hrleisten, ist die Flexibilit\u00e4t der Maschinen entscheidend.<\/h2>\n<p>[\/et_pb_text][\/et_pb_column][\/et_pb_row][\/et_pb_section][et_pb_section fb_built=&#8220;1&#8243; _builder_version=&#8220;4.16&#8243; _module_preset=&#8220;default&#8220; custom_margin=&#8220;0px||0px||false|false&#8220; custom_padding=&#8220;0px||0px||false|false&#8220; global_colors_info=&#8220;{}&#8220;][et_pb_row column_structure=&#8220;1_2,1_2&#8243; use_custom_gutter=&#8220;on&#8220; gutter_width=&#8220;1&#8243; make_equal=&#8220;on&#8220; admin_label=&#8220;Row&#8220; _builder_version=&#8220;4.16&#8243; _module_preset=&#8220;default&#8220; width=&#8220;100%&#8220; max_width=&#8220;100%&#8220; custom_margin=&#8220;0px||0px||false|false&#8220; custom_padding=&#8220;0px||0px||false|false&#8220; global_colors_info=&#8220;{}&#8220;][et_pb_column type=&#8220;1_2&#8243; _builder_version=&#8220;4.16&#8243; _module_preset=&#8220;default&#8220; background_color=&#8220;#dedede&#8220; custom_padding=&#8220;5%|40px|5%|6.5%|false|false&#8220; custom_padding_tablet=&#8220;8%|8%|8%|40px|false|false&#8220; custom_padding_phone=&#8220;8%|8%|8%|40px|false|false&#8220; custom_padding_last_edited=&#8220;on|tablet&#8220; global_colors_info=&#8220;{}&#8220;][et_pb_text _builder_version=&#8220;4.16&#8243; _module_preset=&#8220;default&#8220; text_font_size=&#8220;18px&#8220; max_width=&#8220;480px&#8220; max_width_tablet=&#8220;&#8220; max_width_phone=&#8220;&#8220; max_width_last_edited=&#8220;on|tablet&#8220; module_alignment=&#8220;center&#8220; module_alignment_tablet=&#8220;left&#8220; module_alignment_phone=&#8220;left&#8220; module_alignment_last_edited=&#8220;on|phone&#8220; global_colors_info=&#8220;{}&#8220;]Von Grund auf neu. Auf Ihre Bed\u00fcrfnisse zugeschnitten. Die bekannte Ursviken-Qualit\u00e4t stellt sicher, dass Sie eine Maschine haben, der Sie jahrzehntelang vertrauen k\u00f6nnen.[\/et_pb_text][\/et_pb_column][et_pb_column type=&#8220;1_2&#8243; _builder_version=&#8220;4.16&#8243; _module_preset=&#8220;default&#8220; background_image=&#8220;https:\/\/www.ursviken.com\/wp-content\/uploads\/2021\/10\/EdelPhoto-1415@2x.png&#8220; custom_css_main_element=&#8220;display: block!important;||min-height: 420px!important;&#8220; global_colors_info=&#8220;{}&#8220;][\/et_pb_column][\/et_pb_row][\/et_pb_section][et_pb_section fb_built=&#8220;1&#8243; _builder_version=&#8220;4.16&#8243; _module_preset=&#8220;default&#8220; custom_margin=&#8220;0px||0px||false|false&#8220; custom_padding=&#8220;0px||0px||false|false&#8220; global_colors_info=&#8220;{}&#8220;][\/et_pb_section][et_pb_section fb_built=&#8220;1&#8243; _builder_version=&#8220;4.16&#8243; _module_preset=&#8220;default&#8220; custom_padding=&#8220;||0px||false|false&#8220; global_colors_info=&#8220;{}&#8220;][et_pb_row column_structure=&#8220;1_3,2_3&#8243; _builder_version=&#8220;4.16&#8243; _module_preset=&#8220;default&#8220; custom_margin=&#8220;||80px||false|false&#8220; custom_margin_tablet=&#8220;||20px||false|false&#8220; custom_margin_phone=&#8220;||20px||false|false&#8220; custom_margin_last_edited=&#8220;on|tablet&#8220; custom_padding=&#8220;||0px||false|false&#8220; custom_css_main_element=&#8220;display: flex;||align-items: center;&#8220; locked=&#8220;off&#8220; global_colors_info=&#8220;{}&#8220; custom_css_main_element_last_edited=&#8220;on|phone&#8220; custom_css_main_element_phone=&#8220;display: flex;||align-items: center;||flex-direction: column-reverse;&#8220; custom_css_main_element_tablet=&#8220;display: flex;||flex-direction: column-reverse;&#8220;][et_pb_column type=&#8220;1_3&#8243; _builder_version=&#8220;4.16&#8243; _module_preset=&#8220;default&#8220; global_colors_info=&#8220;{}&#8220;][et_pb_text _builder_version=&#8220;4.16&#8243; _module_preset=&#8220;default&#8220; header_3_font_size=&#8220;36px&#8220; custom_margin_tablet=&#8220;||||false|false&#8220; custom_margin_phone=&#8220;||||false|false&#8220; custom_margin_last_edited=&#8220;on|tablet&#8220; global_colors_info=&#8220;{}&#8220;]<\/p>\n<h3 class=\"symbol-first-line\">Merkmale.<\/h3>\n<p>[\/et_pb_text][et_pb_text _builder_version=&#8220;4.16&#8243; _module_preset=&#8220;default&#8220; global_colors_info=&#8220;{}&#8220;]<\/p>\n<ul>\n<li>Ursviken OptiFlex stellt sicher, dass Sie Ihren Kunden qualitativ hochwertige Produkte liefern.<\/li>\n<li>eine Abkantpresse, die Energie spart und L\u00e4rm reduziert<\/li>\n<li>f\u00fcr die Ewigkeit gebaut<\/li>\n<li>Alle Maschinen sind mit der neuesten Technologie<br \/>\nund Sicherheitsfunktionen ausgestattet.<\/li>\n<\/ul>\n<p>[\/et_pb_text][\/et_pb_column][et_pb_column type=&#8220;2_3&#8243; _builder_version=&#8220;4.16&#8243; _module_preset=&#8220;default&#8220; global_colors_info=&#8220;{}&#8220;][et_pb_image src=&#8220;https:\/\/www.ursviken.com\/wp-content\/uploads\/2021\/12\/optiflex_frilagd.0001.png&#8220; title_text=&#8220;optiflex_frilagd.0001&#8243; align=&#8220;right&#8220; disabled_on=&#8220;on|on|on&#8220; _builder_version=&#8220;4.16&#8243; _module_preset=&#8220;default&#8220; max_width=&#8220;740px&#8220; custom_margin_tablet=&#8220;||40px||false|false&#8220; custom_margin_phone=&#8220;||30px||false|false&#8220; custom_margin_last_edited=&#8220;on|phone&#8220; disabled=&#8220;on&#8220; global_colors_info=&#8220;{}&#8220;][\/et_pb_image][et_pb_code _builder_version=&#8220;4.16&#8243; _module_preset=&#8220;default&#8220; locked=&#8220;off&#8220; global_colors_info=&#8220;{}&#8220;]<div data-total-frames=\"36\" data-main-image-url=\"https:\/\/www.ursviken.com\/wp-content\/uploads\/2022\/04\/optiflex_turntable_.0001.png\" data-image-url-format=\"optiflex_turntable_.xxxx.png\" data-speed=\"250\" data-inertia=\"65\" data-zoom=\"false\" data-reverse=\"true\" data-auto-rotate=\"1\" data-notification-config_drag-to-rotate_show-start-to-rotate-default-notification=\"true\" data-main-holder-id=\"jsv-holder-evtqxhpcmo\" data-main-image-id=\"jsv-img-cvwzosjbyt\" id=\"jsv-holder-evtqxhpcmo\" class=\"jsv-holder\" ><img decoding=\"async\" id=\"jsv-img-cvwzosjbyt\" alt=\"your 360 images\" src=\"https:\/\/www.ursviken.com\/wp-content\/uploads\/2022\/04\/optiflex_turntable_.0001.png\"><\/div>[\/et_pb_code][\/et_pb_column][\/et_pb_row][et_pb_row column_structure=&#8220;1_2,1_2&#8243; use_custom_gutter=&#8220;on&#8220; gutter_width=&#8220;1&#8243; make_equal=&#8220;on&#8220; admin_label=&#8220;Row&#8220; _builder_version=&#8220;4.16&#8243; _module_preset=&#8220;default&#8220; width=&#8220;100%&#8220; max_width=&#8220;100%&#8220; custom_margin=&#8220;0px||0px||false|false&#8220; custom_padding=&#8220;0px||0px||false|false&#8220; global_colors_info=&#8220;{}&#8220;][et_pb_column type=&#8220;1_2&#8243; _builder_version=&#8220;4.16&#8243; _module_preset=&#8220;default&#8220; background_image=&#8220;https:\/\/www.ursviken.com\/wp-content\/uploads\/2021\/12\/optiflex_vinklel_.0002-scaled.jpg&#8220; custom_css_main_element=&#8220;display: block!important;||min-height: 420px!important;&#8220; global_colors_info=&#8220;{}&#8220;][\/et_pb_column][et_pb_column type=&#8220;1_2&#8243; _builder_version=&#8220;4.16&#8243; _module_preset=&#8220;default&#8220; background_color=&#8220;#dedede&#8220; custom_padding=&#8220;5%|40px|5%|6.5%|false|false&#8220; custom_padding_tablet=&#8220;8%|8%|8%|40px|false|false&#8220; custom_padding_phone=&#8220;8%|8%|8%|40px|false|false&#8220; custom_padding_last_edited=&#8220;on|tablet&#8220; global_colors_info=&#8220;{}&#8220;][et_pb_text _builder_version=&#8220;4.16&#8243; _module_preset=&#8220;default&#8220; text_font_size=&#8220;18px&#8220; max_width=&#8220;480px&#8220; max_width_tablet=&#8220;&#8220; max_width_phone=&#8220;&#8220; max_width_last_edited=&#8220;on|tablet&#8220; module_alignment=&#8220;center&#8220; module_alignment_tablet=&#8220;left&#8220; module_alignment_phone=&#8220;left&#8220; module_alignment_last_edited=&#8220;on|phone&#8220; global_colors_info=&#8220;{}&#8220;]<\/p>\n<h3>Spezifizierer OptiFlex.<\/h3>\n<p><strong>Druckkraft<\/strong><br \/>\n100 &#8211; 320 Ton<\/p>\n<p><strong>Arbeitsbreite max<\/strong><br \/>\n2500 &#8211; 6500 mm<\/p>\n<p><strong>L\u00e4nge zwischen Seitenrahmen<\/strong><br \/>\n2100 &#8211; 6100 mm<\/p>\n<p><strong>Werkzeugaufnahme l\u00e4nge<\/strong><br \/>\n550 &#8211; 585 mm<\/p>\n<p><strong>Hubl\u00e4nge<\/strong><br \/>\n400 mm<\/p>\n<p>*Wenden Sie sich f\u00fcr kundenspezifische L\u00f6sungen an die Vertriebsabteilung von Ursviken Technology AB[\/et_pb_text][\/et_pb_column][\/et_pb_row][\/et_pb_section]<\/p>\n","protected":false},"excerpt":{"rendered":"<p>OptiFlexOptiFlex ist das Produkt der Wahl, wenn Sie eine zuverl\u00e4ssige Abkantpresse ben\u00f6tigen.Um eine hohe Produktionsrate zu gew\u00e4hrleisten, ist die Flexibilit\u00e4t [&hellip;]<\/p>\n","protected":false},"author":2,"featured_media":0,"parent":0,"menu_order":0,"comment_status":"closed","ping_status":"closed","template":"","meta":{"_et_pb_use_builder":"on","_et_pb_old_content":"","_et_gb_content_width":"","_improvement_type_select":"improve_an_existing","_thumb_yes_seoaic":false,"_frame_yes_seoaic":false,"seoaic_generate_description":"","seoaic_improve_instructions_prompt":"","seoaic_rollback_content_improvement":"","seoaic_idea_thumbnail_generator":"","thumbnail_generated":false,"thumbnail_generate_prompt":"","seoaic_article_description":"","footnotes":""},"class_list":["post-1659","page","type-page","status-publish","hentry"],"yoast_head":"<!-- This site is optimized with the Yoast SEO plugin v27.5 - https:\/\/yoast.com\/product\/yoast-seo-wordpress\/ -->\n<title>OptiFlex - Ursviken<\/title>\n<meta name=\"description\" content=\"Mit einer Optiflex von Ursviken erhalten Sie eine als weltweit f\u00fchrend angesehene Ausr\u00fcstung, die die Produktivit\u00e4t Ihres Unternehmens steigert. OptiFlex ist das Produkt der Wahl, wenn Sie eine zuverl\u00e4ssige Abkantpresse ben\u00f6tigen.\" \/>\n<meta name=\"robots\" content=\"index, follow, max-snippet:-1, max-image-preview:large, max-video-preview:-1\" \/>\n<link rel=\"canonical\" href=\"https:\/\/www.ursviken.com\/de\/optiflex\/\" \/>\n<meta property=\"og:locale\" content=\"de_DE\" \/>\n<meta property=\"og:type\" content=\"article\" \/>\n<meta property=\"og:title\" content=\"OptiFlex - Ursviken\" \/>\n<meta property=\"og:description\" content=\"Mit einer Optiflex von Ursviken erhalten Sie eine als weltweit f\u00fchrend angesehene Ausr\u00fcstung, die die Produktivit\u00e4t Ihres Unternehmens steigert. OptiFlex ist das Produkt der Wahl, wenn Sie eine zuverl\u00e4ssige Abkantpresse ben\u00f6tigen.\" \/>\n<meta property=\"og:url\" content=\"https:\/\/www.ursviken.com\/de\/optiflex\/\" \/>\n<meta property=\"og:site_name\" content=\"Ursviken\" \/>\n<meta property=\"article:modified_time\" content=\"2025-08-27T09:37:50+00:00\" \/>\n<meta name=\"twitter:card\" content=\"summary_large_image\" \/>\n<meta name=\"twitter:label1\" content=\"Gesch\u00e4tzte Lesezeit\" \/>\n\t<meta name=\"twitter:data1\" content=\"6\u00a0Minuten\" \/>\n<script type=\"application\/ld+json\" class=\"yoast-schema-graph\">{\"@context\":\"https:\\\/\\\/schema.org\",\"@graph\":[{\"@type\":\"WebPage\",\"@id\":\"https:\\\/\\\/www.ursviken.com\\\/de\\\/optiflex\\\/\",\"url\":\"https:\\\/\\\/www.ursviken.com\\\/de\\\/optiflex\\\/\",\"name\":\"OptiFlex - Ursviken\",\"isPartOf\":{\"@id\":\"https:\\\/\\\/www.ursviken.com\\\/de\\\/#website\"},\"datePublished\":\"2021-12-10T14:42:21+00:00\",\"dateModified\":\"2025-08-27T09:37:50+00:00\",\"description\":\"Mit einer Optiflex von Ursviken erhalten Sie eine als weltweit f\u00fchrend angesehene Ausr\u00fcstung, die die Produktivit\u00e4t Ihres Unternehmens steigert. OptiFlex ist das Produkt der Wahl, wenn Sie eine zuverl\u00e4ssige Abkantpresse ben\u00f6tigen.\",\"breadcrumb\":{\"@id\":\"https:\\\/\\\/www.ursviken.com\\\/de\\\/optiflex\\\/#breadcrumb\"},\"inLanguage\":\"de\",\"potentialAction\":[{\"@type\":\"ReadAction\",\"target\":[\"https:\\\/\\\/www.ursviken.com\\\/de\\\/optiflex\\\/\"]}]},{\"@type\":\"BreadcrumbList\",\"@id\":\"https:\\\/\\\/www.ursviken.com\\\/de\\\/optiflex\\\/#breadcrumb\",\"itemListElement\":[{\"@type\":\"ListItem\",\"position\":1,\"name\":\"Hem\",\"item\":\"https:\\\/\\\/www.ursviken.com\\\/de\\\/\"},{\"@type\":\"ListItem\",\"position\":2,\"name\":\"OptiFlex\"}]},{\"@type\":\"WebSite\",\"@id\":\"https:\\\/\\\/www.ursviken.com\\\/de\\\/#website\",\"url\":\"https:\\\/\\\/www.ursviken.com\\\/de\\\/\",\"name\":\"Ursviken\",\"description\":\"\",\"potentialAction\":[{\"@type\":\"SearchAction\",\"target\":{\"@type\":\"EntryPoint\",\"urlTemplate\":\"https:\\\/\\\/www.ursviken.com\\\/de\\\/?s={search_term_string}\"},\"query-input\":{\"@type\":\"PropertyValueSpecification\",\"valueRequired\":true,\"valueName\":\"search_term_string\"}}],\"inLanguage\":\"de\"}]}<\/script>\n<!-- \/ Yoast SEO plugin. -->","yoast_head_json":{"title":"OptiFlex - Ursviken","description":"Mit einer Optiflex von Ursviken erhalten Sie eine als weltweit f\u00fchrend angesehene Ausr\u00fcstung, die die Produktivit\u00e4t Ihres Unternehmens steigert. OptiFlex ist das Produkt der Wahl, wenn Sie eine zuverl\u00e4ssige Abkantpresse ben\u00f6tigen.","robots":{"index":"index","follow":"follow","max-snippet":"max-snippet:-1","max-image-preview":"max-image-preview:large","max-video-preview":"max-video-preview:-1"},"canonical":"https:\/\/www.ursviken.com\/de\/optiflex\/","og_locale":"de_DE","og_type":"article","og_title":"OptiFlex - Ursviken","og_description":"Mit einer Optiflex von Ursviken erhalten Sie eine als weltweit f\u00fchrend angesehene Ausr\u00fcstung, die die Produktivit\u00e4t Ihres Unternehmens steigert. OptiFlex ist das Produkt der Wahl, wenn Sie eine zuverl\u00e4ssige Abkantpresse ben\u00f6tigen.","og_url":"https:\/\/www.ursviken.com\/de\/optiflex\/","og_site_name":"Ursviken","article_modified_time":"2025-08-27T09:37:50+00:00","twitter_card":"summary_large_image","twitter_misc":{"Gesch\u00e4tzte Lesezeit":"6\u00a0Minuten"},"schema":{"@context":"https:\/\/schema.org","@graph":[{"@type":"WebPage","@id":"https:\/\/www.ursviken.com\/de\/optiflex\/","url":"https:\/\/www.ursviken.com\/de\/optiflex\/","name":"OptiFlex - Ursviken","isPartOf":{"@id":"https:\/\/www.ursviken.com\/de\/#website"},"datePublished":"2021-12-10T14:42:21+00:00","dateModified":"2025-08-27T09:37:50+00:00","description":"Mit einer Optiflex von Ursviken erhalten Sie eine als weltweit f\u00fchrend angesehene Ausr\u00fcstung, die die Produktivit\u00e4t Ihres Unternehmens steigert. OptiFlex ist das Produkt der Wahl, wenn Sie eine zuverl\u00e4ssige Abkantpresse ben\u00f6tigen.","breadcrumb":{"@id":"https:\/\/www.ursviken.com\/de\/optiflex\/#breadcrumb"},"inLanguage":"de","potentialAction":[{"@type":"ReadAction","target":["https:\/\/www.ursviken.com\/de\/optiflex\/"]}]},{"@type":"BreadcrumbList","@id":"https:\/\/www.ursviken.com\/de\/optiflex\/#breadcrumb","itemListElement":[{"@type":"ListItem","position":1,"name":"Hem","item":"https:\/\/www.ursviken.com\/de\/"},{"@type":"ListItem","position":2,"name":"OptiFlex"}]},{"@type":"WebSite","@id":"https:\/\/www.ursviken.com\/de\/#website","url":"https:\/\/www.ursviken.com\/de\/","name":"Ursviken","description":"","potentialAction":[{"@type":"SearchAction","target":{"@type":"EntryPoint","urlTemplate":"https:\/\/www.ursviken.com\/de\/?s={search_term_string}"},"query-input":{"@type":"PropertyValueSpecification","valueRequired":true,"valueName":"search_term_string"}}],"inLanguage":"de"}]}},"_links":{"self":[{"href":"https:\/\/www.ursviken.com\/de\/wp-json\/wp\/v2\/pages\/1659","targetHints":{"allow":["GET"]}}],"collection":[{"href":"https:\/\/www.ursviken.com\/de\/wp-json\/wp\/v2\/pages"}],"about":[{"href":"https:\/\/www.ursviken.com\/de\/wp-json\/wp\/v2\/types\/page"}],"author":[{"embeddable":true,"href":"https:\/\/www.ursviken.com\/de\/wp-json\/wp\/v2\/users\/2"}],"replies":[{"embeddable":true,"href":"https:\/\/www.ursviken.com\/de\/wp-json\/wp\/v2\/comments?post=1659"}],"version-history":[{"count":7,"href":"https:\/\/www.ursviken.com\/de\/wp-json\/wp\/v2\/pages\/1659\/revisions"}],"predecessor-version":[{"id":6722,"href":"https:\/\/www.ursviken.com\/de\/wp-json\/wp\/v2\/pages\/1659\/revisions\/6722"}],"wp:attachment":[{"href":"https:\/\/www.ursviken.com\/de\/wp-json\/wp\/v2\/media?parent=1659"}],"curies":[{"name":"wp","href":"https:\/\/api.w.org\/{rel}","templated":true}]}}