{"id":1633,"date":"2021-11-16T15:53:58","date_gmt":"2021-11-16T15:53:58","guid":{"rendered":"https:\/\/www.ursviken.com\/individuell-angepasste-pressen\/"},"modified":"2025-08-27T09:34:13","modified_gmt":"2025-08-27T09:34:13","slug":"individuell-angepasste-pressen","status":"publish","type":"page","link":"https:\/\/www.ursviken.com\/de\/individuell-angepasste-pressen\/","title":{"rendered":"Individuell angepasste Pressen."},"content":{"rendered":"<p>[et_pb_section fb_built=&#8220;1&#8243; _builder_version=&#8220;4.16&#8243; _module_preset=&#8220;default&#8220; custom_margin=&#8220;0px||0px||false|false&#8220; custom_padding=&#8220;0px||0px||false|false&#8220; global_colors_info=&#8220;{}&#8220;][et_pb_row column_structure=&#8220;1_2,1_2&#8243; use_custom_gutter=&#8220;on&#8220; gutter_width=&#8220;1&#8243; make_equal=&#8220;on&#8220; admin_label=&#8220;Row&#8220; _builder_version=&#8220;4.16&#8243; _module_preset=&#8220;default&#8220; width=&#8220;100%&#8220; max_width=&#8220;100%&#8220; custom_margin=&#8220;0px||0px||false|false&#8220; custom_padding=&#8220;0px||0px||false|false&#8220; global_colors_info=&#8220;{}&#8220;][et_pb_column type=&#8220;1_2&#8243; _builder_version=&#8220;4.16&#8243; _module_preset=&#8220;default&#8220; background_image=&#8220;https:\/\/www.ursviken.com\/wp-content\/uploads\/2021\/12\/optima_pressBrake.0002-scaled.jpg&#8220; custom_css_main_element=&#8220;display: block!important;||min-height: 420px!important;&#8220; global_colors_info=&#8220;{}&#8220;][\/et_pb_column][et_pb_column type=&#8220;1_2&#8243; _builder_version=&#8220;4.16&#8243; _module_preset=&#8220;default&#8220; background_color=&#8220;#dedede&#8220; custom_padding=&#8220;5%|40px|5%|6.5%|false|false&#8220; custom_padding_tablet=&#8220;8%|40px|8%|8%|false|false&#8220; custom_padding_phone=&#8220;8%|40px|8%|8%|false|false&#8220; custom_padding_last_edited=&#8220;on|phone&#8220; global_colors_info=&#8220;{}&#8220;][et_pb_text _builder_version=&#8220;4.16&#8243; _module_preset=&#8220;default&#8220; header_font=&#8220;|300|||||||&#8220; header_2_font=&#8220;|300|||||||&#8220; header_2_font_size=&#8220;48px&#8220; header_font_size_tablet=&#8220;38px&#8220; header_font_size_phone=&#8220;36px&#8220; header_font_size_last_edited=&#8220;on|desktop&#8220; header_2_font_size_tablet=&#8220;44px&#8220; header_2_font_size_phone=&#8220;48px&#8220; header_2_font_size_last_edited=&#8220;on|phone&#8220; locked=&#8220;off&#8220; global_colors_info=&#8220;{}&#8220;]<\/p>\n<h1 class=\"symbol-first-line\">Individuell angepasste Pressen.<\/h1>\n<p>[\/et_pb_text][et_pb_text _builder_version=&#8220;4.16&#8243; _module_preset=&#8220;default&#8220; text_font_size=&#8220;18px&#8220; max_width=&#8220;480px&#8220; max_width_tablet=&#8220;&#8220; max_width_phone=&#8220;&#8220; max_width_last_edited=&#8220;on|phone&#8220; global_colors_info=&#8220;{}&#8220;]<\/p>\n<p>Optimieren Sie Ihre Produktion mit einer individuell angepassten Abkantpresse von Ursviken.<\/p>\n<p>Mit unserem weltweit f\u00fchrenden Know-how bei modernen Abkantpressen und ma\u00dfgeschneiderten automatisierten Produktionssystemen ist der Name Ursviken seit \u00fcber einem Jahrhundert ein Synonym f\u00fcr Innovation.<\/p>\n<p>[\/et_pb_text][et_pb_button button_url=&#8220;@ET-DC@eyJkeW5hbWljIjp0cnVlLCJjb250ZW50IjoicG9zdF9saW5rX3VybF9wYWdlIiwic2V0dGluZ3MiOnsicG9zdF9pZCI6IjUzMCJ9fQ==@&#8220; button_text=&#8220;Kontaktieren Sie unser Team&#8220; _builder_version=&#8220;4.16&#8243; _dynamic_attributes=&#8220;button_url&#8220; _module_preset=&#8220;default&#8220; button_text_size=&#8220;16px&#8220; global_colors_info=&#8220;{}&#8220;][\/et_pb_button][\/et_pb_column][\/et_pb_row][\/et_pb_section][et_pb_section fb_built=&#8220;1&#8243; _builder_version=&#8220;4.16&#8243; _module_preset=&#8220;default&#8220; global_colors_info=&#8220;{}&#8220;][et_pb_row _builder_version=&#8220;4.16&#8243; _module_preset=&#8220;default&#8220; custom_css_main_element=&#8220;text-align: center;&#8220; global_colors_info=&#8220;{}&#8220;][et_pb_column type=&#8220;4_4&#8243; _builder_version=&#8220;4.16&#8243; _module_preset=&#8220;default&#8220; global_colors_info=&#8220;{}&#8220;][et_pb_text content_tablet=&#8220;<\/p>\n<h2 class=%22symbol-first-line%22>Von Grund auf neugemacht.<br \/>\nAuf Ihre Bed\u00fcrfnisse zugeschnitten.<\/h2>\n<p>&#8220; content_phone=&#8220;<\/p>\n<h2 class=%22symbol-first-line%22>Von Grund auf neugemacht.<br \/>\nAuf Ihre Bed\u00fcrfnisse zugeschnitten.<\/h2>\n<p>&#8220; content_last_edited=&#8220;on|phone&#8220; _builder_version=&#8220;4.27.4&#8243; _module_preset=&#8220;default&#8220; header_2_text_color=&#8220;#058a8c&#8220; header_2_font_size=&#8220;48px&#8220; hover_enabled=&#8220;0&#8243; header_2_font_size_tablet=&#8220;38px&#8220; header_2_font_size_phone=&#8220;36px&#8220; header_2_font_size_last_edited=&#8220;on|phone&#8220; custom_css_main_element=&#8220;display: inline-block;&#8220; global_colors_info=&#8220;{}&#8220; sticky_enabled=&#8220;0&#8243;]<\/p>\n<h2 class=\"symbol-full-height\">Von Grund auf neugemacht.<br \/>Auf Ihre Bed\u00fcrfnisse zugeschnitten.<\/h2>\n<p>[\/et_pb_text][\/et_pb_column][\/et_pb_row][\/et_pb_section][et_pb_section fb_built=&#8220;1&#8243; _builder_version=&#8220;4.16&#8243; _module_preset=&#8220;default&#8220; custom_margin=&#8220;0px||0px||false|false&#8220; custom_padding=&#8220;0px||0px||false|false&#8220; global_colors_info=&#8220;{}&#8220;][et_pb_row column_structure=&#8220;1_2,1_2&#8243; use_custom_gutter=&#8220;on&#8220; gutter_width=&#8220;1&#8243; make_equal=&#8220;on&#8220; admin_label=&#8220;Row&#8220; _builder_version=&#8220;4.16&#8243; _module_preset=&#8220;default&#8220; width=&#8220;100%&#8220; max_width=&#8220;100%&#8220; custom_margin=&#8220;0px||0px||false|false&#8220; custom_padding=&#8220;0px||0px||false|false&#8220; global_colors_info=&#8220;{}&#8220;][et_pb_column type=&#8220;1_2&#8243; _builder_version=&#8220;4.16&#8243; _module_preset=&#8220;default&#8220; background_color=&#8220;#dedede&#8220; custom_padding=&#8220;5%|40px|5%|6.5%|false|false&#8220; custom_padding_tablet=&#8220;8%|8%|8%|40px|false|false&#8220; custom_padding_phone=&#8220;8%|8%|8%|40px|false|false&#8220; custom_padding_last_edited=&#8220;on|tablet&#8220; global_colors_info=&#8220;{}&#8220;][et_pb_text _builder_version=&#8220;4.16&#8243; _module_preset=&#8220;default&#8220; text_font_size=&#8220;18px&#8220; max_width=&#8220;480px&#8220; max_width_tablet=&#8220;&#8220; max_width_phone=&#8220;&#8220; max_width_last_edited=&#8220;on|tablet&#8220; module_alignment=&#8220;center&#8220; module_alignment_tablet=&#8220;left&#8220; module_alignment_phone=&#8220;left&#8220; module_alignment_last_edited=&#8220;on|phone&#8220; global_colors_info=&#8220;{}&#8220;]<\/p>\n<p>Ursviken entwickelt und produziert seit \u00fcber 135 Jahren Abkantpressen nach Ma\u00df.<\/p>\n<p>Jedes Unternehmen ist einzigartig, und das gilt auch f\u00fcr seine Bed\u00fcrfnisse. Um sicherzustellen, dass Ihr Unternehmen die richtige Ausr\u00fcstung bekommt, ist es am besten, wenn Sie sie individuell anpassen lassen.<\/p>\n<p>Bitte kontaktieren Sie uns und teilen Sie uns mit, was genau Sie f\u00fcr eine h\u00f6here Produktivit\u00e4t ben\u00f6tigen.<\/p>\n<p>[\/et_pb_text][\/et_pb_column][et_pb_column type=&#8220;1_2&#8243; _builder_version=&#8220;4.16&#8243; _module_preset=&#8220;default&#8220; background_image=&#8220;https:\/\/www.ursviken.com\/wp-content\/uploads\/2021\/11\/paul-pascale-hMOckSMkw6o-unsplash-1.jpeg&#8220; custom_css_main_element=&#8220;display: block!important;||min-height: 420px!important;&#8220; global_colors_info=&#8220;{}&#8220;][\/et_pb_column][\/et_pb_row][\/et_pb_section][et_pb_section fb_built=&#8220;1&#8243; disabled_on=&#8220;on|on|on&#8220; _builder_version=&#8220;4.16&#8243; _module_preset=&#8220;default&#8220; disabled=&#8220;on&#8220; locked=&#8220;off&#8220; global_colors_info=&#8220;{}&#8220;][et_pb_row column_structure=&#8220;1_3,2_3&#8243; _builder_version=&#8220;4.16&#8243; _module_preset=&#8220;default&#8220; custom_margin=&#8220;||80px||false|false&#8220; custom_margin_tablet=&#8220;||20px||false|false&#8220; custom_margin_phone=&#8220;||20px||false|false&#8220; custom_margin_last_edited=&#8220;on|tablet&#8220; custom_padding=&#8220;||0px||false|false&#8220; custom_css_main_element=&#8220;display: flex;||align-items: center;&#8220; locked=&#8220;off&#8220; global_colors_info=&#8220;{}&#8220; custom_css_main_element_last_edited=&#8220;on|phone&#8220; custom_css_main_element_phone=&#8220;display: flex;||align-items: center;||flex-direction: column-reverse;&#8220; custom_css_main_element_tablet=&#8220;display: flex;||flex-direction: column-reverse;&#8220;][et_pb_column type=&#8220;1_3&#8243; _builder_version=&#8220;4.16&#8243; _module_preset=&#8220;default&#8220; global_colors_info=&#8220;{}&#8220;][et_pb_text _builder_version=&#8220;4.16&#8243; _module_preset=&#8220;default&#8220; header_3_font_size=&#8220;36px&#8220; custom_margin_tablet=&#8220;||||false|false&#8220; custom_margin_phone=&#8220;||||false|false&#8220; custom_margin_last_edited=&#8220;on|tablet&#8220; global_colors_info=&#8220;{}&#8220;]<\/p>\n<h3 class=\"symbol-first-line\">Product.<\/h3>\n<p>[\/et_pb_text][et_pb_text _builder_version=&#8220;4.16&#8243; _module_preset=&#8220;default&#8220; global_colors_info=&#8220;{}&#8220;]<\/p>\n<p>If you&#8217;re in need of a small press brake but still place value in quality.<\/p>\n<p>[\/et_pb_text][et_pb_button button_text=&#8220;Read more&#8220; _builder_version=&#8220;4.16&#8243; _module_preset=&#8220;5eeb76c6-4286-418d-b9ff-46a6d4c1599e&#8220; global_colors_info=&#8220;{}&#8220;][\/et_pb_button][\/et_pb_column][et_pb_column type=&#8220;2_3&#8243; _builder_version=&#8220;4.16&#8243; _module_preset=&#8220;default&#8220; global_colors_info=&#8220;{}&#8220;][et_pb_image src=&#8220;https:\/\/www.ursviken.com\/wp-content\/uploads\/2021\/11\/OptiForm1.png&#8220; title_text=&#8220;OptiForm+1&#8243; align=&#8220;right&#8220; _builder_version=&#8220;4.16&#8243; _module_preset=&#8220;default&#8220; max_width=&#8220;740px&#8220; custom_margin_tablet=&#8220;||40px||false|false&#8220; custom_margin_phone=&#8220;||30px||false|false&#8220; custom_margin_last_edited=&#8220;on|phone&#8220; global_colors_info=&#8220;{}&#8220;][\/et_pb_image][\/et_pb_column][\/et_pb_row][et_pb_row column_structure=&#8220;2_3,1_3&#8243; _builder_version=&#8220;4.16&#8243; _module_preset=&#8220;default&#8220; custom_margin=&#8220;||80px||false|false&#8220; custom_margin_tablet=&#8220;||40px||false|false&#8220; custom_margin_phone=&#8220;||40px||false|false&#8220; custom_margin_last_edited=&#8220;on|phone&#8220; custom_padding=&#8220;||0px||false|false&#8220; custom_css_main_element=&#8220;display: flex;||align-items: center;&#8220; locked=&#8220;off&#8220; global_colors_info=&#8220;{}&#8220; custom_css_main_element_last_edited=&#8220;on|tablet&#8220; custom_css_main_element_phone=&#8220;display: flex;||align-items: center;||flex-direction: column;&#8220; custom_css_main_element_tablet=&#8220;display: flex;||flex-direction: column;&#8220;][et_pb_column type=&#8220;2_3&#8243; _builder_version=&#8220;4.16&#8243; _module_preset=&#8220;default&#8220; global_colors_info=&#8220;{}&#8220;][et_pb_image src=&#8220;https:\/\/www.ursviken.com\/wp-content\/uploads\/2021\/11\/OptiFlex2.png&#8220; title_text=&#8220;OptiFlex+2&#8243; _builder_version=&#8220;4.16&#8243; _module_preset=&#8220;default&#8220; max_width=&#8220;740px&#8220; custom_margin_tablet=&#8220;||10px||false|false&#8220; custom_margin_phone=&#8220;||||false|false&#8220; custom_margin_last_edited=&#8220;on|phone&#8220; global_colors_info=&#8220;{}&#8220;][\/et_pb_image][\/et_pb_column][et_pb_column type=&#8220;1_3&#8243; _builder_version=&#8220;4.16&#8243; _module_preset=&#8220;default&#8220; global_colors_info=&#8220;{}&#8220;][et_pb_text _builder_version=&#8220;4.16&#8243; _module_preset=&#8220;default&#8220; header_3_font_size=&#8220;36px&#8220; global_colors_info=&#8220;{}&#8220;]<\/p>\n<h3 class=\"symbol-first-line\">Product.<\/h3>\n<p>[\/et_pb_text][et_pb_text _builder_version=&#8220;4.16&#8243; _module_preset=&#8220;default&#8220; custom_padding=&#8220;0px|||||&#8220; global_colors_info=&#8220;{}&#8220;]<\/p>\n<p>A medium sized press brake with a huge number of options to suite a wide range of production requirements.<\/p>\n<p>[\/et_pb_text][et_pb_button button_text=&#8220;Read more&#8220; _builder_version=&#8220;4.16&#8243; _module_preset=&#8220;5eeb76c6-4286-418d-b9ff-46a6d4c1599e&#8220; global_colors_info=&#8220;{}&#8220;][\/et_pb_button][\/et_pb_column][\/et_pb_row][et_pb_row column_structure=&#8220;1_3,2_3&#8243; _builder_version=&#8220;4.16&#8243; _module_preset=&#8220;default&#8220; custom_margin=&#8220;||80px||false|false&#8220; custom_margin_tablet=&#8220;||20px||false|false&#8220; custom_margin_phone=&#8220;||20px||false|false&#8220; custom_margin_last_edited=&#8220;on|tablet&#8220; custom_padding=&#8220;||0px||false|false&#8220; custom_css_main_element=&#8220;display: flex;||align-items: center;&#8220; locked=&#8220;off&#8220; global_colors_info=&#8220;{}&#8220; custom_css_main_element_last_edited=&#8220;on|phone&#8220; custom_css_main_element_phone=&#8220;display: flex;||align-items: center;||flex-direction: column-reverse;&#8220; custom_css_main_element_tablet=&#8220;display: flex;||flex-direction: column-reverse;&#8220;][et_pb_column type=&#8220;1_3&#8243; _builder_version=&#8220;4.16&#8243; _module_preset=&#8220;default&#8220; global_colors_info=&#8220;{}&#8220;][et_pb_text _builder_version=&#8220;4.16&#8243; _module_preset=&#8220;default&#8220; header_3_font_size=&#8220;36px&#8220; global_colors_info=&#8220;{}&#8220;]<\/p>\n<h3 class=\"symbol-first-line\">Product.<\/h3>\n<p>[\/et_pb_text][et_pb_text _builder_version=&#8220;4.16&#8243; _module_preset=&#8220;default&#8220; global_colors_info=&#8220;{}&#8220;]<\/p>\n<p>When you need more power to produce longer pieces. Available in lengths larger than 20m in single version, even longer with tandem design.<\/p>\n<p>[\/et_pb_text][et_pb_button button_text=&#8220;Read more&#8220; _builder_version=&#8220;4.16&#8243; _module_preset=&#8220;5eeb76c6-4286-418d-b9ff-46a6d4c1599e&#8220; global_colors_info=&#8220;{}&#8220;][\/et_pb_button][\/et_pb_column][et_pb_column type=&#8220;2_3&#8243; _builder_version=&#8220;4.16&#8243; _module_preset=&#8220;default&#8220; global_colors_info=&#8220;{}&#8220;][et_pb_image src=&#8220;https:\/\/www.ursviken.com\/wp-content\/uploads\/2021\/11\/Optima32.png&#8220; title_text=&#8220;Optima+32&#8243; align=&#8220;right&#8220; _builder_version=&#8220;4.16&#8243; _module_preset=&#8220;default&#8220; max_width=&#8220;740px&#8220; custom_margin_tablet=&#8220;||40px||false|false&#8220; custom_margin_phone=&#8220;||30px||false|false&#8220; custom_margin_last_edited=&#8220;on|phone&#8220; global_colors_info=&#8220;{}&#8220;][\/et_pb_image][\/et_pb_column][\/et_pb_row][\/et_pb_section]<\/p>\n","protected":false},"excerpt":{"rendered":"<p>Individuell angepasste Pressen.Optimieren Sie Ihre Produktion mit einer individuell angepassten Abkantpresse von Ursviken. Mit unserem weltweit f\u00fchrenden Know-how bei modernen [&hellip;]<\/p>\n","protected":false},"author":2,"featured_media":0,"parent":0,"menu_order":0,"comment_status":"closed","ping_status":"closed","template":"","meta":{"_et_pb_use_builder":"on","_et_pb_old_content":"","_et_gb_content_width":"","_improvement_type_select":"improve_an_existing","_thumb_yes_seoaic":false,"_frame_yes_seoaic":false,"seoaic_generate_description":"","seoaic_improve_instructions_prompt":"","seoaic_rollback_content_improvement":"","seoaic_idea_thumbnail_generator":"","thumbnail_generated":false,"thumbnail_generate_prompt":"","seoaic_article_description":"","footnotes":""},"class_list":["post-1633","page","type-page","status-publish","hentry"],"yoast_head":"<!-- This site is optimized with the Yoast SEO plugin v27.5 - https:\/\/yoast.com\/product\/yoast-seo-wordpress\/ -->\n<title>Individuell angepasste Pressen. - Ursviken<\/title>\n<meta name=\"description\" content=\"Optimieren Sie Ihre Produktion mit einer individuell angepassten Abkantpresse von Ursviken. Von Grund auf neugemacht. Auf Ihre Bed\u00fcrfnisse zugeschnitten.\" \/>\n<meta name=\"robots\" content=\"index, follow, max-snippet:-1, max-image-preview:large, max-video-preview:-1\" \/>\n<link rel=\"canonical\" href=\"https:\/\/www.ursviken.com\/de\/individuell-angepasste-pressen\/\" \/>\n<meta property=\"og:locale\" content=\"de_DE\" \/>\n<meta property=\"og:type\" content=\"article\" \/>\n<meta property=\"og:title\" content=\"Individuell angepasste Pressen. - Ursviken\" \/>\n<meta property=\"og:description\" content=\"Optimieren Sie Ihre Produktion mit einer individuell angepassten Abkantpresse von Ursviken. Von Grund auf neugemacht. Auf Ihre Bed\u00fcrfnisse zugeschnitten.\" \/>\n<meta property=\"og:url\" content=\"https:\/\/www.ursviken.com\/de\/individuell-angepasste-pressen\/\" \/>\n<meta property=\"og:site_name\" content=\"Ursviken\" \/>\n<meta property=\"article:modified_time\" content=\"2025-08-27T09:34:13+00:00\" \/>\n<meta name=\"twitter:card\" content=\"summary_large_image\" \/>\n<meta name=\"twitter:label1\" content=\"Gesch\u00e4tzte Lesezeit\" \/>\n\t<meta name=\"twitter:data1\" content=\"7\u00a0Minuten\" \/>\n<script type=\"application\/ld+json\" class=\"yoast-schema-graph\">{\"@context\":\"https:\\\/\\\/schema.org\",\"@graph\":[{\"@type\":\"WebPage\",\"@id\":\"https:\\\/\\\/www.ursviken.com\\\/de\\\/individuell-angepasste-pressen\\\/\",\"url\":\"https:\\\/\\\/www.ursviken.com\\\/de\\\/individuell-angepasste-pressen\\\/\",\"name\":\"Individuell angepasste Pressen. - Ursviken\",\"isPartOf\":{\"@id\":\"https:\\\/\\\/www.ursviken.com\\\/de\\\/#website\"},\"datePublished\":\"2021-11-16T15:53:58+00:00\",\"dateModified\":\"2025-08-27T09:34:13+00:00\",\"description\":\"Optimieren Sie Ihre Produktion mit einer individuell angepassten Abkantpresse von Ursviken. Von Grund auf neugemacht. Auf Ihre Bed\u00fcrfnisse zugeschnitten.\",\"breadcrumb\":{\"@id\":\"https:\\\/\\\/www.ursviken.com\\\/de\\\/individuell-angepasste-pressen\\\/#breadcrumb\"},\"inLanguage\":\"de\",\"potentialAction\":[{\"@type\":\"ReadAction\",\"target\":[\"https:\\\/\\\/www.ursviken.com\\\/de\\\/individuell-angepasste-pressen\\\/\"]}]},{\"@type\":\"BreadcrumbList\",\"@id\":\"https:\\\/\\\/www.ursviken.com\\\/de\\\/individuell-angepasste-pressen\\\/#breadcrumb\",\"itemListElement\":[{\"@type\":\"ListItem\",\"position\":1,\"name\":\"Hem\",\"item\":\"https:\\\/\\\/www.ursviken.com\\\/de\\\/\"},{\"@type\":\"ListItem\",\"position\":2,\"name\":\"Individuell angepasste Pressen.\"}]},{\"@type\":\"WebSite\",\"@id\":\"https:\\\/\\\/www.ursviken.com\\\/de\\\/#website\",\"url\":\"https:\\\/\\\/www.ursviken.com\\\/de\\\/\",\"name\":\"Ursviken\",\"description\":\"\",\"potentialAction\":[{\"@type\":\"SearchAction\",\"target\":{\"@type\":\"EntryPoint\",\"urlTemplate\":\"https:\\\/\\\/www.ursviken.com\\\/de\\\/?s={search_term_string}\"},\"query-input\":{\"@type\":\"PropertyValueSpecification\",\"valueRequired\":true,\"valueName\":\"search_term_string\"}}],\"inLanguage\":\"de\"}]}<\/script>\n<!-- \/ Yoast SEO plugin. -->","yoast_head_json":{"title":"Individuell angepasste Pressen. - Ursviken","description":"Optimieren Sie Ihre Produktion mit einer individuell angepassten Abkantpresse von Ursviken. Von Grund auf neugemacht. Auf Ihre Bed\u00fcrfnisse zugeschnitten.","robots":{"index":"index","follow":"follow","max-snippet":"max-snippet:-1","max-image-preview":"max-image-preview:large","max-video-preview":"max-video-preview:-1"},"canonical":"https:\/\/www.ursviken.com\/de\/individuell-angepasste-pressen\/","og_locale":"de_DE","og_type":"article","og_title":"Individuell angepasste Pressen. - Ursviken","og_description":"Optimieren Sie Ihre Produktion mit einer individuell angepassten Abkantpresse von Ursviken. Von Grund auf neugemacht. Auf Ihre Bed\u00fcrfnisse zugeschnitten.","og_url":"https:\/\/www.ursviken.com\/de\/individuell-angepasste-pressen\/","og_site_name":"Ursviken","article_modified_time":"2025-08-27T09:34:13+00:00","twitter_card":"summary_large_image","twitter_misc":{"Gesch\u00e4tzte Lesezeit":"7\u00a0Minuten"},"schema":{"@context":"https:\/\/schema.org","@graph":[{"@type":"WebPage","@id":"https:\/\/www.ursviken.com\/de\/individuell-angepasste-pressen\/","url":"https:\/\/www.ursviken.com\/de\/individuell-angepasste-pressen\/","name":"Individuell angepasste Pressen. - Ursviken","isPartOf":{"@id":"https:\/\/www.ursviken.com\/de\/#website"},"datePublished":"2021-11-16T15:53:58+00:00","dateModified":"2025-08-27T09:34:13+00:00","description":"Optimieren Sie Ihre Produktion mit einer individuell angepassten Abkantpresse von Ursviken. Von Grund auf neugemacht. Auf Ihre Bed\u00fcrfnisse zugeschnitten.","breadcrumb":{"@id":"https:\/\/www.ursviken.com\/de\/individuell-angepasste-pressen\/#breadcrumb"},"inLanguage":"de","potentialAction":[{"@type":"ReadAction","target":["https:\/\/www.ursviken.com\/de\/individuell-angepasste-pressen\/"]}]},{"@type":"BreadcrumbList","@id":"https:\/\/www.ursviken.com\/de\/individuell-angepasste-pressen\/#breadcrumb","itemListElement":[{"@type":"ListItem","position":1,"name":"Hem","item":"https:\/\/www.ursviken.com\/de\/"},{"@type":"ListItem","position":2,"name":"Individuell angepasste Pressen."}]},{"@type":"WebSite","@id":"https:\/\/www.ursviken.com\/de\/#website","url":"https:\/\/www.ursviken.com\/de\/","name":"Ursviken","description":"","potentialAction":[{"@type":"SearchAction","target":{"@type":"EntryPoint","urlTemplate":"https:\/\/www.ursviken.com\/de\/?s={search_term_string}"},"query-input":{"@type":"PropertyValueSpecification","valueRequired":true,"valueName":"search_term_string"}}],"inLanguage":"de"}]}},"_links":{"self":[{"href":"https:\/\/www.ursviken.com\/de\/wp-json\/wp\/v2\/pages\/1633","targetHints":{"allow":["GET"]}}],"collection":[{"href":"https:\/\/www.ursviken.com\/de\/wp-json\/wp\/v2\/pages"}],"about":[{"href":"https:\/\/www.ursviken.com\/de\/wp-json\/wp\/v2\/types\/page"}],"author":[{"embeddable":true,"href":"https:\/\/www.ursviken.com\/de\/wp-json\/wp\/v2\/users\/2"}],"replies":[{"embeddable":true,"href":"https:\/\/www.ursviken.com\/de\/wp-json\/wp\/v2\/comments?post=1633"}],"version-history":[{"count":9,"href":"https:\/\/www.ursviken.com\/de\/wp-json\/wp\/v2\/pages\/1633\/revisions"}],"predecessor-version":[{"id":6717,"href":"https:\/\/www.ursviken.com\/de\/wp-json\/wp\/v2\/pages\/1633\/revisions\/6717"}],"wp:attachment":[{"href":"https:\/\/www.ursviken.com\/de\/wp-json\/wp\/v2\/media?parent=1633"}],"curies":[{"name":"wp","href":"https:\/\/api.w.org\/{rel}","templated":true}]}}